{"id":761001,"date":"2025-08-28T09:24:02","date_gmt":"2025-08-28T06:24:02","guid":{"rendered":"https:\/\/roveyayinevi.com.tr\/index.php\/urun\/yetersiz-varis-ciltli\/"},"modified":"2026-04-16T03:13:39","modified_gmt":"2026-04-16T00:13:39","slug":"yetersiz-varis-ciltli","status":"publish","type":"product","link":"https:\/\/roveyayinevi.com.tr\/index.php\/urun\/yetersiz-varis-ciltli\/","title":{"rendered":"Yetersiz Varis (Ciltli)"},"content":{"rendered":"<p>Bir imparatorlu\u011fun v\u00e2risi olarak yeti\u015ftirilen Zarrah\u2019\u0131 motive eden iki ger\u00e7ek vard\u0131. Annesi Veliant ailesi taraf\u0131ndan \u00f6ld\u00fcr\u00fclm\u00fc\u015ft\u00fc ve pe\u015finde ko\u015ftu\u011fu intikamla her birini mezara sokacakt\u0131. Maridrina ve Valcotta aras\u0131nda nesiller boyunca s\u00fcren Sonsuz Sava\u015f, onun halk\u0131ndan binlercesini \u00f6ld\u00fcrm\u00fc\u015f ve say\u0131s\u0131z insan\u0131 yetim b\u0131rakm\u0131\u015ft\u0131. Bu y\u00fczden tart\u0131\u015fmal\u0131 Nerastis \u015fehrinin komutas\u0131na atand\u0131\u011f\u0131nda kar\u015f\u0131s\u0131na \u00e7\u0131kan d\u00fc\u015fmanlar\u0131 yok etmek i\u00e7in ne gerekiyorsa yapmaya haz\u0131rd\u0131. Onlara \u00f6nderlik eden Veliant Prensi\u2019ni \u00f6ld\u00fcrmek de buna dahildi. Buna ra\u011fmen, tesad\u00fcfen kar\u015f\u0131la\u015f\u0131p her gece bulu\u015fmaya devam etti\u011fi isimsiz Maridrinal\u0131 bir adam\u0131n kollar\u0131nda hem tutkuyu hem de ortak bir ama\u00e7 ger\u00e7ekle\u015ftirme ihtimalini ke\u015ffetmi\u015fti. \u0130simsiz adamla birlikte ge\u00e7irdi\u011fi anlar sayesinde uygulad\u0131\u011f\u0131 \u015fiddetin adalet mi, yoksa su\u00e7 mu oldu\u011funu sorgulamaya ba\u015flam\u0131\u015ft\u0131. Ancak ger\u00e7ek kimliklerin ortaya \u00e7\u0131kmas\u0131, verilmesi gereken \u00e7ok \u00f6nemli bir karar\u0131 da beraberinde getirmi\u015fti. Zarrah kar\u015f\u0131s\u0131na \u00e7\u0131kan bar\u0131\u015f \u015fans\u0131n\u0131 kucaklamay\u0131 m\u0131, yoksa sava\u015f davullar\u0131na do\u011fru y\u00fcr\u00fcmeyi mi se\u00e7ecekti?<\/p>\n","protected":false},"excerpt":{"rendered":"<p>Bir imparatorlu\u011fun v\u00e2risi olarak yeti\u015ftirilen Zarrah\u2019\u0131 motive eden iki ger\u00e7ek vard\u0131. Annesi Veliant ailesi taraf\u0131ndan \u00f6ld\u00fcr\u00fclm\u00fc\u015ft\u00fc ve pe\u015finde ko\u015ftu\u011fu intikamla her birini mezara sokacakt\u0131. Maridrina ve<span class=\"excerpt-hellip\"> [\u2026]<\/span><\/p>\n","protected":false},"featured_media":0,"template":"","meta":{"_monsterinsights_skip_tracking":false,"_monsterinsights_sitenote_active":false,"_monsterinsights_sitenote_note":"","_monsterinsights_sitenote_category":0},"product_brand":[],"product_cat":[12291,14777],"product_tag":[],"class_list":{"0":"post-761001","1":"product","2":"type-product","3":"status-publish","5":"product_cat-edebiyat","6":"product_cat-fantastik","7":"pa_cilt-ciltli","8":"pa_tur-kitap","9":"pa_yayinevi-marti-yayinlari","10":"pa_yazar-danielle-l-jensen","12":"first","13":"instock","14":"sale","15":"shipping-taxable","16":"purchasable","17":"product-type-simple"},"_links":{"self":[{"href":"https:\/\/roveyayinevi.com.tr\/index.php\/wp-json\/wp\/v2\/product\/761001","targetHints":{"allow":["GET"]}}],"collection":[{"href":"https:\/\/roveyayinevi.com.tr\/index.php\/wp-json\/wp\/v2\/product"}],"about":[{"href":"https:\/\/roveyayinevi.com.tr\/index.php\/wp-json\/wp\/v2\/types\/product"}],"wp:attachment":[{"href":"https:\/\/roveyayinevi.com.tr\/index.php\/wp-json\/wp\/v2\/media?parent=761001"}],"wp:term":[{"taxonomy":"product_brand","embeddable":true,"href":"https:\/\/roveyayinevi.com.tr\/index.php\/wp-json\/wp\/v2\/product_brand?post=761001"},{"taxonomy":"product_cat","embeddable":true,"href":"https:\/\/roveyayinevi.com.tr\/index.php\/wp-json\/wp\/v2\/product_cat?post=761001"},{"taxonomy":"product_tag","embeddable":true,"href":"https:\/\/roveyayinevi.com.tr\/index.php\/wp-json\/wp\/v2\/product_tag?post=761001"}],"curies":[{"name":"wp","href":"https:\/\/api.w.org\/{rel}","templated":true}]}}