{"id":761000,"date":"2025-08-28T09:24:01","date_gmt":"2025-08-28T06:24:01","guid":{"rendered":"https:\/\/roveyayinevi.com.tr\/index.php\/urun\/oze-donus-terapisi\/"},"modified":"2026-04-16T03:13:39","modified_gmt":"2026-04-16T00:13:39","slug":"oze-donus-terapisi","status":"publish","type":"product","link":"https:\/\/roveyayinevi.com.tr\/index.php\/urun\/oze-donus-terapisi\/","title":{"rendered":"\u00d6ze D\u00f6n\u00fc\u015f Terapisi"},"content":{"rendered":"<p>Ya\u015fad\u0131\u011f\u0131m\u0131z \u00e7a\u011fda hayat\u0131n anlam\u0131 \u00fczerine o kadar yanl\u0131\u015f terc\u00fcmeler yap\u0131ld\u0131 ki kafalar karmakar\u0131\u015f\u0131k oldu. Kavramlar\u0131n terc\u00fcmesi yanl\u0131\u015f yap\u0131l\u0131nca da mutsuzluk ve de\u011fersizlik hissiyle ba\u015f etmeye \u00e7al\u0131\u015fan insanlar\u0131n say\u0131s\u0131 h\u0131zla artt\u0131. Mutlu insan i\u00e7in \u00e7izilen resimlerdeki kli\u015fe sahneler zihnimize \u00f6yle bir kaz\u0131nd\u0131 ki varl\u0131\u011f\u0131m\u0131z\u0131 bu resimlere uydurmak i\u00e7in kendimizden vazge\u00e7tik, yine de ruhumuz doymuyor. S\u0131radan kelimesi \u00f6yle bir yerin dibine bat\u0131r\u0131ld\u0131 ki herkes farkl\u0131 olmak u\u011fruna aksesuar av\u0131na \u00e7\u0131kt\u0131. Art\u0131k ba\u015far\u0131 \u00f6zge\u00e7mi\u015fteki sat\u0131r say\u0131s\u0131yla, mutluluk sosyal medyada payla\u015f\u0131lan kurgu foto\u011fraflarla \u00f6l\u00e7\u00fcl\u00fcyor.Bu arada farkl\u0131 olmak i\u00e7in \u00e7aba sarf etmeyip kendisine bah\u015fedilen hayat\u0131 do\u011fru d\u00fcr\u00fcst ya\u015famaya \u00e7al\u0131\u015fanlar da var elbette. Reklam yapmadan, g\u00fcr\u00fclt\u00fc \u00e7\u0131karmadan sessiz sedas\u0131z ya\u015fay\u0131p gidiyorlar yan\u0131 ba\u015f\u0131m\u0131zda&#8230; Kalabal\u0131klar hi\u00e7 durmadan \u00f6n plana \u00e7\u0131kmaya \u00e7al\u0131\u015f\u0131rken onlar duruyorlar. Hayat\u0131n karga\u015fas\u0131 i\u00e7inde bir duru\u015f sahibi olmay\u0131 unutanlara inat, her t\u00fcrl\u00fc f\u0131rt\u0131naya kar\u015f\u0131 bir yel de\u011firmeni gibi sapasa\u011flam hem de&#8230;Bu kitap i\u015fte bunca g\u00fcr\u00fclt\u00fcn\u00fcn ve karga\u015fan\u0131n ortas\u0131nda meselenin \u00f6z\u00fcn\u00fc fark edelim, mutlulu\u011fun resmini \u00e7izebilelim, y\u00fcre\u011fimizin g\u00f6t\u00fcrd\u00fc\u011f\u00fc yerden d\u00f6n\u00fcp kendimize gelelim diye yaz\u0131ld\u0131.<\/p>\n","protected":false},"excerpt":{"rendered":"<p>Ya\u015fad\u0131\u011f\u0131m\u0131z \u00e7a\u011fda hayat\u0131n anlam\u0131 \u00fczerine o kadar yanl\u0131\u015f terc\u00fcmeler yap\u0131ld\u0131 ki kafalar karmakar\u0131\u015f\u0131k oldu. Kavramlar\u0131n terc\u00fcmesi yanl\u0131\u015f yap\u0131l\u0131nca da mutsuzluk ve de\u011fersizlik hissiyle ba\u015f etmeye \u00e7al\u0131\u015fan<span class=\"excerpt-hellip\"> [\u2026]<\/span><\/p>\n","protected":false},"featured_media":0,"template":"","meta":{"_monsterinsights_skip_tracking":false,"_monsterinsights_sitenote_active":false,"_monsterinsights_sitenote_note":"","_monsterinsights_sitenote_category":0},"product_brand":[],"product_cat":[12364,12376],"product_tag":[],"class_list":{"0":"post-761000","1":"product","2":"type-product","3":"status-publish","5":"product_cat-genel-konular","6":"product_cat-kisisel-gelisim","7":"pa_cilt-ciltsiz","8":"pa_tur-kitap","9":"pa_yayinevi-timas-yayinlari","10":"pa_yazar-salih-uyan","12":"first","13":"instock","14":"sale","15":"shipping-taxable","16":"purchasable","17":"product-type-simple"},"_links":{"self":[{"href":"https:\/\/roveyayinevi.com.tr\/index.php\/wp-json\/wp\/v2\/product\/761000","targetHints":{"allow":["GET"]}}],"collection":[{"href":"https:\/\/roveyayinevi.com.tr\/index.php\/wp-json\/wp\/v2\/product"}],"about":[{"href":"https:\/\/roveyayinevi.com.tr\/index.php\/wp-json\/wp\/v2\/types\/product"}],"wp:attachment":[{"href":"https:\/\/roveyayinevi.com.tr\/index.php\/wp-json\/wp\/v2\/media?parent=761000"}],"wp:term":[{"taxonomy":"product_brand","embeddable":true,"href":"https:\/\/roveyayinevi.com.tr\/index.php\/wp-json\/wp\/v2\/product_brand?post=761000"},{"taxonomy":"product_cat","embeddable":true,"href":"https:\/\/roveyayinevi.com.tr\/index.php\/wp-json\/wp\/v2\/product_cat?post=761000"},{"taxonomy":"product_tag","embeddable":true,"href":"https:\/\/roveyayinevi.com.tr\/index.php\/wp-json\/wp\/v2\/product_tag?post=761000"}],"curies":[{"name":"wp","href":"https:\/\/api.w.org\/{rel}","templated":true}]}}