{"id":760998,"date":"2025-08-28T09:23:58","date_gmt":"2025-08-28T06:23:58","guid":{"rendered":"https:\/\/roveyayinevi.com.tr\/index.php\/urun\/disney-mulanin-macera-gunlugu-sirlar-sarayi\/"},"modified":"2026-04-16T03:13:39","modified_gmt":"2026-04-16T00:13:39","slug":"disney-mulanin-macera-gunlugu-sirlar-sarayi","status":"publish","type":"product","link":"https:\/\/roveyayinevi.com.tr\/index.php\/urun\/disney-mulanin-macera-gunlugu-sirlar-sarayi\/","title":{"rendered":"Disney Mulan\u2019\u0131n Macera G\u00fcnl\u00fc\u011f\u00fc \u2013 S\u0131rlar Saray\u0131"},"content":{"rendered":"<p>Macera G\u00fcnl\u00fckleri serisi, Disney\u2019in en sevilen prenseslerine yeni bir bak\u0131\u015f a\u00e7\u0131s\u0131 sunuyor. Bu kitap, \u00e7ocuklar\u0131n\u0131z\u0131n hayal g\u00fcc\u00fcn\u00fc zenginle\u015ftirirken onlar\u0131n okul \u00f6nceki kitaplar\u0131ndan kendi ba\u015flar\u0131na rahatl\u0131kla okuyabilecekleri kitaplara ge\u00e7i\u015f yapmalar\u0131n\u0131 sa\u011flayacak. \u00c7ocuklar\u0131n en sevdikleri karakterlere yer veren bu \u00e7izgi roman, 8-12 ya\u015f aras\u0131 \u00e7ocuklar i\u00e7in m\u00fckemmel bir ge\u00e7i\u015f kitab\u0131d\u0131r.   Bu kitapta Prenses Mulan, bir kez daha imparatorun hayat\u0131n\u0131 kurtarmak i\u00e7in bir maceraya at\u0131l\u0131yor. \u00dcstelik bu sefer d\u00fc\u015fman g\u00f6r\u00fcnmez! Fakat Mulan\u2019\u0131n kar\u015f\u0131s\u0131ndaki tek engel, g\u00f6r\u00fcnmez bir d\u00fc\u015fman de\u011fil. Ayn\u0131 zamanda onun \u00fczerine y\u00fcklenen saray kurallar\u0131 ve beklentileriyle de ba\u015f etmek zorunda. Mulan t\u00fcm bu zorluklar\u0131n \u00fcst\u00fcnden gelip bir kez daha imparatorun hayat\u0131n\u0131 kurtarabilecek mi? \u00c7ocuklar\u0131n\u0131z, tamam\u0131 renkli panellerle heyecanl\u0131 bir maceraya at\u0131lmakla kalmayacak, ayn\u0131 zamanda Mulan\u2019\u0131n g\u00fcnl\u00fc\u011f\u00fcnden al\u0131nm\u0131\u015f sayfalar sayesinde g\u00fcnl\u00fck tutman\u0131n yararlar\u0131n\u0131 da ke\u015ffedecekler.   Serinin Di\u011fer Kitaplar\u0131n\u0131 Ka\u00e7\u0131rmay\u0131n: &#8211;          Harlem\u2019in Sihri &#8211;          Deniz Cad\u0131lar\u0131n\u0131n Laneti &#8211;          Saray Duvarlar\u0131n\u0131n Ard\u0131nda <\/p>\n","protected":false},"excerpt":{"rendered":"<p>Macera G\u00fcnl\u00fckleri serisi, Disney\u2019in en sevilen prenseslerine yeni bir bak\u0131\u015f a\u00e7\u0131s\u0131 sunuyor. Bu kitap, \u00e7ocuklar\u0131n\u0131z\u0131n hayal g\u00fcc\u00fcn\u00fc zenginle\u015ftirirken onlar\u0131n okul \u00f6nceki kitaplar\u0131ndan kendi ba\u015flar\u0131na rahatl\u0131kla okuyabilecekleri<span class=\"excerpt-hellip\"> [\u2026]<\/span><\/p>\n","protected":false},"featured_media":0,"template":"","meta":{"_monsterinsights_skip_tracking":false,"_monsterinsights_sitenote_active":false,"_monsterinsights_sitenote_note":"","_monsterinsights_sitenote_category":0},"product_brand":[],"product_cat":[12689,12274],"product_tag":[],"class_list":{"0":"post-760998","1":"product","2":"type-product","3":"status-publish","5":"product_cat-cizgi-roman-cocuk-ve-genclik-kitaplari","6":"product_cat-cocuk-ve-genclik-kitaplari","7":"pa_cilt-ciltsiz","8":"pa_tur-kitap","9":"pa_yayinevi-beta-kids","10":"pa_yazar-rhona-cleary","12":"first","13":"instock","14":"sale","15":"shipping-taxable","16":"purchasable","17":"product-type-simple"},"_links":{"self":[{"href":"https:\/\/roveyayinevi.com.tr\/index.php\/wp-json\/wp\/v2\/product\/760998","targetHints":{"allow":["GET"]}}],"collection":[{"href":"https:\/\/roveyayinevi.com.tr\/index.php\/wp-json\/wp\/v2\/product"}],"about":[{"href":"https:\/\/roveyayinevi.com.tr\/index.php\/wp-json\/wp\/v2\/types\/product"}],"wp:attachment":[{"href":"https:\/\/roveyayinevi.com.tr\/index.php\/wp-json\/wp\/v2\/media?parent=760998"}],"wp:term":[{"taxonomy":"product_brand","embeddable":true,"href":"https:\/\/roveyayinevi.com.tr\/index.php\/wp-json\/wp\/v2\/product_brand?post=760998"},{"taxonomy":"product_cat","embeddable":true,"href":"https:\/\/roveyayinevi.com.tr\/index.php\/wp-json\/wp\/v2\/product_cat?post=760998"},{"taxonomy":"product_tag","embeddable":true,"href":"https:\/\/roveyayinevi.com.tr\/index.php\/wp-json\/wp\/v2\/product_tag?post=760998"}],"curies":[{"name":"wp","href":"https:\/\/api.w.org\/{rel}","templated":true}]}}