{"id":760997,"date":"2025-08-28T09:23:56","date_gmt":"2025-08-28T06:23:56","guid":{"rendered":"https:\/\/roveyayinevi.com.tr\/index.php\/urun\/disney-arielin-macera-gunlugu-deniz-cadilarinin-laneti\/"},"modified":"2026-04-16T03:13:39","modified_gmt":"2026-04-16T00:13:39","slug":"disney-arielin-macera-gunlugu-deniz-cadilarinin-laneti","status":"publish","type":"product","link":"https:\/\/roveyayinevi.com.tr\/index.php\/urun\/disney-arielin-macera-gunlugu-deniz-cadilarinin-laneti\/","title":{"rendered":"Disney Ariel\u2019in Macera G\u00fcnl\u00fc\u011f\u00fc \u2013 Deniz Cad\u0131lar\u0131n\u0131n Laneti"},"content":{"rendered":"<p>Macera G\u00fcnl\u00fckleri serisi, Disney\u2019in en sevilen prenseslerine yeni bir bak\u0131\u015f a\u00e7\u0131s\u0131 sunuyor. Bu kitap, \u00e7ocuklar\u0131n\u0131z\u0131n hayal g\u00fcc\u00fcn\u00fc zenginle\u015ftirirken onlar\u0131n okul \u00f6nceki kitaplar\u0131ndan kendi ba\u015flar\u0131na rahatl\u0131kla okuyabilecekleri kitaplara ge\u00e7i\u015f yapmalar\u0131n\u0131 sa\u011flayacak. \u00c7ocuklar\u0131n en sevdikleri karakterlere yer veren bu \u00e7izgi roman, 8-12 ya\u015f aras\u0131 \u00e7ocuklar i\u00e7in m\u00fckemmel bir ge\u00e7i\u015f kitab\u0131d\u0131r.   Ariel\u2019in g\u00fcnl\u00fc\u011f\u00fcnden sayfalar\u0131 da g\u00f6rebilece\u011finiz bu yeni \u00e7izgi roman maceras\u0131, K\u00fc\u00e7\u00fck Denizk\u0131z\u0131 hik\u00e2yesinin ana karakteri Prenses Ariel\u2019in maceras\u0131n\u0131 anlat\u0131yor. Ariel, yeni bir liman\u0131n yap\u0131m\u0131n\u0131 denetlemek i\u00e7in Prens Eric ile birlikte kutuplara do\u011fru bir yolculu\u011fa \u00e7\u0131k\u0131yor. Fakat Ariel, bu projenin resifleri ve orada ya\u015fayan deniz k\u0131zlar\u0131n\u0131 tehdit etti\u011fini \u00f6\u011freniyor. \u015eimdi onlar\u0131 kurtarmak ve insanlar ile deniz k\u0131zlar\u0131 aras\u0131ndaki bar\u0131\u015f\u0131 sa\u011flamak Prenses Ariel\u2019in elinde. \u00c7ocuklar\u0131n\u0131z, bu macerada ayr\u0131ca g\u00fcnl\u00fck yazman\u0131n yararlar\u0131n\u0131 da ke\u015ffedecek ve kendi maceralar\u0131n\u0131 kaleme almak i\u00e7in sab\u0131rs\u0131zlanacaklar.   Serinin Di\u011fer Kitaplar\u0131n\u0131 Ka\u00e7\u0131rmay\u0131n: \u00b7         Harlem\u2019in Sihri \u00b7         S\u0131rlar Saray\u0131 \u00b7         Saray Duvarlar\u0131n\u0131n Ard\u0131nda <\/p>\n","protected":false},"excerpt":{"rendered":"<p>Macera G\u00fcnl\u00fckleri serisi, Disney\u2019in en sevilen prenseslerine yeni bir bak\u0131\u015f a\u00e7\u0131s\u0131 sunuyor. Bu kitap, \u00e7ocuklar\u0131n\u0131z\u0131n hayal g\u00fcc\u00fcn\u00fc zenginle\u015ftirirken onlar\u0131n okul \u00f6nceki kitaplar\u0131ndan kendi ba\u015flar\u0131na rahatl\u0131kla okuyabilecekleri<span class=\"excerpt-hellip\"> [\u2026]<\/span><\/p>\n","protected":false},"featured_media":0,"template":"","meta":{"_monsterinsights_skip_tracking":false,"_monsterinsights_sitenote_active":false,"_monsterinsights_sitenote_note":"","_monsterinsights_sitenote_category":0},"product_brand":[],"product_cat":[12689,12274],"product_tag":[],"class_list":{"0":"post-760997","1":"product","2":"type-product","3":"status-publish","5":"product_cat-cizgi-roman-cocuk-ve-genclik-kitaplari","6":"product_cat-cocuk-ve-genclik-kitaplari","7":"pa_cilt-ciltsiz","8":"pa_tur-kitap","9":"pa_yayinevi-beta-kids","10":"pa_yazar-rhona-cleary","12":"first","13":"instock","14":"sale","15":"shipping-taxable","16":"purchasable","17":"product-type-simple"},"_links":{"self":[{"href":"https:\/\/roveyayinevi.com.tr\/index.php\/wp-json\/wp\/v2\/product\/760997","targetHints":{"allow":["GET"]}}],"collection":[{"href":"https:\/\/roveyayinevi.com.tr\/index.php\/wp-json\/wp\/v2\/product"}],"about":[{"href":"https:\/\/roveyayinevi.com.tr\/index.php\/wp-json\/wp\/v2\/types\/product"}],"wp:attachment":[{"href":"https:\/\/roveyayinevi.com.tr\/index.php\/wp-json\/wp\/v2\/media?parent=760997"}],"wp:term":[{"taxonomy":"product_brand","embeddable":true,"href":"https:\/\/roveyayinevi.com.tr\/index.php\/wp-json\/wp\/v2\/product_brand?post=760997"},{"taxonomy":"product_cat","embeddable":true,"href":"https:\/\/roveyayinevi.com.tr\/index.php\/wp-json\/wp\/v2\/product_cat?post=760997"},{"taxonomy":"product_tag","embeddable":true,"href":"https:\/\/roveyayinevi.com.tr\/index.php\/wp-json\/wp\/v2\/product_tag?post=760997"}],"curies":[{"name":"wp","href":"https:\/\/api.w.org\/{rel}","templated":true}]}}