{"id":760990,"date":"2025-08-28T09:23:43","date_gmt":"2025-08-28T06:23:43","guid":{"rendered":"https:\/\/roveyayinevi.com.tr\/index.php\/urun\/ambriel\/"},"modified":"2026-04-16T03:13:39","modified_gmt":"2026-04-16T00:13:39","slug":"ambriel","status":"publish","type":"product","link":"https:\/\/roveyayinevi.com.tr\/index.php\/urun\/ambriel\/","title":{"rendered":"Ambriel"},"content":{"rendered":"<p>Ruhum zifiri sonsuz karanl\u0131\u011f\u0131n ortas\u0131nda derin bir bo\u015flukta So\u011fuk ve sessiz\u2026 Ya\u015fan\u0131lan sava\u015f\u0131n kal\u0131nt\u0131lar\u0131 b\u00fcy\u00fck izler b\u0131rakt\u0131 B\u00fcy\u00fck bir enkaz\u0131n k\u00fclleri havada u\u00e7u\u015fuyor. Y\u0131k\u0131lm\u0131\u015f parampar\u00e7a bir boyut, \u00e7atlaklar\u0131n aras\u0131ndan kan s\u0131zd\u0131r\u0131yor\u2026 Ve kan her yerde\u2026 \u00d6fkeli ve yaln\u0131z, grinin i\u00e7erisindeki beyaz Ya\u015fam ve \u00f6l\u00fcm\u2026 Bilinmezli\u011fin i\u00e7erisindeki sonsuz bekleyi\u015f Ve elimdeki tek g\u00fc\u00e7 umut.   ***   Her gece g\u00f6zlerinizi kapatt\u0131\u011f\u0131n\u0131zda \u00e7\u0131\u011fl\u0131klar i\u00e7erisinde korkuyla uyand\u0131\u011f\u0131n\u0131z oldu mu? Ruhunuzu ve benli\u011finizi karanl\u0131k kaplam\u0131\u015fken ayd\u0131nl\u0131\u011fa ad\u0131m atmaya cesaretiniz var m\u0131? Elinizden tutan bir adam, size kabuslar\u0131n\u0131z\u0131 unutturabilir mi? Cehennem zebanileri pe\u015finizdeyken bir peri masal\u0131 ya\u015fayabilir misiniz?   \u0130\u015fte t\u00fcm bu bilinmezli\u011fin ortas\u0131nda kalm\u0131\u015f b\u00fcy\u00fcleyici sonsuz bir a\u015fk\u2026 Sizce g\u00f6ky\u00fcz\u00fcnden yery\u00fcz\u00fcne d\u00fc\u015fen kanats\u0131z kahramanlar\u0131m\u0131z mutlulu\u011fa kavu\u015fabilecekler mi? Se\u00e7tikleri bu yeni yolda onlar\u0131 neler bekliyor? Neria ve Raphael g\u00fc\u00e7lerini birle\u015ftirerek karanl\u0131\u011f\u0131 ayd\u0131nl\u0131\u011fa \u00e7evirebilecekler mi?   ***   Ece \u00c7inler&#8217;in kaleme ald\u0131\u011f\u0131 serinin devam\u0131 olan Amriel 3&#8217;de heyecan son h\u0131z\u0131yla devam ediyor\u2026<\/p>\n","protected":false},"excerpt":{"rendered":"<p>Ruhum zifiri sonsuz karanl\u0131\u011f\u0131n ortas\u0131nda derin bir bo\u015flukta So\u011fuk ve sessiz\u2026 Ya\u015fan\u0131lan sava\u015f\u0131n kal\u0131nt\u0131lar\u0131 b\u00fcy\u00fck izler b\u0131rakt\u0131 B\u00fcy\u00fck bir enkaz\u0131n k\u00fclleri havada u\u00e7u\u015fuyor. Y\u0131k\u0131lm\u0131\u015f parampar\u00e7a bir<span class=\"excerpt-hellip\"> [\u2026]<\/span><\/p>\n","protected":false},"featured_media":0,"template":"","meta":{"_monsterinsights_skip_tracking":false,"_monsterinsights_sitenote_active":false,"_monsterinsights_sitenote_note":"","_monsterinsights_sitenote_category":0},"product_brand":[],"product_cat":[12291,14777],"product_tag":[],"class_list":{"0":"post-760990","1":"product","2":"type-product","3":"status-publish","5":"product_cat-edebiyat","6":"product_cat-fantastik","7":"pa_cilt-ciltsiz","8":"pa_tur-kitap","9":"pa_yayinevi-perseus","10":"pa_yazar-ece-cinler","12":"first","13":"instock","14":"sale","15":"shipping-taxable","16":"purchasable","17":"product-type-simple"},"_links":{"self":[{"href":"https:\/\/roveyayinevi.com.tr\/index.php\/wp-json\/wp\/v2\/product\/760990","targetHints":{"allow":["GET"]}}],"collection":[{"href":"https:\/\/roveyayinevi.com.tr\/index.php\/wp-json\/wp\/v2\/product"}],"about":[{"href":"https:\/\/roveyayinevi.com.tr\/index.php\/wp-json\/wp\/v2\/types\/product"}],"wp:attachment":[{"href":"https:\/\/roveyayinevi.com.tr\/index.php\/wp-json\/wp\/v2\/media?parent=760990"}],"wp:term":[{"taxonomy":"product_brand","embeddable":true,"href":"https:\/\/roveyayinevi.com.tr\/index.php\/wp-json\/wp\/v2\/product_brand?post=760990"},{"taxonomy":"product_cat","embeddable":true,"href":"https:\/\/roveyayinevi.com.tr\/index.php\/wp-json\/wp\/v2\/product_cat?post=760990"},{"taxonomy":"product_tag","embeddable":true,"href":"https:\/\/roveyayinevi.com.tr\/index.php\/wp-json\/wp\/v2\/product_tag?post=760990"}],"curies":[{"name":"wp","href":"https:\/\/api.w.org\/{rel}","templated":true}]}}