{"id":760987,"date":"2025-08-28T09:23:40","date_gmt":"2025-08-28T06:23:40","guid":{"rendered":"https:\/\/roveyayinevi.com.tr\/index.php\/urun\/kalbin-sifasi\/"},"modified":"2026-04-11T03:24:06","modified_gmt":"2026-04-11T00:24:06","slug":"kalbin-sifasi","status":"publish","type":"product","link":"https:\/\/roveyayinevi.com.tr\/index.php\/urun\/kalbin-sifasi\/","title":{"rendered":"Kalbin \u015eifas\u0131"},"content":{"rendered":"<p>D\u00fcnyaca \u00fcnl\u00fc bir davet\u00e7i ve ba\u015fta gen\u00e7ler olmak \u00fczere \u00e7ok geni\u015f bir kitleye manevi ve ruhsal geli\u015fimi \u0130slam perspektifinden anlatan bir konu\u015fmac\u0131 olan Yasmin Mogahed Kalbin \u015eifas\u0131\u2019nda hayat\u0131n zincirlerinden kurtulmaya dair i\u00e7g\u00f6r\u00fcler kazand\u0131ran bir bak\u0131\u015f a\u00e7\u0131s\u0131 sunuyor. Kalbimizi ba\u011flad\u0131\u011f\u0131m\u0131z \u201c\u015feyler\u201d, insan\u0131n maneviyat\u0131n\u0131 sabote eder boyuta ge\u00e7en a\u015fk duygusu, hayat\u0131n getirdi\u011fi imtihanlar, Yarat\u0131c\u0131m\u0131zla kurdu\u011fumuz ili\u015fki, kad\u0131nlara k\u00fclt\u00fcrel olarak y\u00fcklenen ekstra zorluklar gibi temalar \u00fczerinden bir fark\u0131ndal\u0131k olu\u015fturuyor.Kalbin \u015eifas\u0131 yaln\u0131zca bir ki\u015fisel geli\u015fim kitab\u0131 de\u011fil, ayn\u0131 zamanda kalbin yolculu\u011funa dair bir rehber. Hayat\u0131 bir okyanusa benzeten Mogahed, kalbinizi bu okyanusun derinliklerine batmaktan nas\u0131l koruyaca\u011f\u0131n\u0131z\u0131 ve batarsan\u0131z ne yapman\u0131z gerekti\u011fini anlat\u0131yor. Kurtulu\u015f, umut ve yenilenmeden bahsediyor. Her kalp iyile\u015febilir ve ya\u015fad\u0131\u011f\u0131m\u0131z her an bizi, hayat\u0131m\u0131z\u0131 de\u011fi\u015ftirecek o d\u00f6n\u00fc\u015fe yakla\u015ft\u0131rmak i\u00e7in yarat\u0131lm\u0131\u015ft\u0131r. Kalbin \u015eifas\u0131 i\u015fte o her \u015feyin durdu\u011fu ve bamba\u015fka g\u00f6r\u00fcnd\u00fc\u011f\u00fc \u00e2n\u0131, kendi uyan\u0131\u015f\u0131m\u0131z\u0131 bulma yolunu g\u00f6steriyor bize. \u0130\u015fte o zaman, daha iyi, daha do\u011fru, daha h\u00fcr bir insan oldu\u011fumuz h\u00e2limize geri d\u00f6nebiliriz. \u201cKalbin \u015eifas\u0131, \u0130slam\u2019\u0131n manevi mesaj\u0131n\u0131 yans\u0131t\u0131yor: sade, derin ve y\u00fcceltici. Yasmin Mogahed ki\u015fisel ve samimi yolculu\u011fu boyunca okurunu \u00e7ok \u00f6zel bir \u015fekilde beraberinde g\u00f6t\u00fcr\u00fcyor: kalpten kalbe hitap ediyor, akl\u0131 tatmin ediyor. Kitap, elde etti\u011fi ba\u015far\u0131y\u0131 sonuna kadar hak ediyor.Bu kitap her birimizin Bir Olan\u2019a ve kalbimize yakla\u015fmas\u0131na yard\u0131mc\u0131 oluyor. Kalbin \u015eifas\u0131, madde ve m\u00e2n\u00e2n\u0131n sevgi ve huzur yoluyla uzla\u015f\u0131s\u0131n\u0131 anlat\u0131yor. Hepimizin buna ihtiyac\u0131 var.\u201dTar\u0131k Ramazan<\/p>\n","protected":false},"excerpt":{"rendered":"<p>D\u00fcnyaca \u00fcnl\u00fc bir davet\u00e7i ve ba\u015fta gen\u00e7ler olmak \u00fczere \u00e7ok geni\u015f bir kitleye manevi ve ruhsal geli\u015fimi \u0130slam perspektifinden anlatan bir konu\u015fmac\u0131 olan Yasmin Mogahed Kalbin<span class=\"excerpt-hellip\"> [\u2026]<\/span><\/p>\n","protected":false},"featured_media":0,"template":"","meta":{"_monsterinsights_skip_tracking":false,"_monsterinsights_sitenote_active":false,"_monsterinsights_sitenote_note":"","_monsterinsights_sitenote_category":0},"product_brand":[],"product_cat":[12364,12376],"product_tag":[],"class_list":{"0":"post-760987","1":"product","2":"type-product","3":"status-publish","5":"product_cat-genel-konular","6":"product_cat-kisisel-gelisim","7":"pa_cilt-ciltsiz","8":"pa_tur-kitap","9":"pa_yayinevi-timas-yayinlari","10":"pa_yazar-yasmin-mogahed","12":"first","13":"instock","14":"sale","15":"shipping-taxable","16":"purchasable","17":"product-type-simple"},"_links":{"self":[{"href":"https:\/\/roveyayinevi.com.tr\/index.php\/wp-json\/wp\/v2\/product\/760987","targetHints":{"allow":["GET"]}}],"collection":[{"href":"https:\/\/roveyayinevi.com.tr\/index.php\/wp-json\/wp\/v2\/product"}],"about":[{"href":"https:\/\/roveyayinevi.com.tr\/index.php\/wp-json\/wp\/v2\/types\/product"}],"wp:attachment":[{"href":"https:\/\/roveyayinevi.com.tr\/index.php\/wp-json\/wp\/v2\/media?parent=760987"}],"wp:term":[{"taxonomy":"product_brand","embeddable":true,"href":"https:\/\/roveyayinevi.com.tr\/index.php\/wp-json\/wp\/v2\/product_brand?post=760987"},{"taxonomy":"product_cat","embeddable":true,"href":"https:\/\/roveyayinevi.com.tr\/index.php\/wp-json\/wp\/v2\/product_cat?post=760987"},{"taxonomy":"product_tag","embeddable":true,"href":"https:\/\/roveyayinevi.com.tr\/index.php\/wp-json\/wp\/v2\/product_tag?post=760987"}],"curies":[{"name":"wp","href":"https:\/\/api.w.org\/{rel}","templated":true}]}}