{"id":760985,"date":"2025-08-28T09:23:35","date_gmt":"2025-08-28T06:23:35","guid":{"rendered":"https:\/\/roveyayinevi.com.tr\/index.php\/urun\/cikmaza-giden-yol\/"},"modified":"2026-04-03T03:18:13","modified_gmt":"2026-04-03T00:18:13","slug":"cikmaza-giden-yol","status":"publish","type":"product","link":"https:\/\/roveyayinevi.com.tr\/index.php\/urun\/cikmaza-giden-yol\/","title":{"rendered":"\u00c7\u0131kmaza Giden Yol"},"content":{"rendered":"<p>Saatlerce a\u011flad\u0131ktan sonra kendime \u015fu soruyu sordum: \u201cNe yapmal\u0131yd\u0131m gidenin arkas\u0131ndan?\u201d Bir yerden ba\u015flamam gerekiyordu. Peki nereden ba\u015flayacakt\u0131m? \u0130ntikam m\u0131 alacakt\u0131m yoksa a\u011flamaya devam edip, depresyona girip, kendime zarar m\u0131 verecektim?   Emin oldu\u011fum tek bir \u015fey vard\u0131. O kadar a\u015fk dolu s\u00f6zleri s\u00f6ylememi\u015f; ya\u015fan\u0131lan an\u0131lar\u0131 hi\u00e7 ya\u015fanmam\u0131\u015f gibi kabul edip giden adam\u0131n arkas\u0131ndan, bir damla g\u00f6zya\u015f\u0131 dahi ak\u0131tmayaca\u011f\u0131md\u0131.     AYNI K\u0130\u015e\u0130Y\u0130 ASLA \u0130K\u0130 KERE BULAMAYACAKSIN. AYNI K\u0130\u015e\u0130DE B\u0130LE&#8230;<\/p>\n","protected":false},"excerpt":{"rendered":"<p>Saatlerce a\u011flad\u0131ktan sonra kendime \u015fu soruyu sordum: \u201cNe yapmal\u0131yd\u0131m gidenin arkas\u0131ndan?\u201d Bir yerden ba\u015flamam gerekiyordu. Peki nereden ba\u015flayacakt\u0131m? \u0130ntikam m\u0131 alacakt\u0131m yoksa a\u011flamaya devam edip, depresyona<span class=\"excerpt-hellip\"> [\u2026]<\/span><\/p>\n","protected":false},"featured_media":0,"template":"","meta":{"_monsterinsights_skip_tracking":false,"_monsterinsights_sitenote_active":false,"_monsterinsights_sitenote_note":"","_monsterinsights_sitenote_category":0},"product_brand":[],"product_cat":[12291,12711],"product_tag":[],"class_list":{"0":"post-760985","1":"product","2":"type-product","3":"status-publish","5":"product_cat-edebiyat","6":"product_cat-roman-oyku","7":"pa_cilt-ciltsiz","8":"pa_tur-kitap","9":"pa_yayinevi-luna-yayinlari","10":"pa_yazar-pinar-koc","12":"first","13":"instock","14":"sale","15":"shipping-taxable","16":"purchasable","17":"product-type-simple"},"_links":{"self":[{"href":"https:\/\/roveyayinevi.com.tr\/index.php\/wp-json\/wp\/v2\/product\/760985","targetHints":{"allow":["GET"]}}],"collection":[{"href":"https:\/\/roveyayinevi.com.tr\/index.php\/wp-json\/wp\/v2\/product"}],"about":[{"href":"https:\/\/roveyayinevi.com.tr\/index.php\/wp-json\/wp\/v2\/types\/product"}],"wp:attachment":[{"href":"https:\/\/roveyayinevi.com.tr\/index.php\/wp-json\/wp\/v2\/media?parent=760985"}],"wp:term":[{"taxonomy":"product_brand","embeddable":true,"href":"https:\/\/roveyayinevi.com.tr\/index.php\/wp-json\/wp\/v2\/product_brand?post=760985"},{"taxonomy":"product_cat","embeddable":true,"href":"https:\/\/roveyayinevi.com.tr\/index.php\/wp-json\/wp\/v2\/product_cat?post=760985"},{"taxonomy":"product_tag","embeddable":true,"href":"https:\/\/roveyayinevi.com.tr\/index.php\/wp-json\/wp\/v2\/product_tag?post=760985"}],"curies":[{"name":"wp","href":"https:\/\/api.w.org\/{rel}","templated":true}]}}