{"id":760979,"date":"2025-08-28T09:23:23","date_gmt":"2025-08-28T06:23:23","guid":{"rendered":"https:\/\/roveyayinevi.com.tr\/index.php\/urun\/izlenimcilerin-ozel-hayatlari\/"},"modified":"2026-04-16T03:13:38","modified_gmt":"2026-04-16T00:13:38","slug":"izlenimcilerin-ozel-hayatlari","status":"publish","type":"product","link":"https:\/\/roveyayinevi.com.tr\/index.php\/urun\/izlenimcilerin-ozel-hayatlari\/","title":{"rendered":"\u0130zlenimcilerin \u00d6zel Hayatlar\u0131"},"content":{"rendered":"<p>Manet, Monet, Pissarro, C\u00e9zanne, Renoir, Degas, Sisley, Berthe Morisot ve Mary Cassatt. \u00c7a\u011fda\u015flar\u0131 taraf\u0131ndan alay konusu edilip g\u00f6z ard\u0131 edilseler de g\u00fcn\u00fcm\u00fczde tablolar\u0131na paha bi\u00e7ilemiyor. Eserleri d\u00fcnya \u00e7ap\u0131nda tan\u0131nan bu grubun \u00f6zel hayatlar\u0131 pek bilinmemektedir. \u0130\u015fte, canl\u0131 ve ak\u0131c\u0131 anlat\u0131s\u0131yla Sue Roe Paris\u2019teki st\u00fcdyolar\u0131ndan \u00e7alkant\u0131l\u0131 a\u015fk hayatlar\u0131na, ge\u00e7im s\u0131k\u0131nt\u0131lar\u0131ndan sergilerine de\u011finerek izlenimcilerin \u00f6zel hayat\u0131n\u0131 aktar\u0131yor. \u0130zlenimciler yirmi y\u0131l\u0131 a\u015fk\u0131n birlikte ya\u015fay\u0131p \u00e7al\u0131\u015f\u0131yor, Fransa-Prusya sava\u015f\u0131n\u0131n ard\u0131ndan hayatlar\u0131n\u0131 yeniden kurma m\u00fccadelesi veriyor, al\u0131\u015f\u0131lm\u0131\u015f\u0131n d\u0131\u015f\u0131ndaki tablolar\u0131na halk\u0131n ve ele\u015ftirmenlerin ac\u0131mas\u0131z yorumlar\u0131na kar\u015f\u0131 birlikte ayakta duruyor. Sue Roe\u2019nun \u0130zlenimcilerin \u00d6zel Hayat\u0131\u2019nda okur g\u00fcne\u015fi, suyu, bahar\u0131, dans\u00e7\u0131lar\u0131 ve \u00e7ama\u015f\u0131rc\u0131lar\u0131 ressamlarla birlikte g\u00f6zlemleme f\u0131rsat\u0131 elde edip hayata onlar\u0131n g\u00f6z\u00fcnden bak\u0131yor\u2026 <\/p>\n","protected":false},"excerpt":{"rendered":"<p>Manet, Monet, Pissarro, C\u00e9zanne, Renoir, Degas, Sisley, Berthe Morisot ve Mary Cassatt. \u00c7a\u011fda\u015flar\u0131 taraf\u0131ndan alay konusu edilip g\u00f6z ard\u0131 edilseler de g\u00fcn\u00fcm\u00fczde tablolar\u0131na paha bi\u00e7ilemiyor. Eserleri<span class=\"excerpt-hellip\"> [\u2026]<\/span><\/p>\n","protected":false},"featured_media":0,"template":"","meta":{"_monsterinsights_skip_tracking":false,"_monsterinsights_sitenote_active":false,"_monsterinsights_sitenote_note":"","_monsterinsights_sitenote_category":0},"product_brand":[],"product_cat":[12370,12304],"product_tag":[],"class_list":{"0":"post-760979","1":"product","2":"type-product","3":"status-publish","5":"product_cat-arastirma-inceleme","6":"product_cat-tarih","7":"pa_cilt-ciltsiz","8":"pa_tur-kitap","9":"pa_yayinevi-alfa-yayinlari","10":"pa_yazar-sue-roe","12":"first","13":"instock","14":"sale","15":"shipping-taxable","16":"purchasable","17":"product-type-simple"},"_links":{"self":[{"href":"https:\/\/roveyayinevi.com.tr\/index.php\/wp-json\/wp\/v2\/product\/760979","targetHints":{"allow":["GET"]}}],"collection":[{"href":"https:\/\/roveyayinevi.com.tr\/index.php\/wp-json\/wp\/v2\/product"}],"about":[{"href":"https:\/\/roveyayinevi.com.tr\/index.php\/wp-json\/wp\/v2\/types\/product"}],"wp:attachment":[{"href":"https:\/\/roveyayinevi.com.tr\/index.php\/wp-json\/wp\/v2\/media?parent=760979"}],"wp:term":[{"taxonomy":"product_brand","embeddable":true,"href":"https:\/\/roveyayinevi.com.tr\/index.php\/wp-json\/wp\/v2\/product_brand?post=760979"},{"taxonomy":"product_cat","embeddable":true,"href":"https:\/\/roveyayinevi.com.tr\/index.php\/wp-json\/wp\/v2\/product_cat?post=760979"},{"taxonomy":"product_tag","embeddable":true,"href":"https:\/\/roveyayinevi.com.tr\/index.php\/wp-json\/wp\/v2\/product_tag?post=760979"}],"curies":[{"name":"wp","href":"https:\/\/api.w.org\/{rel}","templated":true}]}}