{"id":760978,"date":"2025-08-28T09:23:21","date_gmt":"2025-08-28T06:23:21","guid":{"rendered":"https:\/\/roveyayinevi.com.tr\/index.php\/urun\/daginik-oda\/"},"modified":"2026-04-16T03:13:38","modified_gmt":"2026-04-16T00:13:38","slug":"daginik-oda","status":"publish","type":"product","link":"https:\/\/roveyayinevi.com.tr\/index.php\/urun\/daginik-oda\/","title":{"rendered":"Da\u011f\u0131n\u0131k Oda"},"content":{"rendered":"<p>Karma\u015fada sakl\u0131 d\u00fczen, d\u00fczende sakl\u0131 karma\u015fa&#8230;Fantastik kurgular\u0131yla tan\u0131nan Sabri Safiye\u2019den, \u201cd\u00fczen\u201d ve \u201ckarma\u015fa\u201d kavramlar\u0131na \u00e7ocuk g\u00f6z\u00fcnden mizah dolu bir bak\u0131\u015f. E\u011flenceli \u00fcslubuyla soluksuz okunan macera, odas\u0131ndaki da\u011f\u0131n\u0131kl\u0131\u011f\u0131 toplamas\u0131 gereken bir \u00e7ocu\u011fun ya\u015fad\u0131klar\u0131n\u0131 canland\u0131r\u0131yor. E\u015fyan\u0131n ruhuna, tesad\u00fcflere, karma\u015fan\u0131n i\u00e7indeki d\u00fczene ve dengeye inananlar, s\u00fcrekli bir \u015feyleri erteleyenler i\u00e7in komik bir k\u0131sa roman.<\/p>\n","protected":false},"excerpt":{"rendered":"<p>Karma\u015fada sakl\u0131 d\u00fczen, d\u00fczende sakl\u0131 karma\u015fa&#8230;Fantastik kurgular\u0131yla tan\u0131nan Sabri Safiye\u2019den, \u201cd\u00fczen\u201d ve \u201ckarma\u015fa\u201d kavramlar\u0131na \u00e7ocuk g\u00f6z\u00fcnden mizah dolu bir bak\u0131\u015f. E\u011flenceli \u00fcslubuyla soluksuz okunan macera, odas\u0131ndaki<span class=\"excerpt-hellip\"> [\u2026]<\/span><\/p>\n","protected":false},"featured_media":0,"template":"","meta":{"_monsterinsights_skip_tracking":false,"_monsterinsights_sitenote_active":false,"_monsterinsights_sitenote_note":"","_monsterinsights_sitenote_category":0},"product_brand":[],"product_cat":[12274,12284],"product_tag":[],"class_list":{"0":"post-760978","1":"product","2":"type-product","3":"status-publish","5":"product_cat-cocuk-ve-genclik-kitaplari","6":"product_cat-hikayeler","7":"pa_cilt-ciltsiz","8":"pa_tur-kitap","9":"pa_yayinevi-gunisigi-kitapligi","10":"pa_yazar-sabri-safiye","12":"first","13":"instock","14":"sale","15":"shipping-taxable","16":"purchasable","17":"product-type-simple"},"_links":{"self":[{"href":"https:\/\/roveyayinevi.com.tr\/index.php\/wp-json\/wp\/v2\/product\/760978","targetHints":{"allow":["GET"]}}],"collection":[{"href":"https:\/\/roveyayinevi.com.tr\/index.php\/wp-json\/wp\/v2\/product"}],"about":[{"href":"https:\/\/roveyayinevi.com.tr\/index.php\/wp-json\/wp\/v2\/types\/product"}],"wp:attachment":[{"href":"https:\/\/roveyayinevi.com.tr\/index.php\/wp-json\/wp\/v2\/media?parent=760978"}],"wp:term":[{"taxonomy":"product_brand","embeddable":true,"href":"https:\/\/roveyayinevi.com.tr\/index.php\/wp-json\/wp\/v2\/product_brand?post=760978"},{"taxonomy":"product_cat","embeddable":true,"href":"https:\/\/roveyayinevi.com.tr\/index.php\/wp-json\/wp\/v2\/product_cat?post=760978"},{"taxonomy":"product_tag","embeddable":true,"href":"https:\/\/roveyayinevi.com.tr\/index.php\/wp-json\/wp\/v2\/product_tag?post=760978"}],"curies":[{"name":"wp","href":"https:\/\/api.w.org\/{rel}","templated":true}]}}