{"id":760977,"date":"2025-08-28T09:23:19","date_gmt":"2025-08-28T06:23:19","guid":{"rendered":"https:\/\/roveyayinevi.com.tr\/index.php\/urun\/denize-yagmuru-sordum\/"},"modified":"2026-04-16T03:13:38","modified_gmt":"2026-04-16T00:13:38","slug":"denize-yagmuru-sordum","status":"publish","type":"product","link":"https:\/\/roveyayinevi.com.tr\/index.php\/urun\/denize-yagmuru-sordum\/","title":{"rendered":"Denize Ya\u011fmuru Sordum"},"content":{"rendered":"<p>A\u00e7 pencereni, Ya\u011fmurlar\u0131 yal\u0131n ayak sevmi\u015f ku\u015f u\u00e7uyor \u00c7ocuklar\u0131n, ba\u011fc\u0131klar\u0131nda rengarenk cam \u015fekerleri Ve g\u00f6ky\u00fcz\u00fc t\u0131pk\u0131 sen gibi bak\u0131yor. Kald\u0131r\u0131p kafam\u0131 neresinde bulsam, seni bir y\u0131ld\u0131z\u0131n Ay\u0131n ard\u0131na gizlenmi\u015f gibi Sanki karanl\u0131k g\u00f6rmemi\u015f\u00e7esine y\u00fcz\u00fcn U\u00e7urum kenar\u0131nda yavrusunu bekleyen y\u0131lk\u0131lar s\u00f6yledi A\u011f\u0131tlar\u0131 r\u00fczg\u00e2rlara asm\u0131\u015f, anneler dinlemi\u015f Koca bo\u015flukta el ele y\u00fcr\u00fcyen ses ikimizin Usulca \u00fcrperen su yata\u011f\u0131 Yollara inen bir iklim Ve gelincik renginde \u015fark\u0131lar okuyormu\u015f kayalar. Sonra esiyor sa\u00e7lar\u0131n K\u0131l\u0131\u00e7tan keskin \u015fafaktan pak. \u00dczerimize denizler \u00f6rt\u00fclm\u00fc\u015f korkmayas\u0131n G\u00f6m\u00fcls\u00fcn \u015fimdi y\u00fcre\u011fi varsa Pe\u015finizdeyim diyen dalgalar&#8230; <\/p>\n","protected":false},"excerpt":{"rendered":"<p>A\u00e7 pencereni, Ya\u011fmurlar\u0131 yal\u0131n ayak sevmi\u015f ku\u015f u\u00e7uyor \u00c7ocuklar\u0131n, ba\u011fc\u0131klar\u0131nda rengarenk cam \u015fekerleri Ve g\u00f6ky\u00fcz\u00fc t\u0131pk\u0131 sen gibi bak\u0131yor. Kald\u0131r\u0131p kafam\u0131 neresinde bulsam, seni bir y\u0131ld\u0131z\u0131n<span class=\"excerpt-hellip\"> [\u2026]<\/span><\/p>\n","protected":false},"featured_media":0,"template":"","meta":{"_monsterinsights_skip_tracking":false,"_monsterinsights_sitenote_active":false,"_monsterinsights_sitenote_note":"","_monsterinsights_sitenote_category":0},"product_brand":[],"product_cat":[12291,12509],"product_tag":[],"class_list":{"0":"post-760977","1":"product","2":"type-product","3":"status-publish","5":"product_cat-edebiyat","6":"product_cat-siir","7":"pa_cilt-ciltsiz","8":"pa_tur-kitap","9":"pa_yayinevi-sinirsiz-kitap","10":"pa_yazar-necip-eren","12":"first","13":"instock","14":"sale","15":"shipping-taxable","16":"purchasable","17":"product-type-simple"},"_links":{"self":[{"href":"https:\/\/roveyayinevi.com.tr\/index.php\/wp-json\/wp\/v2\/product\/760977","targetHints":{"allow":["GET"]}}],"collection":[{"href":"https:\/\/roveyayinevi.com.tr\/index.php\/wp-json\/wp\/v2\/product"}],"about":[{"href":"https:\/\/roveyayinevi.com.tr\/index.php\/wp-json\/wp\/v2\/types\/product"}],"wp:attachment":[{"href":"https:\/\/roveyayinevi.com.tr\/index.php\/wp-json\/wp\/v2\/media?parent=760977"}],"wp:term":[{"taxonomy":"product_brand","embeddable":true,"href":"https:\/\/roveyayinevi.com.tr\/index.php\/wp-json\/wp\/v2\/product_brand?post=760977"},{"taxonomy":"product_cat","embeddable":true,"href":"https:\/\/roveyayinevi.com.tr\/index.php\/wp-json\/wp\/v2\/product_cat?post=760977"},{"taxonomy":"product_tag","embeddable":true,"href":"https:\/\/roveyayinevi.com.tr\/index.php\/wp-json\/wp\/v2\/product_tag?post=760977"}],"curies":[{"name":"wp","href":"https:\/\/api.w.org\/{rel}","templated":true}]}}