{"id":760976,"date":"2025-08-28T09:23:17","date_gmt":"2025-08-28T06:23:17","guid":{"rendered":"https:\/\/roveyayinevi.com.tr\/index.php\/urun\/kurt-olmak\/"},"modified":"2026-04-16T03:13:38","modified_gmt":"2026-04-16T00:13:38","slug":"kurt-olmak","status":"publish","type":"product","link":"https:\/\/roveyayinevi.com.tr\/index.php\/urun\/kurt-olmak\/","title":{"rendered":"Kurt Olmak"},"content":{"rendered":"<p>\u0130sve\u00e7 edebiyat\u0131n\u0131n \u00f6nde gelen isimlerinden Kerstin Ekman, kitaplar\u0131yla \u201cEn \u0130yi \u0130sve\u00e7 Polisiye Roman\u0131 \u00d6d\u00fcl\u00fc\u201d ba\u015fta olmak \u00fczere bir\u00e7ok \u00f6d\u00fcle lay\u0131k g\u00f6r\u00fclm\u00fc\u015ft\u00fcr. Kurt Olmak ise Ulf Norrstig isimli bir avc\u0131n\u0131n hik\u00e2yesidir. 70. ya\u015f g\u00fcn\u00fcnden bir g\u00fcn \u00f6nce, 2018 y\u0131lba\u015f\u0131 sabah\u0131n\u0131n erken saatlerinde anlat\u0131s\u0131na ba\u015flar. Bu anlat\u0131, \u00e7ocuklu\u011funa do\u011fru bir yolculu\u011fun ve hayat\u0131n ka\u00e7\u0131n\u0131lmaz sonuna do\u011fru bir ba\u015flang\u0131c\u0131n habercisidir onun i\u00e7in. Ya\u015fl\u0131 avc\u0131 bir g\u00fcn ormanda kurt izi g\u00f6r\u00fcr ve o anda hayvanla g\u00fc\u00e7l\u00fc bir ba\u011f kurar. Kendini bu kurt ile \u00f6zde\u015fle\u015ftiren Ulf, kurdun k\u0131rsala geli\u015fiyle hayat\u0131n\u0131n her a\u00e7\u0131dan derinden sars\u0131laca\u011f\u0131ndan habersizdir. Bu s\u0131rada s\u00fcrekli tekleyen kalbi de onu fazlas\u0131yla yormaktad\u0131r. Ormandaki karavan\u0131n\u0131n yand\u0131\u011f\u0131 ve i\u00e7inde hayvan kemikleri bulundu\u011fu haberini alan Ulf, onun i\u00e7in ola\u011fan\u00fcst\u00fc ve \u015f\u00fcpheli olan bu durumun pe\u015fine d\u00fc\u015fecek ve \u00f6\u011frendikleri, kendi i\u00e7inde yapaca\u011f\u0131 derin sorgulamalara yol a\u00e7acakt\u0131r.   Bireysel bir insan kaderinin tasvirini ele alan Kurt Olmak, Ekman\u2019\u0131n etkileyici kalemi sayesinde okuyucusunu \u0130sve\u00e7 ormanlar\u0131n\u0131n serin r\u00fczg\u00e2rlar\u0131yla sarmalarken, kurgusunun s\u00fcr\u00fckleyicili\u011fi ile de sayfalar\u0131na hapsedecek.   <\/p>\n","protected":false},"excerpt":{"rendered":"<p>\u0130sve\u00e7 edebiyat\u0131n\u0131n \u00f6nde gelen isimlerinden Kerstin Ekman, kitaplar\u0131yla \u201cEn \u0130yi \u0130sve\u00e7 Polisiye Roman\u0131 \u00d6d\u00fcl\u00fc\u201d ba\u015fta olmak \u00fczere bir\u00e7ok \u00f6d\u00fcle lay\u0131k g\u00f6r\u00fclm\u00fc\u015ft\u00fcr. Kurt Olmak ise Ulf Norrstig<span class=\"excerpt-hellip\"> [\u2026]<\/span><\/p>\n","protected":false},"featured_media":0,"template":"","meta":{"_monsterinsights_skip_tracking":false,"_monsterinsights_sitenote_active":false,"_monsterinsights_sitenote_note":"","_monsterinsights_sitenote_category":0},"product_brand":[],"product_cat":[12291,12711],"product_tag":[],"class_list":{"0":"post-760976","1":"product","2":"type-product","3":"status-publish","5":"product_cat-edebiyat","6":"product_cat-roman-oyku","7":"pa_cilt-ciltsiz","8":"pa_tur-kitap","9":"pa_yayinevi-gutenberg","10":"pa_yazar-kerstin-ekman","12":"first","13":"instock","14":"sale","15":"shipping-taxable","16":"purchasable","17":"product-type-simple"},"_links":{"self":[{"href":"https:\/\/roveyayinevi.com.tr\/index.php\/wp-json\/wp\/v2\/product\/760976","targetHints":{"allow":["GET"]}}],"collection":[{"href":"https:\/\/roveyayinevi.com.tr\/index.php\/wp-json\/wp\/v2\/product"}],"about":[{"href":"https:\/\/roveyayinevi.com.tr\/index.php\/wp-json\/wp\/v2\/types\/product"}],"wp:attachment":[{"href":"https:\/\/roveyayinevi.com.tr\/index.php\/wp-json\/wp\/v2\/media?parent=760976"}],"wp:term":[{"taxonomy":"product_brand","embeddable":true,"href":"https:\/\/roveyayinevi.com.tr\/index.php\/wp-json\/wp\/v2\/product_brand?post=760976"},{"taxonomy":"product_cat","embeddable":true,"href":"https:\/\/roveyayinevi.com.tr\/index.php\/wp-json\/wp\/v2\/product_cat?post=760976"},{"taxonomy":"product_tag","embeddable":true,"href":"https:\/\/roveyayinevi.com.tr\/index.php\/wp-json\/wp\/v2\/product_tag?post=760976"}],"curies":[{"name":"wp","href":"https:\/\/api.w.org\/{rel}","templated":true}]}}