{"id":760975,"date":"2025-08-28T09:23:15","date_gmt":"2025-08-28T06:23:15","guid":{"rendered":"https:\/\/roveyayinevi.com.tr\/index.php\/urun\/safaga-giden-yol\/"},"modified":"2026-04-16T03:13:38","modified_gmt":"2026-04-16T00:13:38","slug":"safaga-giden-yol","status":"publish","type":"product","link":"https:\/\/roveyayinevi.com.tr\/index.php\/urun\/safaga-giden-yol\/","title":{"rendered":"\u015eafa\u011fa Giden Yol"},"content":{"rendered":"<p>18. y\u00fczy\u0131l\u0131n son \u00e7eyre\u011finde siyahi bir k\u00f6le olarak do\u011fan ve 40 y\u0131l sonra \u00f6zg\u00fcrl\u00fc\u011f\u00fcn\u00fc bizzat elde eden Josiah Henson\u2019\u0131n kendi elleriyle yaratt\u0131\u011f\u0131 \u015fafa\u011fa ula\u015fmas\u0131n\u0131n g\u00f6rkemli ama y\u00fcrek yakan hik\u00e2yesi\u2026 Amerikan tarihinin utan\u00e7 verici vah\u015fi k\u00f6lelik d\u00f6nemine \u00e7arp\u0131c\u0131 bir bak\u0131\u015f sunan bu eserde \u00f6zg\u00fcrl\u00fck i\u00e7in \u00f6denen bedeller edebi bir lezzetle yaz\u0131ya d\u00f6k\u00fcl\u00fcyor. K\u00f6lelik kar\u015f\u0131t\u0131 edebiyat\u0131n k\u00fcltle\u015fmi\u015f romanlar\u0131ndan Tom Amca\u2019n\u0131n Kul\u00fcbesi\u2019ne ilham veren sava\u015f\u00e7\u0131lardan biri olan Henson\u2019\u0131n hayat\u0131na odaklanan bu biyografik eserin fonunda ise 19. y\u00fczy\u0131l Amerikas\u0131\u2019ndaki, feodal yap\u0131n\u0131n ac\u0131mas\u0131zl\u0131\u011f\u0131 t\u00fcm \u00e7\u0131plakl\u0131\u011f\u0131yla g\u00f6zler \u00f6n\u00fcne seriliyor. S\u0131radan bir k\u00f6le olarak ba\u015flad\u0131\u011f\u0131 ya\u015fam\u0131nda ba\u015fkald\u0131r\u0131p \u00f6zg\u00fcrl\u00fc\u011f\u00fcn\u00fc elde elden, tam 118 ba\u015fka k\u00f6lenin de \u00f6zg\u00fcrle\u015fmesine vesile olan, Krali\u00e7e Victoria taraf\u0131ndan Windsor Kalesi\u2019nde ve ABD Ba\u015fkan\u0131 Rutherford B. Hayes taraf\u0131ndan Beyaz Saray\u2019da a\u011f\u0131rlanacak mertebeye kadar ula\u015fan bu b\u00fcy\u00fck \u00f6zg\u00fcrl\u00fck sava\u015f\u00e7\u0131s\u0131, Jared A. Brock\u2019un \u00f6zg\u00fcn anlat\u0131s\u0131yla tarihte hak etti\u011fi yeri de per\u00e7inlemi\u015f oluyor. \u201cJared Brock\u2019un dikkat \u00e7ekici kitab\u0131 \u015eafa\u011fa Giden Yol, \u00f6zg\u00fcrle\u015fme ve yeniden in\u015fa s\u00fcrecinin sterilize edilmi\u015f (ve bembeyaz) Amerikal\u0131 versiyonuna kar\u015f\u0131 \u00f6nemli bir panzehir. Josiah Henson\u2019\u0131n hayat\u0131, Tom Amca\u2019n\u0131n Kul\u00fcbesi i\u00e7in ilham kayna\u011f\u0131 olmaktan \u00e7ok daha fazlas\u0131yd\u0131. Henson bir kurtar\u0131c\u0131, lider, d\u00fc\u015f\u00fcn\u00fcr, \u00f6rg\u00fctleyici ve m\u00fcjdeciydi.\u201d (Kevin Bales CMG, Nottingham \u00dcniversitesi Siyaset ve Uluslararas\u0131 \u0130li\u015fkiler Okulu \u00c7a\u011fda\u015f K\u00f6lelik Profes\u00f6r\u00fc) <\/p>\n","protected":false},"excerpt":{"rendered":"<p>18. y\u00fczy\u0131l\u0131n son \u00e7eyre\u011finde siyahi bir k\u00f6le olarak do\u011fan ve 40 y\u0131l sonra \u00f6zg\u00fcrl\u00fc\u011f\u00fcn\u00fc bizzat elde eden Josiah Henson\u2019\u0131n kendi elleriyle yaratt\u0131\u011f\u0131 \u015fafa\u011fa ula\u015fmas\u0131n\u0131n g\u00f6rkemli ama<span class=\"excerpt-hellip\"> [\u2026]<\/span><\/p>\n","protected":false},"featured_media":0,"template":"","meta":{"_monsterinsights_skip_tracking":false,"_monsterinsights_sitenote_active":false,"_monsterinsights_sitenote_note":"","_monsterinsights_sitenote_category":0},"product_brand":[],"product_cat":[14009,12291],"product_tag":[],"class_list":{"0":"post-760975","1":"product","2":"type-product","3":"status-publish","5":"product_cat-biyografi-otobiyografi-edebiyat","6":"product_cat-edebiyat","7":"pa_cilt-ciltsiz","8":"pa_tur-kitap","9":"pa_yayinevi-gutenberg","10":"pa_yazar-jared-a-brock","12":"first","13":"instock","14":"sale","15":"shipping-taxable","16":"purchasable","17":"product-type-simple"},"_links":{"self":[{"href":"https:\/\/roveyayinevi.com.tr\/index.php\/wp-json\/wp\/v2\/product\/760975","targetHints":{"allow":["GET"]}}],"collection":[{"href":"https:\/\/roveyayinevi.com.tr\/index.php\/wp-json\/wp\/v2\/product"}],"about":[{"href":"https:\/\/roveyayinevi.com.tr\/index.php\/wp-json\/wp\/v2\/types\/product"}],"wp:attachment":[{"href":"https:\/\/roveyayinevi.com.tr\/index.php\/wp-json\/wp\/v2\/media?parent=760975"}],"wp:term":[{"taxonomy":"product_brand","embeddable":true,"href":"https:\/\/roveyayinevi.com.tr\/index.php\/wp-json\/wp\/v2\/product_brand?post=760975"},{"taxonomy":"product_cat","embeddable":true,"href":"https:\/\/roveyayinevi.com.tr\/index.php\/wp-json\/wp\/v2\/product_cat?post=760975"},{"taxonomy":"product_tag","embeddable":true,"href":"https:\/\/roveyayinevi.com.tr\/index.php\/wp-json\/wp\/v2\/product_tag?post=760975"}],"curies":[{"name":"wp","href":"https:\/\/api.w.org\/{rel}","templated":true}]}}