{"id":760973,"date":"2025-08-28T09:23:12","date_gmt":"2025-08-28T06:23:12","guid":{"rendered":"https:\/\/roveyayinevi.com.tr\/index.php\/urun\/bir-bestedir-omrum\/"},"modified":"2026-04-16T03:13:38","modified_gmt":"2026-04-16T00:13:38","slug":"bir-bestedir-omrum","status":"publish","type":"product","link":"https:\/\/roveyayinevi.com.tr\/index.php\/urun\/bir-bestedir-omrum\/","title":{"rendered":"Bir Bestedir \u00d6mr\u00fcm"},"content":{"rendered":"<p>\u0130nceledi\u011finiz kitap, 2015 y\u0131l\u0131nda rahmet-i Rahm\u00e2n\u2019a u\u011furlad\u0131\u011f\u0131m\u0131z bir m\u00fbsik\u00ee \u00fcstad\u0131n\u0131n k\u00fclt\u00fcr d\u00fcnyam\u0131za sundu\u011fu son hediyesidir. T\u00fcrk k\u00fclt\u00fcr\u00fcn\u00fcn temel unsurlar\u0131ndan olan m\u00fbsik\u00eemiz, bilindi\u011fi gibi, hus\u00fbsiyle ge\u00e7en as\u0131rda, onu yok etmeyi g\u00e2ye edinmi\u015f nasibsizlerin, devletten de y\u00fcz bularak giri\u015ftikleri a\u011f\u0131r bir tec\u00e2v\u00fcze m\u00e2ruz kalm\u0131\u015f, mektebden, radyodan, televizyondan \u00e2det\u00e2 mahrum b\u0131rak\u0131lmaya \u00e7al\u0131\u015f\u0131lm\u0131\u015ft\u0131. D\u00fcnyan\u0131n hi\u00e7bir meden\u00ee \u00fclkesinde g\u00f6r\u00fclemeyecek bu ilkelli\u011fe, tab\u00eeatiyle kar\u015f\u0131 \u00e7\u0131kan haysiyetli pek \u00e7ok m\u00fcnevver zev\u00e2t meden\u00ee \u00f6l\u00e7\u00fcler i\u00e7inde gerekeni yapt\u0131lar. \u0130\u015fte onlar\u0131n temsilcilerinden birisi, i\u015fbu kitab\u0131n yazar\u0131 Ahmed Hatibo\u011flu olmu\u015ftur. Ahmed Hatibo\u011flu merhumun bu kitab\u0131nda yazd\u0131klar\u0131, s\u00e2dece \u015fahs\u00ee hayat\u0131n\u0131n bir tasviri de\u011fildir. Onun esas k\u0131ymeti, m\u00fbsik\u00eemizin hus\u00fbsiyle tasavvuf m\u00fbsik\u00eemizin \u00f6l\u00fcms\u00fczl\u00fc\u011f\u00fcn\u00fc \u00e7e\u015fitli b\u00e2direler atlatarak nas\u0131l resmen kabul ettirebildi\u011fini birinci elden anlat\u0131yor olmas\u0131ndad\u0131r.<\/p>\n","protected":false},"excerpt":{"rendered":"<p>\u0130nceledi\u011finiz kitap, 2015 y\u0131l\u0131nda rahmet-i Rahm\u00e2n\u2019a u\u011furlad\u0131\u011f\u0131m\u0131z bir m\u00fbsik\u00ee \u00fcstad\u0131n\u0131n k\u00fclt\u00fcr d\u00fcnyam\u0131za sundu\u011fu son hediyesidir. T\u00fcrk k\u00fclt\u00fcr\u00fcn\u00fcn temel unsurlar\u0131ndan olan m\u00fbsik\u00eemiz, bilindi\u011fi gibi, hus\u00fbsiyle ge\u00e7en as\u0131rda,<span class=\"excerpt-hellip\"> [\u2026]<\/span><\/p>\n","protected":false},"featured_media":0,"template":"","meta":{"_monsterinsights_skip_tracking":false,"_monsterinsights_sitenote_active":false,"_monsterinsights_sitenote_note":"","_monsterinsights_sitenote_category":0},"product_brand":[],"product_cat":[14556,40131],"product_tag":[],"class_list":{"0":"post-760973","1":"product","2":"type-product","3":"status-publish","5":"product_cat-muzik","6":"product_cat-sanatcilar","7":"pa_cilt-ciltsiz","8":"pa_tur-kitap","9":"pa_yayinevi-otto-yayinlari","10":"pa_yazar-ahmed-hatiboglu","12":"first","13":"instock","14":"sale","15":"shipping-taxable","16":"purchasable","17":"product-type-simple"},"_links":{"self":[{"href":"https:\/\/roveyayinevi.com.tr\/index.php\/wp-json\/wp\/v2\/product\/760973","targetHints":{"allow":["GET"]}}],"collection":[{"href":"https:\/\/roveyayinevi.com.tr\/index.php\/wp-json\/wp\/v2\/product"}],"about":[{"href":"https:\/\/roveyayinevi.com.tr\/index.php\/wp-json\/wp\/v2\/types\/product"}],"wp:attachment":[{"href":"https:\/\/roveyayinevi.com.tr\/index.php\/wp-json\/wp\/v2\/media?parent=760973"}],"wp:term":[{"taxonomy":"product_brand","embeddable":true,"href":"https:\/\/roveyayinevi.com.tr\/index.php\/wp-json\/wp\/v2\/product_brand?post=760973"},{"taxonomy":"product_cat","embeddable":true,"href":"https:\/\/roveyayinevi.com.tr\/index.php\/wp-json\/wp\/v2\/product_cat?post=760973"},{"taxonomy":"product_tag","embeddable":true,"href":"https:\/\/roveyayinevi.com.tr\/index.php\/wp-json\/wp\/v2\/product_tag?post=760973"}],"curies":[{"name":"wp","href":"https:\/\/api.w.org\/{rel}","templated":true}]}}