{"id":760972,"date":"2025-08-28T09:23:09","date_gmt":"2025-08-28T06:23:09","guid":{"rendered":"https:\/\/roveyayinevi.com.tr\/index.php\/urun\/monica\/"},"modified":"2026-04-16T03:13:38","modified_gmt":"2026-04-16T00:13:38","slug":"monica","status":"publish","type":"product","link":"https:\/\/roveyayinevi.com.tr\/index.php\/urun\/monica\/","title":{"rendered":"Monica"},"content":{"rendered":"<p>Monica, ba\u015f karakterinin ya\u015fam \u00f6yk\u00fcs\u00fcn\u00fc -asl\u0131nda \u00f6yk\u00fclerini- topluca anlatan, birbirine ba\u011fl\u0131 bir dizi anlat\u0131dan olu\u015fuyor. Clowes, se\u00e7kin kariyerinin en karma\u015f\u0131k ve ki\u015fisel grafik roman\u0131n\u0131 yaratmak i\u00e7in bir \u00f6m\u00fcr boyu ilham al\u0131yor. G\u00f6rsel detaylar, kusursuz bir dil ve diyalog kula\u011f\u0131 ve heyecan verici k\u0131vr\u0131mlarla zengin olan Monica, \u00e7izgi roman formunda \u00e7ok katmanl\u0131 bir ba\u015fyap\u0131tt\u0131r ve medyay\u0131 tan\u0131mlayan t\u00fcrlerin \u00e7o\u011funa &#8211; sava\u015f, romantizm, korku, su\u00e7, do\u011fa\u00fcst\u00fc vb. &#8211; Ancak gizemli, kategorize edilemez ve \u00f6z\u00fcnde Clowesian bir \u015fekilde birden fazla okumay\u0131 \u00f6d\u00fcllendiriyor.Yap\u0131m a\u015famas\u0131 be\u015f y\u0131l s\u00fcren Monica, son \u00e7eyrek y\u00fczy\u0131ldaki grafik roman patlamas\u0131n\u0131n belirleyici seslerinden birinin yarat\u0131c\u0131l\u0131\u011f\u0131n\u0131n zirvesine i\u015faret ediyor. Clowes&#8217;un yeni bir kitab\u0131 \u00e7izgi roman ve edebiyat \u00e7evrelerinde her zaman b\u00fcy\u00fck bir olayd\u0131r; Monica 2024&#8217;\u00fcn en b\u00fcy\u00fck edebiyat olay\u0131 olacak. <\/p>\n","protected":false},"excerpt":{"rendered":"<p>Monica, ba\u015f karakterinin ya\u015fam \u00f6yk\u00fcs\u00fcn\u00fc -asl\u0131nda \u00f6yk\u00fclerini- topluca anlatan, birbirine ba\u011fl\u0131 bir dizi anlat\u0131dan olu\u015fuyor. Clowes, se\u00e7kin kariyerinin en karma\u015f\u0131k ve ki\u015fisel grafik roman\u0131n\u0131 yaratmak i\u00e7in<span class=\"excerpt-hellip\"> [\u2026]<\/span><\/p>\n","protected":false},"featured_media":0,"template":"","meta":{"_monsterinsights_skip_tracking":false,"_monsterinsights_sitenote_active":false,"_monsterinsights_sitenote_note":"","_monsterinsights_sitenote_category":0},"product_brand":[],"product_cat":[12416,12291],"product_tag":[],"class_list":{"0":"post-760972","1":"product","2":"type-product","3":"status-publish","5":"product_cat-cizgi-roman","6":"product_cat-edebiyat","7":"pa_cilt-ciltsiz","8":"pa_tur-kitap","9":"pa_yayinevi-kara-karga-yayinlari","10":"pa_yazar-daniel-clowes","12":"first","13":"instock","14":"sale","15":"shipping-taxable","16":"purchasable","17":"product-type-simple"},"_links":{"self":[{"href":"https:\/\/roveyayinevi.com.tr\/index.php\/wp-json\/wp\/v2\/product\/760972","targetHints":{"allow":["GET"]}}],"collection":[{"href":"https:\/\/roveyayinevi.com.tr\/index.php\/wp-json\/wp\/v2\/product"}],"about":[{"href":"https:\/\/roveyayinevi.com.tr\/index.php\/wp-json\/wp\/v2\/types\/product"}],"wp:attachment":[{"href":"https:\/\/roveyayinevi.com.tr\/index.php\/wp-json\/wp\/v2\/media?parent=760972"}],"wp:term":[{"taxonomy":"product_brand","embeddable":true,"href":"https:\/\/roveyayinevi.com.tr\/index.php\/wp-json\/wp\/v2\/product_brand?post=760972"},{"taxonomy":"product_cat","embeddable":true,"href":"https:\/\/roveyayinevi.com.tr\/index.php\/wp-json\/wp\/v2\/product_cat?post=760972"},{"taxonomy":"product_tag","embeddable":true,"href":"https:\/\/roveyayinevi.com.tr\/index.php\/wp-json\/wp\/v2\/product_tag?post=760972"}],"curies":[{"name":"wp","href":"https:\/\/api.w.org\/{rel}","templated":true}]}}