{"id":760970,"date":"2025-08-28T09:23:06","date_gmt":"2025-08-28T06:23:06","guid":{"rendered":"https:\/\/roveyayinevi.com.tr\/index.php\/urun\/kayip-dunyaya-yolculuk\/"},"modified":"2026-04-16T03:13:38","modified_gmt":"2026-04-16T00:13:38","slug":"kayip-dunyaya-yolculuk","status":"publish","type":"product","link":"https:\/\/roveyayinevi.com.tr\/index.php\/urun\/kayip-dunyaya-yolculuk\/","title":{"rendered":"Kay\u0131p D\u00fcnyaya Yolculuk"},"content":{"rendered":"<p>\u00c7a\u011flar \u00f6nce ya\u015fam\u0131\u015f dinozorlar\u0131n gizemlerini ke\u015ffedin. Bu b\u00fcy\u00fck panoramik kitab\u0131 a\u00e7arak dinozorlar, fosiller s\u00fcr\u00fcngenler u\u00e7an omurgal\u0131lar ve \u00e7ok daha fazlas\u0131 hakk\u0131nda heyecan verici ger\u00e7ekleri inceleyin. \u0130nteraktif yap\u0131s\u0131 \u00f6zg\u00fcn i\u00e7eri\u011fiyle farkl\u0131 bir deneyim ya\u015fay\u0131n.<\/p>\n","protected":false},"excerpt":{"rendered":"<p>\u00c7a\u011flar \u00f6nce ya\u015fam\u0131\u015f dinozorlar\u0131n gizemlerini ke\u015ffedin. Bu b\u00fcy\u00fck panoramik kitab\u0131 a\u00e7arak dinozorlar, fosiller s\u00fcr\u00fcngenler u\u00e7an omurgal\u0131lar ve \u00e7ok daha fazlas\u0131 hakk\u0131nda heyecan verici ger\u00e7ekleri inceleyin. \u0130nteraktif<span class=\"excerpt-hellip\"> [\u2026]<\/span><\/p>\n","protected":false},"featured_media":0,"template":"","meta":{"_monsterinsights_skip_tracking":false,"_monsterinsights_sitenote_active":false,"_monsterinsights_sitenote_note":"","_monsterinsights_sitenote_category":0},"product_brand":[],"product_cat":[13829,12274],"product_tag":[],"class_list":{"0":"post-760970","1":"product","2":"type-product","3":"status-publish","5":"product_cat-bilimsel-kitaplar","6":"product_cat-cocuk-ve-genclik-kitaplari","7":"pa_cilt-ciltsiz","8":"pa_tur-kitap","9":"pa_yayinevi-science-line-yayinlari","10":"pa_yazar-mehmet-suntar","12":"first","13":"instock","14":"sale","15":"shipping-taxable","16":"purchasable","17":"product-type-simple"},"_links":{"self":[{"href":"https:\/\/roveyayinevi.com.tr\/index.php\/wp-json\/wp\/v2\/product\/760970","targetHints":{"allow":["GET"]}}],"collection":[{"href":"https:\/\/roveyayinevi.com.tr\/index.php\/wp-json\/wp\/v2\/product"}],"about":[{"href":"https:\/\/roveyayinevi.com.tr\/index.php\/wp-json\/wp\/v2\/types\/product"}],"wp:attachment":[{"href":"https:\/\/roveyayinevi.com.tr\/index.php\/wp-json\/wp\/v2\/media?parent=760970"}],"wp:term":[{"taxonomy":"product_brand","embeddable":true,"href":"https:\/\/roveyayinevi.com.tr\/index.php\/wp-json\/wp\/v2\/product_brand?post=760970"},{"taxonomy":"product_cat","embeddable":true,"href":"https:\/\/roveyayinevi.com.tr\/index.php\/wp-json\/wp\/v2\/product_cat?post=760970"},{"taxonomy":"product_tag","embeddable":true,"href":"https:\/\/roveyayinevi.com.tr\/index.php\/wp-json\/wp\/v2\/product_tag?post=760970"}],"curies":[{"name":"wp","href":"https:\/\/api.w.org\/{rel}","templated":true}]}}