{"id":760969,"date":"2025-08-28T09:23:05","date_gmt":"2025-08-28T06:23:05","guid":{"rendered":"https:\/\/roveyayinevi.com.tr\/index.php\/urun\/insan-vucuduna-yolculuk-anatomik-kesifler\/"},"modified":"2026-04-16T03:13:38","modified_gmt":"2026-04-16T00:13:38","slug":"insan-vucuduna-yolculuk-anatomik-kesifler","status":"publish","type":"product","link":"https:\/\/roveyayinevi.com.tr\/index.php\/urun\/insan-vucuduna-yolculuk-anatomik-kesifler\/","title":{"rendered":"\u0130nsan V\u00fccuduna Yolculuk &#8211; Anatomik Ke\u015fifler"},"content":{"rendered":"<p>Karma\u015f\u0131k ve merak uyand\u0131ran insan anatomisini ke\u015ffedin. Panoramik kitab\u0131 a\u00e7arak mikroskobik h\u00fccrelerden organlara hatta sistemlere kadar \u00e7ok daha fazlas\u0131 hakk\u0131nda ilgin\u00e7 bilgileri inceleyin interaktif yap\u0131s\u0131 \u00f6zg\u00fcn i\u00e7eri\u011fiyle farkl\u0131 bir deneyim ya\u015fay\u0131n.<\/p>\n","protected":false},"excerpt":{"rendered":"<p>Karma\u015f\u0131k ve merak uyand\u0131ran insan anatomisini ke\u015ffedin. Panoramik kitab\u0131 a\u00e7arak mikroskobik h\u00fccrelerden organlara hatta sistemlere kadar \u00e7ok daha fazlas\u0131 hakk\u0131nda ilgin\u00e7 bilgileri inceleyin interaktif yap\u0131s\u0131 \u00f6zg\u00fcn<span class=\"excerpt-hellip\"> [\u2026]<\/span><\/p>\n","protected":false},"featured_media":0,"template":"","meta":{"_monsterinsights_skip_tracking":false,"_monsterinsights_sitenote_active":false,"_monsterinsights_sitenote_note":"","_monsterinsights_sitenote_category":0},"product_brand":[],"product_cat":[13005,13006],"product_tag":[],"class_list":{"0":"post-760969","1":"product","2":"type-product","3":"status-publish","5":"product_cat-bilim-muhendislik","6":"product_cat-populer-bilim","7":"pa_cilt-ciltsiz","8":"pa_tur-kitap","9":"pa_yayinevi-science-line-yayinlari","10":"pa_yazar-mehmet-suntar","12":"first","13":"instock","14":"sale","15":"shipping-taxable","16":"purchasable","17":"product-type-simple"},"_links":{"self":[{"href":"https:\/\/roveyayinevi.com.tr\/index.php\/wp-json\/wp\/v2\/product\/760969","targetHints":{"allow":["GET"]}}],"collection":[{"href":"https:\/\/roveyayinevi.com.tr\/index.php\/wp-json\/wp\/v2\/product"}],"about":[{"href":"https:\/\/roveyayinevi.com.tr\/index.php\/wp-json\/wp\/v2\/types\/product"}],"wp:attachment":[{"href":"https:\/\/roveyayinevi.com.tr\/index.php\/wp-json\/wp\/v2\/media?parent=760969"}],"wp:term":[{"taxonomy":"product_brand","embeddable":true,"href":"https:\/\/roveyayinevi.com.tr\/index.php\/wp-json\/wp\/v2\/product_brand?post=760969"},{"taxonomy":"product_cat","embeddable":true,"href":"https:\/\/roveyayinevi.com.tr\/index.php\/wp-json\/wp\/v2\/product_cat?post=760969"},{"taxonomy":"product_tag","embeddable":true,"href":"https:\/\/roveyayinevi.com.tr\/index.php\/wp-json\/wp\/v2\/product_tag?post=760969"}],"curies":[{"name":"wp","href":"https:\/\/api.w.org\/{rel}","templated":true}]}}