{"id":760968,"date":"2025-08-28T09:23:03","date_gmt":"2025-08-28T06:23:03","guid":{"rendered":"https:\/\/roveyayinevi.com.tr\/index.php\/urun\/uzayin-buyuk-kesfi-gunes-sistemi\/"},"modified":"2026-04-16T03:13:38","modified_gmt":"2026-04-16T00:13:38","slug":"uzayin-buyuk-kesfi-gunes-sistemi","status":"publish","type":"product","link":"https:\/\/roveyayinevi.com.tr\/index.php\/urun\/uzayin-buyuk-kesfi-gunes-sistemi\/","title":{"rendered":"Uzay\u0131n B\u00fcy\u00fck Ke\u015ffi G\u00fcne\u015f Sistemi"},"content":{"rendered":"<p>Uzay\u0131n i\u00e7erisinde olan g\u00fcne\u015f sistemi\u2019ni  ve gizemlerini ke\u015ffedin. B\u00fcy\u00fck Panoramik kitab\u0131 a\u00e7arak gezegenleri, i\u00e7 yap\u0131lar\u0131,s\u0131cakl\u0131klar\u0131 ve \u00e7ok daha fazlas\u0131 hakk\u0131nda yeni bilgiler \u00f6\u011frenin. \u0130nteraktif yap\u0131s\u0131 ve \u00f6zg\u00fcn i\u00e7eri\u011fiyle farkl\u0131 bir deneyim ya\u015fay\u0131n.<\/p>\n","protected":false},"excerpt":{"rendered":"<p>Uzay\u0131n i\u00e7erisinde olan g\u00fcne\u015f sistemi\u2019ni ve gizemlerini ke\u015ffedin. B\u00fcy\u00fck Panoramik kitab\u0131 a\u00e7arak gezegenleri, i\u00e7 yap\u0131lar\u0131,s\u0131cakl\u0131klar\u0131 ve \u00e7ok daha fazlas\u0131 hakk\u0131nda yeni bilgiler \u00f6\u011frenin. \u0130nteraktif yap\u0131s\u0131 ve<span class=\"excerpt-hellip\"> [\u2026]<\/span><\/p>\n","protected":false},"featured_media":0,"template":"","meta":{"_monsterinsights_skip_tracking":false,"_monsterinsights_sitenote_active":false,"_monsterinsights_sitenote_note":"","_monsterinsights_sitenote_category":0},"product_brand":[],"product_cat":[13829,12274],"product_tag":[],"class_list":{"0":"post-760968","1":"product","2":"type-product","3":"status-publish","5":"product_cat-bilimsel-kitaplar","6":"product_cat-cocuk-ve-genclik-kitaplari","7":"pa_cilt-ciltsiz","8":"pa_tur-kitap","9":"pa_yayinevi-science-line-yayinlari","10":"pa_yazar-mehmet-suntar","12":"first","13":"instock","14":"sale","15":"shipping-taxable","16":"purchasable","17":"product-type-simple"},"_links":{"self":[{"href":"https:\/\/roveyayinevi.com.tr\/index.php\/wp-json\/wp\/v2\/product\/760968","targetHints":{"allow":["GET"]}}],"collection":[{"href":"https:\/\/roveyayinevi.com.tr\/index.php\/wp-json\/wp\/v2\/product"}],"about":[{"href":"https:\/\/roveyayinevi.com.tr\/index.php\/wp-json\/wp\/v2\/types\/product"}],"wp:attachment":[{"href":"https:\/\/roveyayinevi.com.tr\/index.php\/wp-json\/wp\/v2\/media?parent=760968"}],"wp:term":[{"taxonomy":"product_brand","embeddable":true,"href":"https:\/\/roveyayinevi.com.tr\/index.php\/wp-json\/wp\/v2\/product_brand?post=760968"},{"taxonomy":"product_cat","embeddable":true,"href":"https:\/\/roveyayinevi.com.tr\/index.php\/wp-json\/wp\/v2\/product_cat?post=760968"},{"taxonomy":"product_tag","embeddable":true,"href":"https:\/\/roveyayinevi.com.tr\/index.php\/wp-json\/wp\/v2\/product_tag?post=760968"}],"curies":[{"name":"wp","href":"https:\/\/api.w.org\/{rel}","templated":true}]}}