{"id":760967,"date":"2025-08-28T09:23:00","date_gmt":"2025-08-28T06:23:00","guid":{"rendered":"https:\/\/roveyayinevi.com.tr\/index.php\/urun\/bana-yari-getirin\/"},"modified":"2026-04-08T03:22:33","modified_gmt":"2026-04-08T00:22:33","slug":"bana-yari-getirin","status":"publish","type":"product","link":"https:\/\/roveyayinevi.com.tr\/index.php\/urun\/bana-yari-getirin\/","title":{"rendered":"Bana Yari Getirin"},"content":{"rendered":"<p>Doktor ila\u00e7 k\u00e2r etmez bana y\u00e2ri getirin Sevmese de fark etmez bana y\u00e2ri getirin   Bakmasa da g\u00f6z\u00fcme uzanmasa dizime G\u00fclmese de y\u00fcz\u00fcme bana y\u00e2ri getirin   Onsuz nefes ar gelir koca d\u00fcnya dar gelir Onsuz her \u015fey zor gelir bana y\u00e2ri getirin   Tek \u015fifam odur benim tek ona hasret tenim Onunla ge\u00e7er g\u00fcn\u00fcm bana yeri getirin   Gamzemde ne\u015fe sa\u00e7ar busemde \u00e7i\u00e7ek a\u00e7ar Azrail ondan na\u00e7ar bana y\u00e2ri getirin   Onla gelir uykular \u015faha kalkar duygular O ne ho\u015ftur sayg\u0131lar bana y\u00e2ri getirin   A\u015fkta olsa \u00e7ile de g\u00f6z\u00fcm olmaz hilede Sevdim harikul\u00e2de bana yari getirin   K\u0131r\u0131lsa elim belim l\u00e2l olsa a\u011fz\u0131m dilim O d\u00fcnyada tek g\u00fcl\u00fcm bana y\u00e2ri getirin   Y\u00fcrek k\u00f6kten s\u00f6k\u00fclse kanl\u0131 ya\u015flar d\u00f6k\u00fclse Na\u00e7ar boynum b\u00fck\u00fclse bana y\u00e2ri getirin <\/p>\n","protected":false},"excerpt":{"rendered":"<p>Doktor ila\u00e7 k\u00e2r etmez bana y\u00e2ri getirin Sevmese de fark etmez bana y\u00e2ri getirin Bakmasa da g\u00f6z\u00fcme uzanmasa dizime G\u00fclmese de y\u00fcz\u00fcme bana y\u00e2ri getirin Onsuz<span class=\"excerpt-hellip\"> [\u2026]<\/span><\/p>\n","protected":false},"featured_media":0,"template":"","meta":{"_monsterinsights_skip_tracking":false,"_monsterinsights_sitenote_active":false,"_monsterinsights_sitenote_note":"","_monsterinsights_sitenote_category":0},"product_brand":[],"product_cat":[12291,12509],"product_tag":[],"class_list":{"0":"post-760967","1":"product","2":"type-product","3":"status-publish","5":"product_cat-edebiyat","6":"product_cat-siir","7":"pa_cilt-ciltsiz","8":"pa_tur-kitap","9":"pa_yayinevi-gulnar-yayinlari","10":"pa_yazar-fatma-arikan","12":"first","13":"instock","14":"sale","15":"shipping-taxable","16":"purchasable","17":"product-type-simple"},"_links":{"self":[{"href":"https:\/\/roveyayinevi.com.tr\/index.php\/wp-json\/wp\/v2\/product\/760967","targetHints":{"allow":["GET"]}}],"collection":[{"href":"https:\/\/roveyayinevi.com.tr\/index.php\/wp-json\/wp\/v2\/product"}],"about":[{"href":"https:\/\/roveyayinevi.com.tr\/index.php\/wp-json\/wp\/v2\/types\/product"}],"wp:attachment":[{"href":"https:\/\/roveyayinevi.com.tr\/index.php\/wp-json\/wp\/v2\/media?parent=760967"}],"wp:term":[{"taxonomy":"product_brand","embeddable":true,"href":"https:\/\/roveyayinevi.com.tr\/index.php\/wp-json\/wp\/v2\/product_brand?post=760967"},{"taxonomy":"product_cat","embeddable":true,"href":"https:\/\/roveyayinevi.com.tr\/index.php\/wp-json\/wp\/v2\/product_cat?post=760967"},{"taxonomy":"product_tag","embeddable":true,"href":"https:\/\/roveyayinevi.com.tr\/index.php\/wp-json\/wp\/v2\/product_tag?post=760967"}],"curies":[{"name":"wp","href":"https:\/\/api.w.org\/{rel}","templated":true}]}}