{"id":760963,"date":"2025-08-28T09:22:52","date_gmt":"2025-08-28T06:22:52","guid":{"rendered":"https:\/\/roveyayinevi.com.tr\/index.php\/urun\/ataturk-ihtilali\/"},"modified":"2026-04-16T03:13:38","modified_gmt":"2026-04-16T00:13:38","slug":"ataturk-ihtilali","status":"publish","type":"product","link":"https:\/\/roveyayinevi.com.tr\/index.php\/urun\/ataturk-ihtilali\/","title":{"rendered":"Atat\u00fcrk \u0130htilali"},"content":{"rendered":"<p>\u201cKonumuz T\u00fcrk ihtilalidir. \u00d6zellikle T\u00fcrk ihtilalinin hak tarihidir. Konumuzun et\u00fct ve analizlerine ba\u015flamadan \u00f6nce genel olarak ihtilallerin felsefesini yapmak faydal\u0131 olur. Bu et\u00fct, ink\u0131lab\u0131m\u0131z\u0131n yeni verimlerini, yeni kurumlar\u0131m\u0131z\u0131n ana dayanaklar\u0131n\u0131, kurallar\u0131n\u0131 anlatm\u0131\u015f ve g\u00f6stermi\u015f olacakt\u0131r.\u201d Mahmut Esat Bozkurt, Atat\u00fcrk \u0130htilali\u2019ne yukar\u0131daki c\u00fcmleleriyle ba\u015flar. Bu \u00e7al\u0131\u015fma Kemalist devrimin teorik altyap\u0131s\u0131n\u0131 olu\u015fturmaya \u00e7al\u0131\u015f\u0131rken somut \u00e7al\u0131\u015fmalar \u00fczerinden verimlilik tahlili yapmaya \u00e7al\u0131\u015fmaktad\u0131r. Kemalist devrim \u00f6znel bir teorik nizamda ya da ideolojik bir boyutta ger\u00e7ekle\u015fmez. Kaynaklar\u0131n\u0131 tarihsel ihtilaller s\u00fcrecinden toplayan ve ideal bir nizam kurmaya \u00e7al\u0131\u015farak s\u00fcrekli devrim ile ilerleme hedefini temel metot haline getiren devrimci bir gelene\u011fe sahiptir. Frans\u0131z \u0130htilali, Ekim Devrimi, Paris Kom\u00fcn\u00fc, \u015eeyh Bedrettin \u0130syan\u0131 ve Orta \u00c7a\u011f kalelerini y\u0131kan nice hareketler\u2026 \u0130htilal mant\u0131\u011f\u0131n\u0131n felsefi k\u00f6kleriyle toplumsal reflekslerini tarihi, sosyolojik, felsefi, ekonomik boyutta inceleyen Bozkurt, Kemalist ihtilal anlat\u0131s\u0131n\u0131n ilk \u00f6rne\u011fini sunmaktad\u0131r. <\/p>\n","protected":false},"excerpt":{"rendered":"<p>\u201cKonumuz T\u00fcrk ihtilalidir. \u00d6zellikle T\u00fcrk ihtilalinin hak tarihidir. Konumuzun et\u00fct ve analizlerine ba\u015flamadan \u00f6nce genel olarak ihtilallerin felsefesini yapmak faydal\u0131 olur. Bu et\u00fct, ink\u0131lab\u0131m\u0131z\u0131n yeni verimlerini,<span class=\"excerpt-hellip\"> [\u2026]<\/span><\/p>\n","protected":false},"featured_media":0,"template":"","meta":{"_monsterinsights_skip_tracking":false,"_monsterinsights_sitenote_active":false,"_monsterinsights_sitenote_note":"","_monsterinsights_sitenote_category":0},"product_brand":[],"product_cat":[12337],"product_tag":[],"class_list":{"0":"post-760963","1":"product","2":"type-product","3":"status-publish","5":"product_cat-politika-siyaset","6":"pa_cilt-ciltsiz","7":"pa_tur-kitap","8":"pa_yayinevi-pankus-yayinlari","9":"pa_yazar-mahmut-esat-bozkurt","11":"first","12":"instock","13":"sale","14":"shipping-taxable","15":"purchasable","16":"product-type-simple"},"_links":{"self":[{"href":"https:\/\/roveyayinevi.com.tr\/index.php\/wp-json\/wp\/v2\/product\/760963","targetHints":{"allow":["GET"]}}],"collection":[{"href":"https:\/\/roveyayinevi.com.tr\/index.php\/wp-json\/wp\/v2\/product"}],"about":[{"href":"https:\/\/roveyayinevi.com.tr\/index.php\/wp-json\/wp\/v2\/types\/product"}],"wp:attachment":[{"href":"https:\/\/roveyayinevi.com.tr\/index.php\/wp-json\/wp\/v2\/media?parent=760963"}],"wp:term":[{"taxonomy":"product_brand","embeddable":true,"href":"https:\/\/roveyayinevi.com.tr\/index.php\/wp-json\/wp\/v2\/product_brand?post=760963"},{"taxonomy":"product_cat","embeddable":true,"href":"https:\/\/roveyayinevi.com.tr\/index.php\/wp-json\/wp\/v2\/product_cat?post=760963"},{"taxonomy":"product_tag","embeddable":true,"href":"https:\/\/roveyayinevi.com.tr\/index.php\/wp-json\/wp\/v2\/product_tag?post=760963"}],"curies":[{"name":"wp","href":"https:\/\/api.w.org\/{rel}","templated":true}]}}