{"id":760961,"date":"2025-08-28T09:22:50","date_gmt":"2025-08-28T06:22:50","guid":{"rendered":"https:\/\/roveyayinevi.com.tr\/index.php\/urun\/canlilar-hakkinda-bilmeniz-gereken-150-super-akillica-sey\/"},"modified":"2026-04-16T03:13:38","modified_gmt":"2026-04-16T00:13:38","slug":"canlilar-hakkinda-bilmeniz-gereken-150-super-akillica-sey","status":"publish","type":"product","link":"https:\/\/roveyayinevi.com.tr\/index.php\/urun\/canlilar-hakkinda-bilmeniz-gereken-150-super-akillica-sey\/","title":{"rendered":"Canl\u0131lar Hakk\u0131nda Bilmeniz Gereken 150 S\u00fcper Ak\u0131ll\u0131ca \u015eey"},"content":{"rendered":"<p>Z\u00fcrafalar kendi kulaklar\u0131n\u0131 yalayabilirler mi?\u0130nsan kulaklar\u0131 b\u00fcy\u00fcmeyi ne zaman b\u0131rak\u0131r?Oynanan en uzun teniz ma\u00e7\u0131 ka\u00e7 saat d\u00fcrd\u00fc?Olimpiyatlarda madalya kazanan en ya\u015fl\u0131 ki\u015fi ka\u00e7 ya\u015f\u0131ndayd\u0131?\u00c7OK DAHA FAZLASINI \u00d6\u011eRENMEYE HAZIR MISINIZ?<\/p>\n","protected":false},"excerpt":{"rendered":"<p>Z\u00fcrafalar kendi kulaklar\u0131n\u0131 yalayabilirler mi?\u0130nsan kulaklar\u0131 b\u00fcy\u00fcmeyi ne zaman b\u0131rak\u0131r?Oynanan en uzun teniz ma\u00e7\u0131 ka\u00e7 saat d\u00fcrd\u00fc?Olimpiyatlarda madalya kazanan en ya\u015fl\u0131 ki\u015fi ka\u00e7 ya\u015f\u0131ndayd\u0131?\u00c7OK DAHA FAZLASINI<span class=\"excerpt-hellip\"> [\u2026]<\/span><\/p>\n","protected":false},"featured_media":0,"template":"","meta":{"_monsterinsights_skip_tracking":false,"_monsterinsights_sitenote_active":false,"_monsterinsights_sitenote_note":"","_monsterinsights_sitenote_category":0},"product_brand":[],"product_cat":[13005,13006],"product_tag":[],"class_list":{"0":"post-760961","1":"product","2":"type-product","3":"status-publish","5":"product_cat-bilim-muhendislik","6":"product_cat-populer-bilim","7":"pa_cilt-ciltsiz","8":"pa_tur-kitap","9":"pa_yayinevi-orenda","10":"pa_yazar-mathilda-masters","12":"first","13":"instock","14":"sale","15":"shipping-taxable","16":"purchasable","17":"product-type-simple"},"_links":{"self":[{"href":"https:\/\/roveyayinevi.com.tr\/index.php\/wp-json\/wp\/v2\/product\/760961","targetHints":{"allow":["GET"]}}],"collection":[{"href":"https:\/\/roveyayinevi.com.tr\/index.php\/wp-json\/wp\/v2\/product"}],"about":[{"href":"https:\/\/roveyayinevi.com.tr\/index.php\/wp-json\/wp\/v2\/types\/product"}],"wp:attachment":[{"href":"https:\/\/roveyayinevi.com.tr\/index.php\/wp-json\/wp\/v2\/media?parent=760961"}],"wp:term":[{"taxonomy":"product_brand","embeddable":true,"href":"https:\/\/roveyayinevi.com.tr\/index.php\/wp-json\/wp\/v2\/product_brand?post=760961"},{"taxonomy":"product_cat","embeddable":true,"href":"https:\/\/roveyayinevi.com.tr\/index.php\/wp-json\/wp\/v2\/product_cat?post=760961"},{"taxonomy":"product_tag","embeddable":true,"href":"https:\/\/roveyayinevi.com.tr\/index.php\/wp-json\/wp\/v2\/product_tag?post=760961"}],"curies":[{"name":"wp","href":"https:\/\/api.w.org\/{rel}","templated":true}]}}