{"id":760960,"date":"2025-08-28T09:22:48","date_gmt":"2025-08-28T06:22:48","guid":{"rendered":"https:\/\/roveyayinevi.com.tr\/index.php\/urun\/uzay-hakkinda-dogru-bildiginiz-yanlislar\/"},"modified":"2026-04-16T03:13:38","modified_gmt":"2026-04-16T00:13:38","slug":"uzay-hakkinda-dogru-bildiginiz-yanlislar","status":"publish","type":"product","link":"https:\/\/roveyayinevi.com.tr\/index.php\/urun\/uzay-hakkinda-dogru-bildiginiz-yanlislar\/","title":{"rendered":"Uzay Hakk\u0131nda Do\u011fru Bildi\u011finiz Yanl\u0131\u015flar"},"content":{"rendered":"<p>Uzay hakk\u0131ndaki yayg\u0131n efsaneleri \u00e7\u00fcr\u00fcten bu e\u011flenceli ve ayd\u0131nlat\u0131c\u0131 kitapla ilgin\u00e7 bilgiler edinin.  Yazar Matt Brown, Do\u011fru Bildi\u011finiz Yanl\u0131\u015flar serisinin bu kitab\u0131nda; gezegenimiz, evren ve \u201caradaki her \u015fey\u201d hakk\u0131nda \u015fa\u015f\u0131rt\u0131c\u0131 ger\u00e7ekleri bir araya getiriyor! Pop\u00fcler bilim kurgu filmlerinin ve TV \u015fovlar\u0131n\u0131n etkisiyle yay\u0131lan ve solucan deliklerinden ge\u00e7me hayaliyle ba\u015flay\u0131p, asteroitleri patlatma fikrine kadar uzanan bu yanl\u0131\u015f anlamalar\u0131 inceliyor.  Uzay Hakk\u0131nda Do\u011fru Bildi\u011finiz Yanl\u0131\u015flar\u2019da evrenimizle ilgili kavray\u0131\u015f\u0131m\u0131z\u0131 \u015fekillendiren efsaneler, dedikodular ve yanl\u0131\u015f al\u0131nt\u0131larla kar\u015f\u0131la\u015facaks\u0131n\u0131z. \u00d6rne\u011fin, uzay bo\u015flu\u011funda kalman\u0131n kan\u0131n\u0131z\u0131 kaynataca\u011f\u0131n\u0131 ve v\u00fccudunuzun patlayaca\u011f\u0131n\u0131z m\u0131 d\u00fc\u015f\u00fcn\u00fcyorsunuz? Ger\u00e7ekte, v\u00fccudunuz patlamaz ve uzay giysileri olmadan hayatta kalmak m\u00fcmk\u00fcnd\u00fcr. Astronotlar\u0131n s\u0131f\u0131r yer \u00e7ekimi nedeniyle serbest\u00e7e s\u00fcz\u00fcld\u00fc\u011f\u00fcn\u00fc m\u00fc d\u00fc\u015f\u00fcn\u00fcyorsunuz? Asl\u0131nda, D\u00fcnya\u2019ya do\u011fru s\u00fcrekli bir d\u00fc\u015f\u00fc\u015f h\u00e2linde olurlar. Ya da uzay\u0131n tamamen karanl\u0131k oldu\u011funu mu d\u00fc\u015f\u00fcn\u00fcyorsunuz? Do\u011frusu b\u00fcy\u00fck \u00f6l\u00e7\u00fcde ye\u015fildir.  Evrenin nas\u0131l i\u015fledi\u011fine dair bu bilgilendirici kitap, size yanl\u0131\u015f bilgiler labirentinde yol g\u00f6sterecek bir rehber niteli\u011finde. Uzayl\u0131larla kar\u015f\u0131la\u015f\u0131p kar\u015f\u0131la\u015fmayaca\u011f\u0131m\u0131z\u0131 (SETI, 2040 y\u0131l\u0131na kadar d\u00fcnya d\u0131\u015f\u0131 ya\u015fam\u0131n kan\u0131tlar\u0131n\u0131 elde edece\u011fimizi ileri s\u00fcr\u00fcyor!), bir kara deli\u011fin merkezinde ne oldu\u011funu veya neden Merk\u00fcr\u2019\u00fcn G\u00fcne\u015f Sistemi\u2019ndeki en s\u0131cak gezegen olmad\u0131\u011f\u0131n\u0131 merak ediyorsan\u0131z, bu kitapta doyurucu cevaplar bulacaks\u0131n\u0131z. Pop\u00fcler bilimdeki yanl\u0131\u015flar\u0131 a\u00e7\u0131\u011fa \u00e7\u0131karan Uzay Hakk\u0131nda Do\u011fru Bildi\u011finiz Yanl\u0131\u015flar, evrenimiz hakk\u0131nda keyifli ve e\u011flenceli bir bak\u0131\u015f sunuyor. <\/p>\n","protected":false},"excerpt":{"rendered":"<p>Uzay hakk\u0131ndaki yayg\u0131n efsaneleri \u00e7\u00fcr\u00fcten bu e\u011flenceli ve ayd\u0131nlat\u0131c\u0131 kitapla ilgin\u00e7 bilgiler edinin. Yazar Matt Brown, Do\u011fru Bildi\u011finiz Yanl\u0131\u015flar serisinin bu kitab\u0131nda; gezegenimiz, evren ve \u201caradaki<span class=\"excerpt-hellip\"> [\u2026]<\/span><\/p>\n","protected":false},"featured_media":0,"template":"","meta":{"_monsterinsights_skip_tracking":false,"_monsterinsights_sitenote_active":false,"_monsterinsights_sitenote_note":"","_monsterinsights_sitenote_category":0},"product_brand":[],"product_cat":[13005],"product_tag":[],"class_list":{"0":"post-760960","1":"product","2":"type-product","3":"status-publish","5":"product_cat-bilim-muhendislik","6":"pa_cilt-ciltsiz","7":"pa_tur-kitap","8":"pa_yayinevi-orenda","9":"pa_yazar-matt-brown","11":"first","12":"instock","13":"sale","14":"shipping-taxable","15":"purchasable","16":"product-type-simple"},"_links":{"self":[{"href":"https:\/\/roveyayinevi.com.tr\/index.php\/wp-json\/wp\/v2\/product\/760960","targetHints":{"allow":["GET"]}}],"collection":[{"href":"https:\/\/roveyayinevi.com.tr\/index.php\/wp-json\/wp\/v2\/product"}],"about":[{"href":"https:\/\/roveyayinevi.com.tr\/index.php\/wp-json\/wp\/v2\/types\/product"}],"wp:attachment":[{"href":"https:\/\/roveyayinevi.com.tr\/index.php\/wp-json\/wp\/v2\/media?parent=760960"}],"wp:term":[{"taxonomy":"product_brand","embeddable":true,"href":"https:\/\/roveyayinevi.com.tr\/index.php\/wp-json\/wp\/v2\/product_brand?post=760960"},{"taxonomy":"product_cat","embeddable":true,"href":"https:\/\/roveyayinevi.com.tr\/index.php\/wp-json\/wp\/v2\/product_cat?post=760960"},{"taxonomy":"product_tag","embeddable":true,"href":"https:\/\/roveyayinevi.com.tr\/index.php\/wp-json\/wp\/v2\/product_tag?post=760960"}],"curies":[{"name":"wp","href":"https:\/\/api.w.org\/{rel}","templated":true}]}}