{"id":760958,"date":"2025-08-28T09:22:44","date_gmt":"2025-08-28T06:22:44","guid":{"rendered":"https:\/\/roveyayinevi.com.tr\/index.php\/urun\/derin-zamandan-notlar\/"},"modified":"2026-04-16T03:13:38","modified_gmt":"2026-04-16T00:13:38","slug":"derin-zamandan-notlar","status":"publish","type":"product","link":"https:\/\/roveyayinevi.com.tr\/index.php\/urun\/derin-zamandan-notlar\/","title":{"rendered":"Derin Zamandan Notlar"},"content":{"rendered":"<p>Londra&#8217;n\u0131n gizli fosillerinden \u0130sko\u00e7 Da\u011fl\u0131k B\u00f6lgesi&#8217;nin 3 milyar y\u0131ll\u0131k kayal\u0131klar\u0131na, Kaliforniya&#8217;daki son teknoloji \u00fcr\u00fcn\u00fc laboratuvarlardan Bat\u0131 Napoli&#8217;nin ye\u015fil tepelerinin alt\u0131nda sakl\u0131 tehlikeli volkanik olu\u015fumlara uzanan bir yolculu\u011fa \u00e7\u0131k\u0131n. D\u00fcnya&#8217;n\u0131n ya\u015fam \u00f6yk\u00fcs\u00fcn\u00fcn \u00fczerine yaz\u0131ld\u0131\u011f\u0131 yerleri ke\u015ffedin. Helen Gordon, bu gezegenin destan\u0131n\u0131 okuyabilen ola\u011fan\u00fcst\u00fc bilim insanlar\u0131na bir romanc\u0131 g\u00f6z\u00fcyle bak\u0131yor. Evrim ya da kuantum mekani\u011fi ile kar\u015f\u0131la\u015ft\u0131r\u0131labilecek \u00f6nemde bir bulu\u015f olan ancak daha gen\u00e7 ve h\u00e2l\u00e2 gizemle \u00f6rt\u00fcl\u00fc levha tektoni\u011fi gibi her \u015feyin temelini olu\u015fturan teoriyi inceliyor; ve \u00fczerinde biz olsak da olmasak da gezegenimizin gelece\u011fi konusunda sorgulamalara giri\u015fiyor. D\u00fcnya&#8217;n\u0131n korkutucu de\u011fi\u015fiminin e\u015fi\u011finde oldu\u011fumuzbir d\u00f6nemde, b\u00fcy\u00fck resmin i\u00e7indeki yerimizi kavramaya \u00e7al\u0131\u015fman\u0131n zaman\u0131 gelmedi mi sizce?   \u201cOla\u011fan\u00fcst\u00fc&#8230; Bunu sadece bir &#8220;tarih&#8221; \u00e7al\u0131\u015fmas\u0131 olarak adland\u0131rmakHelen Gordon&#8217;un azmine haks\u0131zl\u0131k olur\u201d   Simon Ings, Daily Telegraph<\/p>\n","protected":false},"excerpt":{"rendered":"<p>Londra&#8217;n\u0131n gizli fosillerinden \u0130sko\u00e7 Da\u011fl\u0131k B\u00f6lgesi&#8217;nin 3 milyar y\u0131ll\u0131k kayal\u0131klar\u0131na, Kaliforniya&#8217;daki son teknoloji \u00fcr\u00fcn\u00fc laboratuvarlardan Bat\u0131 Napoli&#8217;nin ye\u015fil tepelerinin alt\u0131nda sakl\u0131 tehlikeli volkanik olu\u015fumlara uzanan bir<span class=\"excerpt-hellip\"> [\u2026]<\/span><\/p>\n","protected":false},"featured_media":0,"template":"","meta":{"_monsterinsights_skip_tracking":false,"_monsterinsights_sitenote_active":false,"_monsterinsights_sitenote_note":"","_monsterinsights_sitenote_category":0},"product_brand":[],"product_cat":[13005],"product_tag":[],"class_list":{"0":"post-760958","1":"product","2":"type-product","3":"status-publish","5":"product_cat-bilim-muhendislik","6":"pa_cilt-ciltsiz","7":"pa_tur-kitap","8":"pa_yayinevi-yeditepe-yayinevi","9":"pa_yazar-helen-gordon","11":"first","12":"instock","13":"sale","14":"shipping-taxable","15":"purchasable","16":"product-type-simple"},"_links":{"self":[{"href":"https:\/\/roveyayinevi.com.tr\/index.php\/wp-json\/wp\/v2\/product\/760958","targetHints":{"allow":["GET"]}}],"collection":[{"href":"https:\/\/roveyayinevi.com.tr\/index.php\/wp-json\/wp\/v2\/product"}],"about":[{"href":"https:\/\/roveyayinevi.com.tr\/index.php\/wp-json\/wp\/v2\/types\/product"}],"wp:attachment":[{"href":"https:\/\/roveyayinevi.com.tr\/index.php\/wp-json\/wp\/v2\/media?parent=760958"}],"wp:term":[{"taxonomy":"product_brand","embeddable":true,"href":"https:\/\/roveyayinevi.com.tr\/index.php\/wp-json\/wp\/v2\/product_brand?post=760958"},{"taxonomy":"product_cat","embeddable":true,"href":"https:\/\/roveyayinevi.com.tr\/index.php\/wp-json\/wp\/v2\/product_cat?post=760958"},{"taxonomy":"product_tag","embeddable":true,"href":"https:\/\/roveyayinevi.com.tr\/index.php\/wp-json\/wp\/v2\/product_tag?post=760958"}],"curies":[{"name":"wp","href":"https:\/\/api.w.org\/{rel}","templated":true}]}}