{"id":760957,"date":"2025-08-28T09:22:43","date_gmt":"2025-08-28T06:22:43","guid":{"rendered":"https:\/\/roveyayinevi.com.tr\/index.php\/urun\/istihbaratta-yontemler\/"},"modified":"2026-04-16T03:13:38","modified_gmt":"2026-04-16T00:13:38","slug":"istihbaratta-yontemler","status":"publish","type":"product","link":"https:\/\/roveyayinevi.com.tr\/index.php\/urun\/istihbaratta-yontemler\/","title":{"rendered":"\u0130stihbaratta Y\u00f6ntemler"},"content":{"rendered":"<p>Yap\u0131land\u0131r\u0131lm\u0131\u015f Analiz Teknikleri, istihbarat analizcilerinin kan\u0131tlanm\u0131\u015f bili\u015fsel s\u0131n\u0131rlamalar\u0131yla ba\u015fa \u00e7\u0131kmalar\u0131na, analitik \u00f6n yarg\u0131lar\u0131n\u0131 bertaraf etmelerine ve sorgulanmam\u0131\u015f zihinsel modeller veya zihniyetlerle ili\u015fkili sorunlarla a\u00e7\u0131k\u00e7a y\u00fczle\u015fmelerine yard\u0131mc\u0131 olan teknikler b\u00fct\u00fcn\u00fcd\u00fcr. Analizcilerin daha titiz d\u00fc\u015f\u00fcnmelerine, varsay\u0131mlar\u0131 inceleyerek test etmelerine olanak sa\u011flar.  Kitapta, ortaya \u00e7\u0131k\u0131\u015f\u0131ndan g\u00fcn\u00fcm\u00fcze konu al\u0131nan \u015eeytan\u0131n Avukatl\u0131\u011f\u0131 tekni\u011fi ise Yap\u0131land\u0131r\u0131lm\u0131\u015f Analiz Tekniklerinin b\u00fcy\u00fcyen yap\u0131s\u0131 i\u00e7inde bir kar\u015f\u0131t teknik olarak kabul edilmektedir. \u015eeytan\u0131n Avukatl\u0131\u011f\u0131 analiz tekni\u011finin, istihbarat \u00fcr\u00fcnlerinin kalitesinin ele\u015ftirel bir \u015fekilde g\u00f6zden ge\u00e7irilmesinde, istihbarat analizindeki \u00f6n yarg\u0131lara ve a\u015f\u0131r\u0131 bask\u0131n zihniyetlere kar\u015f\u0131 koymas\u0131 a\u00e7\u0131s\u0131ndan \u00f6nem arz etti\u011fi s\u00f6ylenebilir.  \u015eeytan\u0131n Avukatl\u0131\u011f\u0131 analiz tekni\u011finin amac\u0131, h\u00e2kim g\u00f6r\u00fc\u015f\u00fcn do\u011frulu\u011funa ili\u015fkin yeni d\u00fc\u015f\u00fcnceleri te\u015fvik etmektir. \u0130stihbarat kurumlar\u0131 taraf\u0131ndan istihbarat de\u011ferlendirmelerinin form\u00fcle edilmesinde ve politikac\u0131lar taraf\u0131ndan bu de\u011ferlendirmelere dayal\u0131 stratejik karar alma s\u00fcre\u00e7lerinde \u201c\u015eeytan\u0131n Avukat\u0131\u201d mekanizmas\u0131na \u00f6nem verilmesi gerekti\u011fi de\u011ferlendirilmi\u015ftir.<\/p>\n","protected":false},"excerpt":{"rendered":"<p>Yap\u0131land\u0131r\u0131lm\u0131\u015f Analiz Teknikleri, istihbarat analizcilerinin kan\u0131tlanm\u0131\u015f bili\u015fsel s\u0131n\u0131rlamalar\u0131yla ba\u015fa \u00e7\u0131kmalar\u0131na, analitik \u00f6n yarg\u0131lar\u0131n\u0131 bertaraf etmelerine ve sorgulanmam\u0131\u015f zihinsel modeller veya zihniyetlerle ili\u015fkili sorunlarla a\u00e7\u0131k\u00e7a y\u00fczle\u015fmelerine yard\u0131mc\u0131<span class=\"excerpt-hellip\"> [\u2026]<\/span><\/p>\n","protected":false},"featured_media":0,"template":"","meta":{"_monsterinsights_skip_tracking":false,"_monsterinsights_sitenote_active":false,"_monsterinsights_sitenote_note":"","_monsterinsights_sitenote_category":0},"product_brand":[],"product_cat":[13772,12364],"product_tag":[],"class_list":{"0":"post-760957","1":"product","2":"type-product","3":"status-publish","5":"product_cat-basvuru-kitaplari","6":"product_cat-genel-konular","7":"pa_cilt-ciltsiz","8":"pa_tur-kitap","9":"pa_yayinevi-yeditepe-yayinevi","10":"pa_yazar-namik-cencen","12":"first","13":"instock","14":"sale","15":"shipping-taxable","16":"purchasable","17":"product-type-simple"},"_links":{"self":[{"href":"https:\/\/roveyayinevi.com.tr\/index.php\/wp-json\/wp\/v2\/product\/760957","targetHints":{"allow":["GET"]}}],"collection":[{"href":"https:\/\/roveyayinevi.com.tr\/index.php\/wp-json\/wp\/v2\/product"}],"about":[{"href":"https:\/\/roveyayinevi.com.tr\/index.php\/wp-json\/wp\/v2\/types\/product"}],"wp:attachment":[{"href":"https:\/\/roveyayinevi.com.tr\/index.php\/wp-json\/wp\/v2\/media?parent=760957"}],"wp:term":[{"taxonomy":"product_brand","embeddable":true,"href":"https:\/\/roveyayinevi.com.tr\/index.php\/wp-json\/wp\/v2\/product_brand?post=760957"},{"taxonomy":"product_cat","embeddable":true,"href":"https:\/\/roveyayinevi.com.tr\/index.php\/wp-json\/wp\/v2\/product_cat?post=760957"},{"taxonomy":"product_tag","embeddable":true,"href":"https:\/\/roveyayinevi.com.tr\/index.php\/wp-json\/wp\/v2\/product_tag?post=760957"}],"curies":[{"name":"wp","href":"https:\/\/api.w.org\/{rel}","templated":true}]}}