{"id":760956,"date":"2025-08-28T09:22:41","date_gmt":"2025-08-28T06:22:41","guid":{"rendered":"https:\/\/roveyayinevi.com.tr\/index.php\/urun\/marvel-x-mendark-phoenix-efsanesi\/"},"modified":"2026-04-16T03:13:38","modified_gmt":"2026-04-16T00:13:38","slug":"marvel-x-mendark-phoenix-efsanesi","status":"publish","type":"product","link":"https:\/\/roveyayinevi.com.tr\/index.php\/urun\/marvel-x-mendark-phoenix-efsanesi\/","title":{"rendered":"Marvel: X-Men:Dark Phoenix Efsanesi"},"content":{"rendered":"<p>DEV B\u0130R G\u00dcNE\u015e PATLAMASI ESNASINDA TAL\u0130HS\u0130Z B\u0130RMEK\u0130\u011eE P\u0130LOTLUK EDEN JEAN GREY, X-MEN\u2019\u0130 KURTARMAK\u0130\u00c7\u0130N KEND\u0130 HAYATINI FEDA EDER. SONRA B\u0130R MUC\u0130ZE OLURVE JEAN YEN\u0130DEN DO\u011eAR!   Ona ismini veren yarat\u0131k gibi Anka Ku\u015fu y\u00fckselir ve Jean evrenin en g\u00fc\u00e7l\u00fc varl\u0131\u011f\u0131 h\u00e2line gelir. Ama o ve X-Men, Cehennem Ate\u015fi Kul\u00fcb\u00fc olarak bilinen gizli organizasyona sald\u0131r\u0131 d\u00fczenlediklerinde, mutant dostlar\u0131na ihanet etmesi i\u00e7in kand\u0131r\u0131l\u0131r. Jean, Cehennem Ate\u015fi Kul\u00fcb\u00fc\u2019n\u00fcn KaraKrali\u00e7esi\u2019ne d\u00f6n\u00fc\u015f\u00fcr ve g\u00fc\u00e7leri tehlikeli bir h\u00e2l al\u0131r. G\u00fcc\u00fc kontrolden \u00e7\u0131kmaya ba\u015flarken, Dark Phoenix\u2019in durdurulmas\u0131 gerekti\u011fi anla\u015f\u0131l\u0131r. Baz\u0131lar\u0131 bedeli ne olursa olsun, onu yok etmeye haz\u0131rd\u0131r fakat X-Men \u00fcyeleri \u00e7aresizce Jean\u2019i \u00f6ld\u00fcrmeden onu alt etmenin bir yolunu arar. Gezegenimizin kaderi onlar\u0131n ba\u015far\u0131s\u0131na ba\u011fl\u0131d\u0131r.<\/p>\n","protected":false},"excerpt":{"rendered":"<p>DEV B\u0130R G\u00dcNE\u015e PATLAMASI ESNASINDA TAL\u0130HS\u0130Z B\u0130RMEK\u0130\u011eE P\u0130LOTLUK EDEN JEAN GREY, X-MEN\u2019\u0130 KURTARMAK\u0130\u00c7\u0130N KEND\u0130 HAYATINI FEDA EDER. SONRA B\u0130R MUC\u0130ZE OLURVE JEAN YEN\u0130DEN DO\u011eAR! Ona ismini<span class=\"excerpt-hellip\"> [\u2026]<\/span><\/p>\n","protected":false},"featured_media":0,"template":"","meta":{"_monsterinsights_skip_tracking":false,"_monsterinsights_sitenote_active":false,"_monsterinsights_sitenote_note":"","_monsterinsights_sitenote_category":0},"product_brand":[],"product_cat":[12291,14777],"product_tag":[],"class_list":{"0":"post-760956","1":"product","2":"type-product","3":"status-publish","5":"product_cat-edebiyat","6":"product_cat-fantastik","7":"pa_cilt-ciltsiz","8":"pa_tur-kitap","9":"pa_yayinevi-epsilon-yayinlari","10":"pa_yazar-stuart-moore","12":"first","13":"instock","14":"sale","15":"shipping-taxable","16":"purchasable","17":"product-type-simple"},"_links":{"self":[{"href":"https:\/\/roveyayinevi.com.tr\/index.php\/wp-json\/wp\/v2\/product\/760956","targetHints":{"allow":["GET"]}}],"collection":[{"href":"https:\/\/roveyayinevi.com.tr\/index.php\/wp-json\/wp\/v2\/product"}],"about":[{"href":"https:\/\/roveyayinevi.com.tr\/index.php\/wp-json\/wp\/v2\/types\/product"}],"wp:attachment":[{"href":"https:\/\/roveyayinevi.com.tr\/index.php\/wp-json\/wp\/v2\/media?parent=760956"}],"wp:term":[{"taxonomy":"product_brand","embeddable":true,"href":"https:\/\/roveyayinevi.com.tr\/index.php\/wp-json\/wp\/v2\/product_brand?post=760956"},{"taxonomy":"product_cat","embeddable":true,"href":"https:\/\/roveyayinevi.com.tr\/index.php\/wp-json\/wp\/v2\/product_cat?post=760956"},{"taxonomy":"product_tag","embeddable":true,"href":"https:\/\/roveyayinevi.com.tr\/index.php\/wp-json\/wp\/v2\/product_tag?post=760956"}],"curies":[{"name":"wp","href":"https:\/\/api.w.org\/{rel}","templated":true}]}}