{"id":760955,"date":"2025-08-28T09:22:40","date_gmt":"2025-08-28T06:22:40","guid":{"rendered":"https:\/\/roveyayinevi.com.tr\/index.php\/urun\/cernobilde-gece-yarisi\/"},"modified":"2026-04-16T03:13:38","modified_gmt":"2026-04-16T00:13:38","slug":"cernobilde-gece-yarisi","status":"publish","type":"product","link":"https:\/\/roveyayinevi.com.tr\/index.php\/urun\/cernobilde-gece-yarisi\/","title":{"rendered":"\u00c7ernobil&#8217;de Gece Yar\u0131s\u0131"},"content":{"rendered":"<p>&#8220;Bilim k\u00fclt\u00fcn\u00fcn dinin yerini ald\u0131\u011f\u0131 bir toplumda n\u00fckleer \u015fefleri, en kutsal ikonlar \u2013Sovyet devletinin temelleri\u2013 aras\u0131ndayd\u0131. Gururlar\u0131n\u0131n k\u0131r\u0131lmas\u0131na izin verilmesi, SSCB\u2019nin \u00fczerine in\u015fa edildi\u011fi t\u00fcm sistemin b\u00fct\u00fcnl\u00fc\u011f\u00fcn\u00fc zay\u0131flat\u0131rd\u0131.Onlar su\u00e7lu g\u00f6r\u00fclemezdi.&#8221; 1986 y\u0131l\u0131n\u0131n Nisan ay\u0131nda, Ukrayna\u2019n\u0131n kuzeyinde bulunan Pripyat kasabas\u0131, insanl\u0131\u011f\u0131n g\u00f6r\u00fcp g\u00f6rebilece\u011fi en korkun\u00e7 gecelerden birine tan\u0131kl\u0131k etti. Sovyetler Birli\u011fi\u2019nin en b\u00fcy\u00fck n\u00fckleer santrali\u00c7ernobil\u2019de meydana gelen patlama, d\u00fcnyan\u0131n kaderini sonsuza dek de\u011fi\u015ftirecek bir felaketti. Ancak bu trajedinin ard\u0131nda yatan ger\u00e7ek, daha \u00f6nce hi\u00e7 bu kadar \u00e7arp\u0131c\u0131 ve insani bir \u015fekilde anlat\u0131lmam\u0131\u015ft\u0131&#8230; Ta ki \u015fimdiye kadar. \u00c7ernobil sadece bir n\u00fckleer kaza de\u011fil; ayn\u0131 zamanda insanl\u0131\u011f\u0131n do\u011fa \u00fczerindeki egemenlik aray\u0131\u015f\u0131n\u0131n ac\u0131 bir hat\u0131ras\u0131. Bu felaket, radyasyonun korkun\u00e7 etkilerinin yan\u0131 s\u0131ra insan\u0131n kendi yaratt\u0131\u011f\u0131 teknolojik canavarla ba\u015f etme \u00e7abas\u0131n\u0131n hik\u00e2yesidir. Bu trajik olay gizlilik politikalar\u0131yla, propagandalarla ve yanl\u0131\u015f bilgilerle dolu bir perdenin ard\u0131nda uzun s\u00fcre kapal\u0131 bir kutu olarak kald\u0131.  Ancak \u015fimdi, Higginbotham\u2019\u0131n kalemiyle ger\u00e7e\u011fe bir ad\u0131m daha yakla\u015f\u0131yoruz. \u0130nsanl\u0131k tarihinin y\u00fczle\u015fti\u011fi en b\u00fcy\u00fck felaketlerden biri olan \u00c7ernobil\u2019in ard\u0131ndaki s\u0131r perdesi aralan\u0131yor\u2026<\/p>\n","protected":false},"excerpt":{"rendered":"<p>&#8220;Bilim k\u00fclt\u00fcn\u00fcn dinin yerini ald\u0131\u011f\u0131 bir toplumda n\u00fckleer \u015fefleri, en kutsal ikonlar \u2013Sovyet devletinin temelleri\u2013 aras\u0131ndayd\u0131. Gururlar\u0131n\u0131n k\u0131r\u0131lmas\u0131na izin verilmesi, SSCB\u2019nin \u00fczerine in\u015fa edildi\u011fi t\u00fcm sistemin<span class=\"excerpt-hellip\"> [\u2026]<\/span><\/p>\n","protected":false},"featured_media":0,"template":"","meta":{"_monsterinsights_skip_tracking":false,"_monsterinsights_sitenote_active":false,"_monsterinsights_sitenote_note":"","_monsterinsights_sitenote_category":0},"product_brand":[],"product_cat":[13005],"product_tag":[],"class_list":{"0":"post-760955","1":"product","2":"type-product","3":"status-publish","5":"product_cat-bilim-muhendislik","6":"pa_cilt-ciltsiz","7":"pa_tur-kitap","8":"pa_yayinevi-epsilon-yayinlari","9":"pa_yazar-adam-higginbotham","11":"first","12":"instock","13":"sale","14":"shipping-taxable","15":"purchasable","16":"product-type-simple"},"_links":{"self":[{"href":"https:\/\/roveyayinevi.com.tr\/index.php\/wp-json\/wp\/v2\/product\/760955","targetHints":{"allow":["GET"]}}],"collection":[{"href":"https:\/\/roveyayinevi.com.tr\/index.php\/wp-json\/wp\/v2\/product"}],"about":[{"href":"https:\/\/roveyayinevi.com.tr\/index.php\/wp-json\/wp\/v2\/types\/product"}],"wp:attachment":[{"href":"https:\/\/roveyayinevi.com.tr\/index.php\/wp-json\/wp\/v2\/media?parent=760955"}],"wp:term":[{"taxonomy":"product_brand","embeddable":true,"href":"https:\/\/roveyayinevi.com.tr\/index.php\/wp-json\/wp\/v2\/product_brand?post=760955"},{"taxonomy":"product_cat","embeddable":true,"href":"https:\/\/roveyayinevi.com.tr\/index.php\/wp-json\/wp\/v2\/product_cat?post=760955"},{"taxonomy":"product_tag","embeddable":true,"href":"https:\/\/roveyayinevi.com.tr\/index.php\/wp-json\/wp\/v2\/product_tag?post=760955"}],"curies":[{"name":"wp","href":"https:\/\/api.w.org\/{rel}","templated":true}]}}