{"id":760953,"date":"2025-08-28T09:22:37","date_gmt":"2025-08-28T06:22:37","guid":{"rendered":"https:\/\/roveyayinevi.com.tr\/index.php\/urun\/liman-tepe-1-ciltli\/"},"modified":"2026-04-16T03:13:37","modified_gmt":"2026-04-16T00:13:37","slug":"liman-tepe-1-ciltli","status":"publish","type":"product","link":"https:\/\/roveyayinevi.com.tr\/index.php\/urun\/liman-tepe-1-ciltli\/","title":{"rendered":"Liman Tepe 1 (Ciltli)"},"content":{"rendered":"<p>\u0130zmir ili Urla il\u00e7esi, \u0130skele Mahallesi\u2019nde bir yar\u0131mada \u00fczerinde yer alan Liman Tepe\u2019de, antik Klazomenai kentinin erken d\u00f6nem tabakalar\u0131n\u0131 ara\u015ft\u0131rmak amac\u0131yla, 1992 y\u0131l\u0131nda Ankara \u00dcniversitesi Arkeoloji B\u00f6l\u00fcm\u00fc \u00f6\u011fretim \u00fcyelerinden Prof. Dr. Hayat Erkanal\u2019\u0131n ba\u015fkanl\u0131\u011f\u0131nda kaz\u0131lara ba\u015flan\u0131lm\u0131\u015ft\u0131r. 1992\u22122019 y\u0131llar\u0131 aras\u0131nda yap\u0131lan \u00e7al\u0131\u015fmalarda a\u00e7\u0131\u011fa \u00e7\u0131kart\u0131lan OT\u00c7 yerle\u015fimine ait seramik ve k\u00fc\u00e7\u00fck buluntular bu yay\u0131n\u0131n konusunu olu\u015fturmaktad\u0131r.<\/p>\n","protected":false},"excerpt":{"rendered":"<p>\u0130zmir ili Urla il\u00e7esi, \u0130skele Mahallesi\u2019nde bir yar\u0131mada \u00fczerinde yer alan Liman Tepe\u2019de, antik Klazomenai kentinin erken d\u00f6nem tabakalar\u0131n\u0131 ara\u015ft\u0131rmak amac\u0131yla, 1992 y\u0131l\u0131nda Ankara \u00dcniversitesi Arkeoloji<span class=\"excerpt-hellip\"> [\u2026]<\/span><\/p>\n","protected":false},"featured_media":0,"template":"","meta":{"_monsterinsights_skip_tracking":false,"_monsterinsights_sitenote_active":false,"_monsterinsights_sitenote_note":"","_monsterinsights_sitenote_category":0},"product_brand":[],"product_cat":[52477,52478],"product_tag":[],"class_list":{"0":"post-760953","1":"product","2":"type-product","3":"status-publish","5":"product_cat-arastirma","6":"product_cat-arkeoloji","7":"pa_cilt-ciltli","8":"pa_tur-kitap","9":"pa_yayinevi-bilgin-kultur-sanat","10":"pa_yazar-aysegul-aykurt","12":"first","13":"instock","14":"sale","15":"shipping-taxable","16":"purchasable","17":"product-type-simple"},"_links":{"self":[{"href":"https:\/\/roveyayinevi.com.tr\/index.php\/wp-json\/wp\/v2\/product\/760953","targetHints":{"allow":["GET"]}}],"collection":[{"href":"https:\/\/roveyayinevi.com.tr\/index.php\/wp-json\/wp\/v2\/product"}],"about":[{"href":"https:\/\/roveyayinevi.com.tr\/index.php\/wp-json\/wp\/v2\/types\/product"}],"wp:attachment":[{"href":"https:\/\/roveyayinevi.com.tr\/index.php\/wp-json\/wp\/v2\/media?parent=760953"}],"wp:term":[{"taxonomy":"product_brand","embeddable":true,"href":"https:\/\/roveyayinevi.com.tr\/index.php\/wp-json\/wp\/v2\/product_brand?post=760953"},{"taxonomy":"product_cat","embeddable":true,"href":"https:\/\/roveyayinevi.com.tr\/index.php\/wp-json\/wp\/v2\/product_cat?post=760953"},{"taxonomy":"product_tag","embeddable":true,"href":"https:\/\/roveyayinevi.com.tr\/index.php\/wp-json\/wp\/v2\/product_tag?post=760953"}],"curies":[{"name":"wp","href":"https:\/\/api.w.org\/{rel}","templated":true}]}}