{"id":760952,"date":"2025-08-28T09:22:36","date_gmt":"2025-08-28T06:22:36","guid":{"rendered":"https:\/\/roveyayinevi.com.tr\/index.php\/urun\/gizli-potansiyelimizin-kesfi\/"},"modified":"2026-04-16T03:13:37","modified_gmt":"2026-04-16T00:13:37","slug":"gizli-potansiyelimizin-kesfi","status":"publish","type":"product","link":"https:\/\/roveyayinevi.com.tr\/index.php\/urun\/gizli-potansiyelimizin-kesfi\/","title":{"rendered":"Gizli Potansiyelimizin Ke\u015ffi"},"content":{"rendered":"<p>ATOM BOMBASININ BABASI OLARAK ANILAN OPPENHEIMER\u2019IN KUSUR BULAMADI\u011eI, B\u0130L\u0130M \u00c7EVRELER\u0130NDEN YILLARCA DI\u015eLAMAYA \u00c7ALI\u015eTI\u011eI TEOR\u0130, B\u0130L\u0130NC\u0130 VE KOZMOSU A\u00c7IKLAYAB\u0130L\u0130R M\u0130?   Gece g\u00f6ky\u00fcz\u00fcne, y\u0131ld\u0131zlara bakt\u0131\u011f\u0131m\u0131zda aralar\u0131nda bo\u015fluklar g\u00f6r\u00fcr\u00fcz. Asl\u0131nda bo\u015f dedi\u011fimiz alanlar dolu mu? G\u00f6rd\u00fc\u011f\u00fcm\u00fcz y\u0131ld\u0131zlar engin bir denizdeki baloncuklar, girdaplar gibi mi? Evren canl\u0131 bir organizma m\u0131? Bilin\u00e7 nedir, nerede sakl\u0131? Pineal bezin bilin\u00e7le bir ba\u011flant\u0131s\u0131 var m\u0131? Bilincin en ilkel halini olu\u015fturan nedir? Yeni evrensel holografik sistem nas\u0131l \u00e7al\u0131\u015f\u0131yor? Bizler onun bir par\u00e7as\u0131 m\u0131y\u0131z?   Evrenin ve bilincin s\u0131rlar\u0131n\u0131n izinde heyecanl\u0131 bir yolculuk.   Kitab\u0131 okuduktan sonra y\u0131ld\u0131zlara, ya\u015fama, evrene daha farkl\u0131 bakacaks\u0131n\u0131z. <\/p>\n","protected":false},"excerpt":{"rendered":"<p>ATOM BOMBASININ BABASI OLARAK ANILAN OPPENHEIMER\u2019IN KUSUR BULAMADI\u011eI, B\u0130L\u0130M \u00c7EVRELER\u0130NDEN YILLARCA DI\u015eLAMAYA \u00c7ALI\u015eTI\u011eI TEOR\u0130, B\u0130L\u0130NC\u0130 VE KOZMOSU A\u00c7IKLAYAB\u0130L\u0130R M\u0130? Gece g\u00f6ky\u00fcz\u00fcne, y\u0131ld\u0131zlara bakt\u0131\u011f\u0131m\u0131zda aralar\u0131nda bo\u015fluklar g\u00f6r\u00fcr\u00fcz.<span class=\"excerpt-hellip\"> [\u2026]<\/span><\/p>\n","protected":false},"featured_media":0,"template":"","meta":{"_monsterinsights_skip_tracking":false,"_monsterinsights_sitenote_active":false,"_monsterinsights_sitenote_note":"","_monsterinsights_sitenote_category":0},"product_brand":[],"product_cat":[13005,13006],"product_tag":[],"class_list":{"0":"post-760952","1":"product","2":"type-product","3":"status-publish","5":"product_cat-bilim-muhendislik","6":"product_cat-populer-bilim","7":"pa_cilt-ciltsiz","8":"pa_tur-kitap","9":"pa_yayinevi-destek-yayinlari","10":"pa_yazar-levent-ersan","12":"first","13":"instock","14":"sale","15":"shipping-taxable","16":"purchasable","17":"product-type-simple"},"_links":{"self":[{"href":"https:\/\/roveyayinevi.com.tr\/index.php\/wp-json\/wp\/v2\/product\/760952","targetHints":{"allow":["GET"]}}],"collection":[{"href":"https:\/\/roveyayinevi.com.tr\/index.php\/wp-json\/wp\/v2\/product"}],"about":[{"href":"https:\/\/roveyayinevi.com.tr\/index.php\/wp-json\/wp\/v2\/types\/product"}],"wp:attachment":[{"href":"https:\/\/roveyayinevi.com.tr\/index.php\/wp-json\/wp\/v2\/media?parent=760952"}],"wp:term":[{"taxonomy":"product_brand","embeddable":true,"href":"https:\/\/roveyayinevi.com.tr\/index.php\/wp-json\/wp\/v2\/product_brand?post=760952"},{"taxonomy":"product_cat","embeddable":true,"href":"https:\/\/roveyayinevi.com.tr\/index.php\/wp-json\/wp\/v2\/product_cat?post=760952"},{"taxonomy":"product_tag","embeddable":true,"href":"https:\/\/roveyayinevi.com.tr\/index.php\/wp-json\/wp\/v2\/product_tag?post=760952"}],"curies":[{"name":"wp","href":"https:\/\/api.w.org\/{rel}","templated":true}]}}