{"id":760950,"date":"2025-08-28T09:22:32","date_gmt":"2025-08-28T06:22:32","guid":{"rendered":"https:\/\/roveyayinevi.com.tr\/index.php\/urun\/ayriliklarin-da-sonu-var\/"},"modified":"2026-04-16T03:13:37","modified_gmt":"2026-04-16T00:13:37","slug":"ayriliklarin-da-sonu-var","status":"publish","type":"product","link":"https:\/\/roveyayinevi.com.tr\/index.php\/urun\/ayriliklarin-da-sonu-var\/","title":{"rendered":"Ayr\u0131l\u0131klar\u0131n da Sonu Var"},"content":{"rendered":"<p>Ayr\u0131l\u0131klar insanlar\u0131n olgunla\u015fma s\u00fcre\u00e7lerini ba\u015flat\u0131r. Bir kere a\u015fk ac\u0131s\u0131 \u00e7ekmeye ba\u015flayan ki\u015fi asla eski kimli\u011finde olmayacakt\u0131r. Bu ac\u0131y\u0131 ister defalarca \u00e7ekmi\u015f olsun ister ilk seferi olsun. Her ayr\u0131l\u0131k farkl\u0131 olsa da ac\u0131lar\u0131 benzerdir. O kuyuya d\u00fc\u015ft\u00fc\u011f\u00fcnde ayn\u0131 duvar\u0131 bulursun kar\u015f\u0131nda. Giden ki\u015fi bir dev oluverir bu s\u00fcre\u00e7te. D\u00f6nmesini bekleyen ki\u015fi ise kar\u0131ncadan hallice\u2026 Ayr\u0131l\u0131k  mutlaka ciddi de\u011fi\u015fimlere sokar insan\u0131. \u00dcstelik bu s\u00fcreci hem giden hem kalan ya\u015far. Kalan\u0131n s\u0131nav\u0131 daha a\u011f\u0131rd\u0131r. Daha erken ba\u015flar. Daha \u00e7etin devam eder. Esas olgunlu\u011fu kalan ki\u015fi ya\u015far. Gidenin s\u0131nav\u0131 ge\u00e7 ba\u015flar. Ba\u015flarda hafiftir sonralar\u0131 zorla\u015f\u0131r. Fakat hem giden hem kalan i\u00e7in ayr\u0131l\u0131\u011f\u0131n belli \u00f6\u011fretileri mutlaka olur. Her g\u00fczel \u015feyin sonunun oldu\u011fu gibi ayr\u0131l\u0131klar\u0131n da sonu olmal\u0131d\u0131r. Bir de masallardaki gibi bir a\u015fk ya\u015fand\u0131ysa \u00e7o\u011funlukla da sonu\u00e7 bu olur. Fakat b\u00f6ylesi yo\u011fun ve \u00e7etin ge\u00e7en ayr\u0131l\u0131klar\u0131n sonunun olmas\u0131 i\u00e7in mutlaka bir diyet \u00f6denmelidir. Hem de \u00e7ok a\u011f\u0131r bedellerde\u2026 \u0130\u015fte burada anlat\u0131lan hik\u00e2yelerde hem bir kad\u0131n\u0131n hem bir erke\u011fin g\u00f6z\u00fcnden \u00f6denmesi g\u00f6ze al\u0131nan bedelleri ve sonu\u00e7lar\u0131n\u0131 g\u00f6receksiniz. <\/p>\n","protected":false},"excerpt":{"rendered":"<p>Ayr\u0131l\u0131klar insanlar\u0131n olgunla\u015fma s\u00fcre\u00e7lerini ba\u015flat\u0131r. Bir kere a\u015fk ac\u0131s\u0131 \u00e7ekmeye ba\u015flayan ki\u015fi asla eski kimli\u011finde olmayacakt\u0131r. Bu ac\u0131y\u0131 ister defalarca \u00e7ekmi\u015f olsun ister ilk seferi olsun.<span class=\"excerpt-hellip\"> [\u2026]<\/span><\/p>\n","protected":false},"featured_media":0,"template":"","meta":{"_monsterinsights_skip_tracking":false,"_monsterinsights_sitenote_active":false,"_monsterinsights_sitenote_note":"","_monsterinsights_sitenote_category":0},"product_brand":[],"product_cat":[12364,12376],"product_tag":[],"class_list":{"0":"post-760950","1":"product","2":"type-product","3":"status-publish","5":"product_cat-genel-konular","6":"product_cat-kisisel-gelisim","7":"pa_cilt-ciltsiz","8":"pa_tur-kitap","9":"pa_yayinevi-kara-karga-yayinlari","10":"pa_yazar-gurkan-kecici","12":"first","13":"instock","14":"sale","15":"shipping-taxable","16":"purchasable","17":"product-type-simple"},"_links":{"self":[{"href":"https:\/\/roveyayinevi.com.tr\/index.php\/wp-json\/wp\/v2\/product\/760950","targetHints":{"allow":["GET"]}}],"collection":[{"href":"https:\/\/roveyayinevi.com.tr\/index.php\/wp-json\/wp\/v2\/product"}],"about":[{"href":"https:\/\/roveyayinevi.com.tr\/index.php\/wp-json\/wp\/v2\/types\/product"}],"wp:attachment":[{"href":"https:\/\/roveyayinevi.com.tr\/index.php\/wp-json\/wp\/v2\/media?parent=760950"}],"wp:term":[{"taxonomy":"product_brand","embeddable":true,"href":"https:\/\/roveyayinevi.com.tr\/index.php\/wp-json\/wp\/v2\/product_brand?post=760950"},{"taxonomy":"product_cat","embeddable":true,"href":"https:\/\/roveyayinevi.com.tr\/index.php\/wp-json\/wp\/v2\/product_cat?post=760950"},{"taxonomy":"product_tag","embeddable":true,"href":"https:\/\/roveyayinevi.com.tr\/index.php\/wp-json\/wp\/v2\/product_tag?post=760950"}],"curies":[{"name":"wp","href":"https:\/\/api.w.org\/{rel}","templated":true}]}}