{"id":760949,"date":"2025-08-28T09:22:30","date_gmt":"2025-08-28T06:22:30","guid":{"rendered":"https:\/\/roveyayinevi.com.tr\/index.php\/urun\/disaridaki-kiz-3\/"},"modified":"2026-04-16T03:13:37","modified_gmt":"2026-04-16T00:13:37","slug":"disaridaki-kiz-3","status":"publish","type":"product","link":"https:\/\/roveyayinevi.com.tr\/index.php\/urun\/disaridaki-kiz-3\/","title":{"rendered":"D\u0131\u015far\u0131\u2019daki K\u0131z 3"},"content":{"rendered":"<p>EVE D\u00d6N\u00dc\u015e   Shiva bir daha g\u00f6remeyece\u011fini du\u0308\u015fu\u0308ndu\u0308\u011fu\u0308 teyzesiyle yeniden kar\u015f\u0131la\u015ft\u0131\u011f\u0131 i\u00e7in mutluydu ama \u00f6nlerinde kasvetli bir yol uzan\u0131yordu. At ki\u015fnemeleri ve kald\u0131r\u0131m ta\u015flar\u0131na s\u0131zan al\u00e7ak, so\u011fuk sesler e\u015fli\u011finde evine geri d\u00f6nen Shiva\u2019n\u0131n kaderi ne olacak? <\/p>\n","protected":false},"excerpt":{"rendered":"<p>EVE D\u00d6N\u00dc\u015e Shiva bir daha g\u00f6remeyece\u011fini du\u0308\u015fu\u0308ndu\u0308\u011fu\u0308 teyzesiyle yeniden kar\u015f\u0131la\u015ft\u0131\u011f\u0131 i\u00e7in mutluydu ama \u00f6nlerinde kasvetli bir yol uzan\u0131yordu. At ki\u015fnemeleri ve kald\u0131r\u0131m ta\u015flar\u0131na s\u0131zan al\u00e7ak, so\u011fuk<span class=\"excerpt-hellip\"> [\u2026]<\/span><\/p>\n","protected":false},"featured_media":0,"template":"","meta":{"_monsterinsights_skip_tracking":false,"_monsterinsights_sitenote_active":false,"_monsterinsights_sitenote_note":"","_monsterinsights_sitenote_category":0},"product_brand":[],"product_cat":[12416,12291],"product_tag":[],"class_list":{"0":"post-760949","1":"product","2":"type-product","3":"status-publish","5":"product_cat-cizgi-roman","6":"product_cat-edebiyat","7":"pa_cilt-ciltsiz","8":"pa_tur-kitap","9":"pa_yayinevi-athica-yayinlari","10":"pa_yazar-nagabe","12":"first","13":"instock","14":"sale","15":"shipping-taxable","16":"purchasable","17":"product-type-simple"},"_links":{"self":[{"href":"https:\/\/roveyayinevi.com.tr\/index.php\/wp-json\/wp\/v2\/product\/760949","targetHints":{"allow":["GET"]}}],"collection":[{"href":"https:\/\/roveyayinevi.com.tr\/index.php\/wp-json\/wp\/v2\/product"}],"about":[{"href":"https:\/\/roveyayinevi.com.tr\/index.php\/wp-json\/wp\/v2\/types\/product"}],"wp:attachment":[{"href":"https:\/\/roveyayinevi.com.tr\/index.php\/wp-json\/wp\/v2\/media?parent=760949"}],"wp:term":[{"taxonomy":"product_brand","embeddable":true,"href":"https:\/\/roveyayinevi.com.tr\/index.php\/wp-json\/wp\/v2\/product_brand?post=760949"},{"taxonomy":"product_cat","embeddable":true,"href":"https:\/\/roveyayinevi.com.tr\/index.php\/wp-json\/wp\/v2\/product_cat?post=760949"},{"taxonomy":"product_tag","embeddable":true,"href":"https:\/\/roveyayinevi.com.tr\/index.php\/wp-json\/wp\/v2\/product_tag?post=760949"}],"curies":[{"name":"wp","href":"https:\/\/api.w.org\/{rel}","templated":true}]}}