{"id":760947,"date":"2025-08-28T09:22:26","date_gmt":"2025-08-28T06:22:26","guid":{"rendered":"https:\/\/roveyayinevi.com.tr\/index.php\/urun\/atasozleri-ve-deyimlerle-ogretilmis-cinsiyet\/"},"modified":"2026-04-16T03:13:37","modified_gmt":"2026-04-16T00:13:37","slug":"atasozleri-ve-deyimlerle-ogretilmis-cinsiyet","status":"publish","type":"product","link":"https:\/\/roveyayinevi.com.tr\/index.php\/urun\/atasozleri-ve-deyimlerle-ogretilmis-cinsiyet\/","title":{"rendered":"Atas\u00f6zleri ve Deyimlerle \u00d6\u011fretilmi\u015f Cinsiyet"},"content":{"rendered":"<p>\u201cY\u0130NE KADIN DA\u0130MA KADIN!\u201d   Kad\u0131nlara ezberletilen davran\u0131\u015f \u00f6\u011fretileri ve anne olma i\u00e7g\u00fcd\u00fcs\u00fcyle kad\u0131nlar erkekleri mutlu etmeyi, onlar\u0131 y\u00fcceltmeyi severler. \u0130\u015fte bu nedenle Virginia Woolf\u2019un da dedi\u011fi gibi kad\u0131nlar y\u00fczy\u0131llar boyu, erke\u011fin maddi ve manevi g\u00f6r\u00fcn\u00fcmlerini ger\u00e7ek boyutlar\u0131ndan \u00fc\u00e7 d\u00f6rt kat b\u00fcy\u00fck g\u00f6steren sihirli bir g\u00fcce sahip mucizevi aynalar olarak bug\u00fcnlere geldi. Bunun sonucu olarak erkekler de kendilerini ger\u00e7ekten o devasa boyutta g\u00f6rd\u00fcler. Oysaki kad\u0131nlar b\u0131rak\u0131n dev aynas\u0131n\u0131, do\u011fal g\u00f6r\u00fcn\u00fcml\u00fc bir aynada kendilerini bir erke\u011fi g\u00f6rd\u00fc\u011f\u00fc gibi g\u00f6rseydi ne kadar g\u00fc\u00e7l\u00fc olduklar\u0131n\u0131 \u00e7oktan fark etmi\u015f olacaklard\u0131.   Atas\u00f6zleri kad\u0131na dair oldu\u011fu zaman cinsiyet ayr\u0131mc\u0131l\u0131\u011f\u0131n\u0131n fazlaca \u00f6ne \u00e7\u0131kt\u0131\u011f\u0131n\u0131 fark ederiz. Pek \u00e7o\u011fumuz kad\u0131nla ilgili olumsuz anlamlar\u0131 olan y\u00fczlerce s\u00f6z duymu\u015fuzdur. Kad\u0131n\u0131n cinselli\u011finin \u00f6ne \u00e7\u0131kt\u0131\u011f\u0131, erke\u011fi ba\u015ftan \u00e7\u0131karan \u015feytani bir varl\u0131k oldu\u011fu, erke\u011fin duygu ve davran\u0131\u015flar\u0131n\u0131 kontrol alt\u0131na alamamas\u0131n\u0131n sebebinin kad\u0131n oldu\u011fu inanc\u0131 eril toplumda olduk\u00e7a kabul g\u00f6rm\u00fc\u015ft\u00fcr.   Kad\u0131n \u00fczerine olan pek \u00e7ok atas\u00f6z\u00fc ve deyimin mercek alt\u0131na al\u0131nd\u0131\u011f\u0131 ve kad\u0131na dayat\u0131lan \u00f6\u011fretilmi\u015f cinsiyet kavram\u0131nda atas\u00f6zleri ve deyimlerin etkisinin incelendi\u011fi bu kitab\u0131 okurken isyan etmekten kendinizi alamayacaks\u0131n\u0131z. <\/p>\n","protected":false},"excerpt":{"rendered":"<p>\u201cY\u0130NE KADIN DA\u0130MA KADIN!\u201d Kad\u0131nlara ezberletilen davran\u0131\u015f \u00f6\u011fretileri ve anne olma i\u00e7g\u00fcd\u00fcs\u00fcyle kad\u0131nlar erkekleri mutlu etmeyi, onlar\u0131 y\u00fcceltmeyi severler. \u0130\u015fte bu nedenle Virginia Woolf\u2019un da dedi\u011fi<span class=\"excerpt-hellip\"> [\u2026]<\/span><\/p>\n","protected":false},"featured_media":0,"template":"","meta":{"_monsterinsights_skip_tracking":false,"_monsterinsights_sitenote_active":false,"_monsterinsights_sitenote_note":"","_monsterinsights_sitenote_category":0},"product_brand":[],"product_cat":[12364,12376],"product_tag":[],"class_list":{"0":"post-760947","1":"product","2":"type-product","3":"status-publish","5":"product_cat-genel-konular","6":"product_cat-kisisel-gelisim","7":"pa_cilt-ciltsiz","8":"pa_tur-kitap","9":"pa_yayinevi-destek-yayinlari","10":"pa_yazar-hatice-dokmen","12":"first","13":"instock","14":"sale","15":"shipping-taxable","16":"purchasable","17":"product-type-simple"},"_links":{"self":[{"href":"https:\/\/roveyayinevi.com.tr\/index.php\/wp-json\/wp\/v2\/product\/760947","targetHints":{"allow":["GET"]}}],"collection":[{"href":"https:\/\/roveyayinevi.com.tr\/index.php\/wp-json\/wp\/v2\/product"}],"about":[{"href":"https:\/\/roveyayinevi.com.tr\/index.php\/wp-json\/wp\/v2\/types\/product"}],"wp:attachment":[{"href":"https:\/\/roveyayinevi.com.tr\/index.php\/wp-json\/wp\/v2\/media?parent=760947"}],"wp:term":[{"taxonomy":"product_brand","embeddable":true,"href":"https:\/\/roveyayinevi.com.tr\/index.php\/wp-json\/wp\/v2\/product_brand?post=760947"},{"taxonomy":"product_cat","embeddable":true,"href":"https:\/\/roveyayinevi.com.tr\/index.php\/wp-json\/wp\/v2\/product_cat?post=760947"},{"taxonomy":"product_tag","embeddable":true,"href":"https:\/\/roveyayinevi.com.tr\/index.php\/wp-json\/wp\/v2\/product_tag?post=760947"}],"curies":[{"name":"wp","href":"https:\/\/api.w.org\/{rel}","templated":true}]}}