{"id":760943,"date":"2025-08-28T09:22:21","date_gmt":"2025-08-28T06:22:21","guid":{"rendered":"https:\/\/roveyayinevi.com.tr\/index.php\/urun\/cocuk-ve-mimarlik\/"},"modified":"2026-04-16T03:13:37","modified_gmt":"2026-04-16T00:13:37","slug":"cocuk-ve-mimarlik","status":"publish","type":"product","link":"https:\/\/roveyayinevi.com.tr\/index.php\/urun\/cocuk-ve-mimarlik\/","title":{"rendered":"\u00c7ocuk ve Mimarl\u0131k"},"content":{"rendered":"<p>D\u00fcnyay\u0131 g\u00f6rme bi\u00e7imimize ilk perspektifi veren \u00e7ocukluk d\u00f6nemi, ebeveynlik rol\u00fc veya kamusal alan\u0131 payla\u015ft\u0131\u011f\u0131m\u0131z \u00e7ocuklar bir\u00e7ok ba\u015fl\u0131k alt\u0131nda tart\u0131\u015f\u0131ld\u0131. Fakat \u00e7ocuklu\u011fun ge\u00e7ti\u011fi mek\u00e2n\u0131n ve mek\u00e2na anlam katan mimarl\u0131\u011f\u0131n \u00e7ocuk zihnindeki \u00f6nemi konusunda ne kadar bilin\u00e7liyiz? Bir okul yolunun \u00e7ocu\u011fun d\u00fc\u015f\u00fcn evrenini ne kadar besledi\u011fi, modern kentin yorgun b\u00fcy\u00fckleri aras\u0131nda s\u0131k\u0131lan \u00e7ocuklar\u0131n mek\u00e2ns\u0131zl\u0131\u011f\u0131, parklar\u0131n plastikli\u011fi ve mek\u00e2n\u0131n onlar\u0131n psikolojisindeki etkisi kente dair yeni sorular sormaya davet ediyor. \u00c7ocuklukta devasa g\u00f6r\u00fcnen boyutlar\u0131yla evleri, m\u00fczeleri ve okullar\u0131 b\u00fcy\u00fcklerin dar anlamlar\u0131ndan kurtarman\u0131n \u00e7ocuk geli\u015fimine etkisi mimarl\u0131ktan psikolojiye, alan\u0131nda uzman isimler taraf\u0131ndan mercek alt\u0131na al\u0131n\u0131yor. Kamusal alan s\u0131n\u0131rlar\u0131ndan d\u00fcnyay\u0131 g\u00f6rme imk\u00e2n\u0131 veren pencerelere \u00e7ocuk ve mimarl\u0131k ili\u015fkisi Abdi G\u00fczer\u2019in derledi\u011fi bu eserde t\u00fcm y\u00f6nleriyle inceleniyor.<\/p>\n","protected":false},"excerpt":{"rendered":"<p>D\u00fcnyay\u0131 g\u00f6rme bi\u00e7imimize ilk perspektifi veren \u00e7ocukluk d\u00f6nemi, ebeveynlik rol\u00fc veya kamusal alan\u0131 payla\u015ft\u0131\u011f\u0131m\u0131z \u00e7ocuklar bir\u00e7ok ba\u015fl\u0131k alt\u0131nda tart\u0131\u015f\u0131ld\u0131. Fakat \u00e7ocuklu\u011fun ge\u00e7ti\u011fi mek\u00e2n\u0131n ve mek\u00e2na anlam<span class=\"excerpt-hellip\"> [\u2026]<\/span><\/p>\n","protected":false},"featured_media":0,"template":"","meta":{"_monsterinsights_skip_tracking":false,"_monsterinsights_sitenote_active":false,"_monsterinsights_sitenote_note":"","_monsterinsights_sitenote_category":0},"product_brand":[],"product_cat":[13512,12408],"product_tag":[],"class_list":{"0":"post-760943","1":"product","2":"type-product","3":"status-publish","5":"product_cat-mimarlik","6":"product_cat-sanat","7":"pa_cilt-ciltsiz","8":"pa_tur-kitap","9":"pa_yayinevi-fol-kitap","10":"pa_yazar-celal-abdi-guzer","12":"first","13":"instock","14":"sale","15":"shipping-taxable","16":"purchasable","17":"product-type-simple"},"_links":{"self":[{"href":"https:\/\/roveyayinevi.com.tr\/index.php\/wp-json\/wp\/v2\/product\/760943","targetHints":{"allow":["GET"]}}],"collection":[{"href":"https:\/\/roveyayinevi.com.tr\/index.php\/wp-json\/wp\/v2\/product"}],"about":[{"href":"https:\/\/roveyayinevi.com.tr\/index.php\/wp-json\/wp\/v2\/types\/product"}],"wp:attachment":[{"href":"https:\/\/roveyayinevi.com.tr\/index.php\/wp-json\/wp\/v2\/media?parent=760943"}],"wp:term":[{"taxonomy":"product_brand","embeddable":true,"href":"https:\/\/roveyayinevi.com.tr\/index.php\/wp-json\/wp\/v2\/product_brand?post=760943"},{"taxonomy":"product_cat","embeddable":true,"href":"https:\/\/roveyayinevi.com.tr\/index.php\/wp-json\/wp\/v2\/product_cat?post=760943"},{"taxonomy":"product_tag","embeddable":true,"href":"https:\/\/roveyayinevi.com.tr\/index.php\/wp-json\/wp\/v2\/product_tag?post=760943"}],"curies":[{"name":"wp","href":"https:\/\/api.w.org\/{rel}","templated":true}]}}