{"id":760941,"date":"2025-08-28T09:22:17","date_gmt":"2025-08-28T06:22:17","guid":{"rendered":"https:\/\/roveyayinevi.com.tr\/index.php\/urun\/cunta-kizi\/"},"modified":"2026-03-17T03:21:44","modified_gmt":"2026-03-17T00:21:44","slug":"cunta-kizi","status":"publish","type":"product","link":"https:\/\/roveyayinevi.com.tr\/index.php\/urun\/cunta-kizi\/","title":{"rendered":"Cunta K\u0131z\u0131"},"content":{"rendered":"<p>\u201cK\u0131rm\u0131z\u0131 kamyonun cam\u0131n\u0131n bir k\u00f6\u015fesindeki foto\u011frafta, kad\u0131nla adam\u0131n \u00f6n\u00fcnde duran iki erkek \u00e7ocuktan birinin ad\u0131 Haydar. Ona isim vermemi\u015fler de Haydar deyip b\u0131rakm\u0131\u015flar sanki. Kim \u2018Haydar\u2019 diye seslense, isimle cisim buharla\u015f\u0131p yok oluyor, i\u00e7 ezici bir t\u0131n\u0131 kal\u0131yor geriye, \u2018aram\u0131zda kalan\u2019 bir insaniyetin t\u0131n\u0131s\u0131\u2026\u201dCunta K\u0131z\u0131&#8217;nda \u015eule S. \u00c7ilta\u015f, k\u00fc\u00e7\u00fck bir k\u0131z \u00e7ocu\u011funun a\u011fz\u0131ndan 12 Eyl\u00fcl &#8217;80 darbesiyle doruk noktas\u0131na ula\u015fan bir \u015fiddet-yabanc\u0131l\u0131k-yaln\u0131zl\u0131k sarmal\u0131n\u0131n, ilkin kendi ailesindeki ve yak\u0131n \u00e7evresindeki, sonra d\u0131\u015f d\u00fcnyadaki izlerini anlat\u0131yor: Kendisi de hoyrat bir ya\u015fam\u0131n i\u00e7inden gelmi\u015f asker bir baba, \u201cG\u00f6zlerinden, ku\u015f olup kanatlanacak kadar \u00f6zg\u00fcrl\u00fc\u011f\u00fc sevdi\u011fi anla\u015f\u0131lan\u201d bir anne ve 12 Eyl\u00fcl\u2019\u00fcn ayak sesleri \u00e7ok yak\u0131ndan duyulurken, karakol-mahkeme-cezaevi \u00f6nlerinde korku ve umutla ge\u00e7ecek g\u00fcnler&#8230; Bir \u00e7ocu\u011fun oldu\u011fu kadar, bir memleketin, memleketle birlikte b\u00fcy\u00fcyenlerin, ne kadar ka\u00e7mak isterlerse istesinler pa\u00e7alar\u0131na onun \u00e7amuru bula\u015fanlar\u0131n da hik\u00e2yesi&#8230;<\/p>\n","protected":false},"excerpt":{"rendered":"<p>\u201cK\u0131rm\u0131z\u0131 kamyonun cam\u0131n\u0131n bir k\u00f6\u015fesindeki foto\u011frafta, kad\u0131nla adam\u0131n \u00f6n\u00fcnde duran iki erkek \u00e7ocuktan birinin ad\u0131 Haydar. Ona isim vermemi\u015fler de Haydar deyip b\u0131rakm\u0131\u015flar sanki. Kim \u2018Haydar\u2019<span class=\"excerpt-hellip\"> [\u2026]<\/span><\/p>\n","protected":false},"featured_media":0,"template":"","meta":{"_monsterinsights_skip_tracking":false,"_monsterinsights_sitenote_active":false,"_monsterinsights_sitenote_note":"","_monsterinsights_sitenote_category":0},"product_brand":[],"product_cat":[12291,12711],"product_tag":[],"class_list":{"0":"post-760941","1":"product","2":"type-product","3":"status-publish","5":"product_cat-edebiyat","6":"product_cat-roman-oyku","7":"pa_cilt-ciltsiz","8":"pa_tur-kitap","9":"pa_yayinevi-iletisim-yayinlari","10":"pa_yazar-sule-s-ciltas","12":"first","13":"instock","14":"sale","15":"shipping-taxable","16":"purchasable","17":"product-type-simple"},"_links":{"self":[{"href":"https:\/\/roveyayinevi.com.tr\/index.php\/wp-json\/wp\/v2\/product\/760941","targetHints":{"allow":["GET"]}}],"collection":[{"href":"https:\/\/roveyayinevi.com.tr\/index.php\/wp-json\/wp\/v2\/product"}],"about":[{"href":"https:\/\/roveyayinevi.com.tr\/index.php\/wp-json\/wp\/v2\/types\/product"}],"wp:attachment":[{"href":"https:\/\/roveyayinevi.com.tr\/index.php\/wp-json\/wp\/v2\/media?parent=760941"}],"wp:term":[{"taxonomy":"product_brand","embeddable":true,"href":"https:\/\/roveyayinevi.com.tr\/index.php\/wp-json\/wp\/v2\/product_brand?post=760941"},{"taxonomy":"product_cat","embeddable":true,"href":"https:\/\/roveyayinevi.com.tr\/index.php\/wp-json\/wp\/v2\/product_cat?post=760941"},{"taxonomy":"product_tag","embeddable":true,"href":"https:\/\/roveyayinevi.com.tr\/index.php\/wp-json\/wp\/v2\/product_tag?post=760941"}],"curies":[{"name":"wp","href":"https:\/\/api.w.org\/{rel}","templated":true}]}}