{"id":760938,"date":"2025-08-28T09:22:11","date_gmt":"2025-08-28T06:22:11","guid":{"rendered":"https:\/\/roveyayinevi.com.tr\/index.php\/urun\/siyah-inci-9\/"},"modified":"2026-02-02T03:20:43","modified_gmt":"2026-02-02T00:20:43","slug":"siyah-inci-9","status":"publish","type":"product","link":"https:\/\/roveyayinevi.com.tr\/index.php\/urun\/siyah-inci-9\/","title":{"rendered":"Siyah \u0130nci"},"content":{"rendered":"<p>Anna Sewell bir at\u0131n kimi zaman h\u00fcz\u00fcnl\u00fc, kimi zaman mutluluk dolu ya\u015fam\u0131n\u0131 anlat\u0131yor Siyah \u0130nci\u2019de. B\u00fcy\u00fck bir \u00e7iftlikte do\u011fan ve Siyah \u0130nci ad\u0131 verilen tay, annesiyle ve arkada\u015flar\u0131yla birlikte refah i\u00e7inde bir ya\u015fam s\u00fcrer ilk ba\u015fta. Fakat ba\u015fka birine sat\u0131lmas\u0131yla i\u015fler de\u011fi\u015fir. Yeni insanlarla ve atlarla tan\u0131\u015f\u0131nca, herkesin erdemli olmayabilece\u011fini \u00f6\u011frenir. Buna ra\u011fmen y\u0131lmaz, kar\u015f\u0131la\u015ft\u0131\u011f\u0131 her hayvan\u0131 ve insan\u0131 iyilikten tarafa \u00e7ekmeye gayret eder. B\u00f6ylece g\u00fczelle\u015ftirir \u00e7evresini, g\u00fcnlerini mutluluk i\u00e7inde ge\u00e7irir. Siz de Siyah \u0130nci\u2019nin m\u00fccadele dolu ya\u015fam\u0131na, do\u011fumundan ya\u015fl\u0131l\u0131k g\u00fcnlerine dek tan\u0131kl\u0131k etmek ister misiniz?<\/p>\n","protected":false},"excerpt":{"rendered":"<p>Anna Sewell bir at\u0131n kimi zaman h\u00fcz\u00fcnl\u00fc, kimi zaman mutluluk dolu ya\u015fam\u0131n\u0131 anlat\u0131yor Siyah \u0130nci\u2019de. B\u00fcy\u00fck bir \u00e7iftlikte do\u011fan ve Siyah \u0130nci ad\u0131 verilen tay, annesiyle<span class=\"excerpt-hellip\"> [\u2026]<\/span><\/p>\n","protected":false},"featured_media":0,"template":"","meta":{"_monsterinsights_skip_tracking":false,"_monsterinsights_sitenote_active":false,"_monsterinsights_sitenote_note":"","_monsterinsights_sitenote_category":0},"product_brand":[],"product_cat":[12274,12467],"product_tag":[],"class_list":{"0":"post-760938","1":"product","2":"type-product","3":"status-publish","5":"product_cat-cocuk-ve-genclik-kitaplari","6":"product_cat-dunya-klasikleri","7":"pa_cilt-ciltsiz","8":"pa_tur-kitap","9":"pa_yayinevi-iletisim-yayinlari","10":"pa_yazar-anna-sewell","12":"first","13":"instock","14":"sale","15":"shipping-taxable","16":"purchasable","17":"product-type-simple"},"_links":{"self":[{"href":"https:\/\/roveyayinevi.com.tr\/index.php\/wp-json\/wp\/v2\/product\/760938","targetHints":{"allow":["GET"]}}],"collection":[{"href":"https:\/\/roveyayinevi.com.tr\/index.php\/wp-json\/wp\/v2\/product"}],"about":[{"href":"https:\/\/roveyayinevi.com.tr\/index.php\/wp-json\/wp\/v2\/types\/product"}],"wp:attachment":[{"href":"https:\/\/roveyayinevi.com.tr\/index.php\/wp-json\/wp\/v2\/media?parent=760938"}],"wp:term":[{"taxonomy":"product_brand","embeddable":true,"href":"https:\/\/roveyayinevi.com.tr\/index.php\/wp-json\/wp\/v2\/product_brand?post=760938"},{"taxonomy":"product_cat","embeddable":true,"href":"https:\/\/roveyayinevi.com.tr\/index.php\/wp-json\/wp\/v2\/product_cat?post=760938"},{"taxonomy":"product_tag","embeddable":true,"href":"https:\/\/roveyayinevi.com.tr\/index.php\/wp-json\/wp\/v2\/product_tag?post=760938"}],"curies":[{"name":"wp","href":"https:\/\/api.w.org\/{rel}","templated":true}]}}