{"id":760937,"date":"2025-08-28T09:22:10","date_gmt":"2025-08-28T06:22:10","guid":{"rendered":"https:\/\/roveyayinevi.com.tr\/index.php\/urun\/100-kesitle-cumhuriyet-turkiyesinin-100-yil\/"},"modified":"2026-04-16T03:13:37","modified_gmt":"2026-04-16T00:13:37","slug":"100-kesitle-cumhuriyet-turkiyesinin-100-yil","status":"publish","type":"product","link":"https:\/\/roveyayinevi.com.tr\/index.php\/urun\/100-kesitle-cumhuriyet-turkiyesinin-100-yil\/","title":{"rendered":"100 Kesitle Cumhuriyet T\u00fcrkiyesi&#8217;nin 100 Y\u0131l"},"content":{"rendered":"<p>\u201cT\u00fcrkiye Cumhuriyeti\u2019nin y\u00fcz\u00fcnc\u00fc y\u0131l\u0131n\u0131 kutlarken, ayn\u0131 zamanda, tarihi boyunca d\u0131\u015flanan ve ezilenlerin hakk\u0131n\u0131 nas\u0131l verebiliriz? T\u00fcrkiye\u2019nin demokratik siyasi kurumlar\u0131n\u0131n ba\u015far\u0131lar\u0131n\u0131 ayd\u0131nlat\u0131rken, demokrasiyi ihlal eden y\u00f6nlerini nas\u0131l a\u00e7\u0131klar\u0131z? T\u00fcrkiye\u2019nin geli\u015fimini ve ilerlemesini takdir ederken, ayn\u0131 s\u00fcrecin yaratt\u0131\u011f\u0131 \u00e7aresizlik ve e\u015fitsizlikleri nas\u0131l de\u011ferlendirebiliriz?\u201d 100 Kesitle Cumhuriyet T\u00fcrkiyesi\u2019nin 100 Y\u0131l\u0131, ele ald\u0131\u011f\u0131 bir as\u0131rl\u0131k d\u00f6nemin \u201ctarihsel karma\u015f\u0131kl\u0131\u011f\u0131n\u0131 kesitlerle tasvir eden\u201d yaz\u0131lardan olu\u015fuyor. 100 y\u0131ll\u0131k bir deneyimin tarihsel g\u00f6vdesinden biyopsi yaparcas\u0131na al\u0131nan kesitler bunlar: Bazen bir yasa maddesi, bir karar metni, bazen bir s\u00f6ylev, bir beyanat, bir k\u0131sa metin, bir \u015fiar, bazen bir mektup, bazen bir \u015fiir veya \u015fark\u0131, bazen bir foto\u011fraf, poster, harita veya \u015fema\u2026 \u00d6nemli ya da simgesel vakalar, vecizeye d\u00f6n\u00fc\u015fm\u00fc\u015f s\u00f6zler\u2026 B\u00f6ylesi fragmanlara dayanarak, son 100 y\u0131l\u0131n T\u00fcrkiyesi\u2019nin sadece siyasal de\u011fil, toplumsal ve k\u00fclt\u00fcrel hayat\u0131n\u0131n \u00e7e\u015fitli cephelerini kola\u00e7an ediyor. Alp Yenen ve Erik Jan Z\u00fcrcher\u2019in derlemesine, alan\u0131nda uzman 77 ara\u015ft\u0131rmac\u0131, bilgi arka plan\u0131 bak\u0131m\u0131ndan yo\u011fun fakat rahat okunan metinlerle katk\u0131da bulundu.<\/p>\n","protected":false},"excerpt":{"rendered":"<p>\u201cT\u00fcrkiye Cumhuriyeti\u2019nin y\u00fcz\u00fcnc\u00fc y\u0131l\u0131n\u0131 kutlarken, ayn\u0131 zamanda, tarihi boyunca d\u0131\u015flanan ve ezilenlerin hakk\u0131n\u0131 nas\u0131l verebiliriz? T\u00fcrkiye\u2019nin demokratik siyasi kurumlar\u0131n\u0131n ba\u015far\u0131lar\u0131n\u0131 ayd\u0131nlat\u0131rken, demokrasiyi ihlal eden y\u00f6nlerini nas\u0131l<span class=\"excerpt-hellip\"> [\u2026]<\/span><\/p>\n","protected":false},"featured_media":0,"template":"","meta":{"_monsterinsights_skip_tracking":false,"_monsterinsights_sitenote_active":false,"_monsterinsights_sitenote_note":"","_monsterinsights_sitenote_category":0},"product_brand":[],"product_cat":[12370,12304],"product_tag":[],"class_list":{"0":"post-760937","1":"product","2":"type-product","3":"status-publish","5":"product_cat-arastirma-inceleme","6":"product_cat-tarih","7":"pa_cilt-ciltsiz","8":"pa_tur-kitap","9":"pa_yayinevi-iletisim-yayinlari","10":"pa_yazar-kolektif","12":"first","13":"instock","14":"sale","15":"shipping-taxable","16":"purchasable","17":"product-type-simple"},"_links":{"self":[{"href":"https:\/\/roveyayinevi.com.tr\/index.php\/wp-json\/wp\/v2\/product\/760937","targetHints":{"allow":["GET"]}}],"collection":[{"href":"https:\/\/roveyayinevi.com.tr\/index.php\/wp-json\/wp\/v2\/product"}],"about":[{"href":"https:\/\/roveyayinevi.com.tr\/index.php\/wp-json\/wp\/v2\/types\/product"}],"wp:attachment":[{"href":"https:\/\/roveyayinevi.com.tr\/index.php\/wp-json\/wp\/v2\/media?parent=760937"}],"wp:term":[{"taxonomy":"product_brand","embeddable":true,"href":"https:\/\/roveyayinevi.com.tr\/index.php\/wp-json\/wp\/v2\/product_brand?post=760937"},{"taxonomy":"product_cat","embeddable":true,"href":"https:\/\/roveyayinevi.com.tr\/index.php\/wp-json\/wp\/v2\/product_cat?post=760937"},{"taxonomy":"product_tag","embeddable":true,"href":"https:\/\/roveyayinevi.com.tr\/index.php\/wp-json\/wp\/v2\/product_tag?post=760937"}],"curies":[{"name":"wp","href":"https:\/\/api.w.org\/{rel}","templated":true}]}}