{"id":760936,"date":"2025-08-28T09:22:09","date_gmt":"2025-08-28T06:22:09","guid":{"rendered":"https:\/\/roveyayinevi.com.tr\/index.php\/urun\/veganlik-ve-kendini-bulma-sanati\/"},"modified":"2026-04-16T03:13:37","modified_gmt":"2026-04-16T00:13:37","slug":"veganlik-ve-kendini-bulma-sanati","status":"publish","type":"product","link":"https:\/\/roveyayinevi.com.tr\/index.php\/urun\/veganlik-ve-kendini-bulma-sanati\/","title":{"rendered":"Veganl\u0131k ve Kendini Bulma Sanat\u0131"},"content":{"rendered":"<p>\u201cBekledi\u011fimiz kurtar\u0131c\u0131lar bizleriz.\u201d Alice Walker Bug\u00fcnk\u00fc d\u00fcnyam\u0131zda en \u00e7ok eksikli\u011fini \u00e7ekti\u011fimiz \u015fey huzur. \u00c7\u00fcnk\u00fc bir \u015feye de\u011fer verdi\u011fimizi s\u00f6yleyip onunla \u00e7eli\u015fen davran\u0131\u015flarda bulunmak bizi derinden etkiliyor. \u0130nand\u0131\u011f\u0131m\u0131z \u015feylerin davran\u0131\u015flar\u0131m\u0131zda kar\u015f\u0131l\u0131k bulamamas\u0131, kendimize kar\u015f\u0131 hissiyat\u0131m\u0131z\u0131 etkiliyor, derinde bir yerlerde bir ikiy\u00fczl\u00fcl\u00fck i\u00e7inde buluyoruz kendimizi. Oysa g\u00fcn gelip de davran\u0131\u015flar\u0131m\u0131zla d\u00fc\u015f\u00fcncelerimizi samimi bir \u015fekilde g\u00f6zden ge\u00e7irip kar\u015f\u0131m\u0131za \u00e7\u0131kan uyu\u015fmazl\u0131klarla y\u00fczle\u015fti\u011fimizde ve davran\u0131\u015flar\u0131m\u0131zla inand\u0131klar\u0131m\u0131z\u0131 uyumlu h\u00e2le getirmek i\u00e7in ad\u0131m att\u0131\u011f\u0131m\u0131zda, kendimizi nas\u0131l da \u00f6zg\u00fcrle\u015fmi\u015f hissedece\u011fiz. Yoga felsefesi istedi\u011fin her \u015feye sahip olabilirsin, yeter ki bunu \u00f6ncelikle ba\u015fkalar\u0131 i\u00e7in m\u00fcmk\u00fcn k\u0131l der. Veganl\u0131k da sadece ne yedi\u011fimizi ve ne giydi\u011fimizi de\u011fil, t\u00fcm hayat\u0131m\u0131z\u0131 etkileyen bir felsefe, bir ya\u015fam \u015fekli, hayata bir bak\u0131\u015f bi\u00e7imi olarak, insan\u0131n \u00f6zg\u00fcrle\u015fmesinin ve huzuru bulmas\u0131n\u0131n yolunun kendi k\u00fc\u00e7\u00fck d\u00fcnyas\u0131nda sadece kendisini de\u011fil, etraf\u0131ndakileri de d\u00fc\u015f\u00fcnerek elde edilebilece\u011fini anlat\u0131r. Kendi hayat\u0131m\u0131z\u0131 iyile\u015ftirmek i\u00e7in yapabilece\u011fimiz en iyi \u015fey, ba\u015fkalar\u0131n\u0131n hayat\u0131n\u0131 iyile\u015ftirmek ve onlara kar\u015f\u0131 nazik olmakt\u0131r. \u201cBir y\u00f6n\u00fcyle bir d\u00fcr\u00fcstl\u00fck prati\u011fi veganl\u0131k. Bir y\u00f6n\u00fcyle bir kabul. Bir y\u00f6n\u00fcyle mindfulness. Bir y\u00f6n\u00fcyle devaml\u0131l\u0131k\u2026 Hi\u00e7bir \u015feyden \u00fcst\u00fcn olmad\u0131\u011f\u0131m\u0131z\u0131, her \u015feyin bir par\u00e7as\u0131 oldu\u011fumuzu kabul etme ve yapt\u0131klar\u0131m\u0131z\u0131n bir etkisinin oldu\u011funu fark etme f\u0131rsat\u0131.\u201d Yeliz Utku Konca, kendi hikayesinden yola \u00e7\u0131karak 16 y\u0131ll\u0131k vegan ya\u015fam\u0131ndaki t\u00fcm sorgulamalar\u0131n\u0131; veganl\u0131\u011f\u0131n hem bir bilim insan\u0131 olarak \u00e7evresel etkilerini, sa\u011fl\u0131k etkilerini, canl\u0131 ya\u015fam\u0131na, d\u00fcnyam\u0131za etkilerini; \u00f6nyarg\u0131lar, ba\u015ftan kabulleni\u015fler, g\u00f6rmezden gelmeler ve vicdana dair t\u00fcm sorgulamalar\u0131n\u0131 Veganl\u0131k ve Kendini Bulma Sanat\u0131\u2019nda anlat\u0131yor<\/p>\n","protected":false},"excerpt":{"rendered":"<p>\u201cBekledi\u011fimiz kurtar\u0131c\u0131lar bizleriz.\u201d Alice Walker Bug\u00fcnk\u00fc d\u00fcnyam\u0131zda en \u00e7ok eksikli\u011fini \u00e7ekti\u011fimiz \u015fey huzur. \u00c7\u00fcnk\u00fc bir \u015feye de\u011fer verdi\u011fimizi s\u00f6yleyip onunla \u00e7eli\u015fen davran\u0131\u015flarda bulunmak bizi derinden etkiliyor.<span class=\"excerpt-hellip\"> [\u2026]<\/span><\/p>\n","protected":false},"featured_media":0,"template":"","meta":{"_monsterinsights_skip_tracking":false,"_monsterinsights_sitenote_active":false,"_monsterinsights_sitenote_note":"","_monsterinsights_sitenote_category":0},"product_brand":[],"product_cat":[12364,12376],"product_tag":[],"class_list":{"0":"post-760936","1":"product","2":"type-product","3":"status-publish","5":"product_cat-genel-konular","6":"product_cat-kisisel-gelisim","7":"pa_cilt-ciltsiz","8":"pa_tur-kitap","9":"pa_yayinevi-literatur-yayinevi","10":"pa_yazar-yeliz-utku-konca","12":"first","13":"instock","14":"sale","15":"shipping-taxable","16":"purchasable","17":"product-type-simple"},"_links":{"self":[{"href":"https:\/\/roveyayinevi.com.tr\/index.php\/wp-json\/wp\/v2\/product\/760936","targetHints":{"allow":["GET"]}}],"collection":[{"href":"https:\/\/roveyayinevi.com.tr\/index.php\/wp-json\/wp\/v2\/product"}],"about":[{"href":"https:\/\/roveyayinevi.com.tr\/index.php\/wp-json\/wp\/v2\/types\/product"}],"wp:attachment":[{"href":"https:\/\/roveyayinevi.com.tr\/index.php\/wp-json\/wp\/v2\/media?parent=760936"}],"wp:term":[{"taxonomy":"product_brand","embeddable":true,"href":"https:\/\/roveyayinevi.com.tr\/index.php\/wp-json\/wp\/v2\/product_brand?post=760936"},{"taxonomy":"product_cat","embeddable":true,"href":"https:\/\/roveyayinevi.com.tr\/index.php\/wp-json\/wp\/v2\/product_cat?post=760936"},{"taxonomy":"product_tag","embeddable":true,"href":"https:\/\/roveyayinevi.com.tr\/index.php\/wp-json\/wp\/v2\/product_tag?post=760936"}],"curies":[{"name":"wp","href":"https:\/\/api.w.org\/{rel}","templated":true}]}}