{"id":760933,"date":"2025-08-28T09:22:04","date_gmt":"2025-08-28T06:22:04","guid":{"rendered":"https:\/\/roveyayinevi.com.tr\/index.php\/urun\/ask-uzerine-yaniti-olmayan-mektuplar\/"},"modified":"2026-04-16T03:13:37","modified_gmt":"2026-04-16T00:13:37","slug":"ask-uzerine-yaniti-olmayan-mektuplar","status":"publish","type":"product","link":"https:\/\/roveyayinevi.com.tr\/index.php\/urun\/ask-uzerine-yaniti-olmayan-mektuplar\/","title":{"rendered":"A\u015fk \u00dczerine Yan\u0131t\u0131 Olmayan Mektuplar"},"content":{"rendered":"<p>Uzun y\u0131llar gazetecilik yapt\u0131ktan sonra TRT\u2019de ve sonras\u0131nda da T\u00fcrkiye Gazeteciler Cemiyeti\u2019nde y\u00f6netim kurulu, genel sekreterlik, ba\u015fkanl\u0131k g\u00f6revlerinde bulundu Turgay Olcayto. Evrensel Gazetesi\u2019nde yazd\u0131\u011f\u0131 \u201cGer\u00e7e\u011fin G\u00f6z\u00fcyle\u201d k\u00f6\u015fe yaz\u0131lar\u0131 ve \u201cSahi Siz Hangi Taraftayd\u0131n\u0131z?\u201d, \u201cG\u00fcne\u015fin D\u00fc\u015fmanlar\u0131\u201d, \u201c\u00dczg\u00fcn Sardunyalar\u201d, Hayat\u0131n Renkleri\u201d ve \u201c\u00c7ok Bilmi\u015fler Korosu\u201d kitaplar\u0131ndan tan\u0131d\u0131\u011f\u0131m\u0131z Turgay Olcayto bu kez bamba\u015fka bir kitapla kar\u015f\u0131m\u0131za \u00e7\u0131k\u0131yor. \u0130stanbul \u00dcniversitesi Hukuk Fak\u00fcltesi\u2019nde tan\u0131\u015ft\u0131\u011f\u0131 ve ard\u0131ndan evlenip, birbirlerinin hayatlar\u0131na tan\u0131kl\u0131k ettikleri onca y\u0131l\u0131n ard\u0131ndan, Turgay Olcayto\u2019nun e\u015fi Nurhan Olcayto\u2019ya yazd\u0131\u011f\u0131, kar\u015f\u0131l\u0131\u011f\u0131 ve cevab\u0131 olmayan mektuplar\u0131yla bulu\u015fuyoruz bu kez. Uzun y\u0131llar TRT\u2019de Klasik M\u00fczik Prod\u00fckt\u00f6rl\u00fc\u011f\u00fc yapan Nurhan Olcayto\u2019yla kurduklar\u0131 \u201cmasals\u0131\u201d ili\u015fkilerine a\u015fklar\u0131na, bir olma hallerine, saf sevgiye yazd\u0131\u011f\u0131 mektuplar\u0131n sat\u0131rlar\u0131nda rastl\u0131yoruz. Gen\u00e7ken Sivas Kangal\u2019da askerlik yaparken e\u015fi Nurhan Han\u0131m\u2019\u0131n yazd\u0131\u011f\u0131 mektuplar\u0131 almak i\u00e7in karda 2 saat y\u00fcr\u00fcy\u00fcp ula\u015fan Turgay Olcayto, bu kez hastanedeki e\u015fine yazd\u0131\u011f\u0131 tam 45 mektubun cevab\u0131n\u0131 sadece kendi i\u00e7ine yazarak okuyor. Okurken i\u00e7iniz ac\u0131yor, bo\u011faz\u0131n\u0131z d\u00fc\u011f\u00fcmleniyor, her sat\u0131rda umutsuzlu\u011fun umudu, ge\u00e7mi\u015fin \u00f6zlemi sar\u0131p sarmal\u0131yor. 3. Mektubunda e\u015fine neden mektup yazmaya karar verdi\u011fini \u015f\u00f6yle a\u00e7\u0131kl\u0131yor Turgay Olcayto: \u201cSevgili K\u00fc\u00e7\u00fc\u011f\u00fcm, Eskiden b\u00f6yle seslenirdim sana. Severdin. Ne \u00e7ok yaz\u0131\u015f\u0131rd\u0131k. Konu\u015famad\u0131\u011f\u0131m\u0131z zamanlarda yaz\u0131ya ba\u015fvururduk. K\u0131sa ayr\u0131l\u0131klar\u0131m\u0131zda bile. K\u00fc\u00e7\u00fck notlar yazard\u0131k birbirimize&#8230; \u015eimdi de sana yazmak iyi gelecek bana biliyorum. Seninle birlikteli\u011fimi s\u00fcrekli ya\u015fat\u0131yor olaca\u011f\u0131m. Yazd\u0131klar\u0131mla seni sana anlataca\u011f\u0131m (\u2026)\u201d A\u015fk \u00dczerine Yan\u0131t\u0131 Olmayan Mektuplar; dijital \u00e7a\u011fda rastlayamayaca\u011f\u0131n\u0131z bir sevginin izini s\u00fcrmek ve mektubun tad\u0131n\u0131 yeniden duyumsamak isteyenlere\u2026 Cevaplar\u0131 her birimizin i\u00e7inde bir yerlerde\u2026 <\/p>\n","protected":false},"excerpt":{"rendered":"<p>Uzun y\u0131llar gazetecilik yapt\u0131ktan sonra TRT\u2019de ve sonras\u0131nda da T\u00fcrkiye Gazeteciler Cemiyeti\u2019nde y\u00f6netim kurulu, genel sekreterlik, ba\u015fkanl\u0131k g\u00f6revlerinde bulundu Turgay Olcayto. Evrensel Gazetesi\u2019nde yazd\u0131\u011f\u0131 \u201cGer\u00e7e\u011fin G\u00f6z\u00fcyle\u201d<span class=\"excerpt-hellip\"> [\u2026]<\/span><\/p>\n","protected":false},"featured_media":0,"template":"","meta":{"_monsterinsights_skip_tracking":false,"_monsterinsights_sitenote_active":false,"_monsterinsights_sitenote_note":"","_monsterinsights_sitenote_category":0},"product_brand":[],"product_cat":[13701,12291],"product_tag":[],"class_list":{"0":"post-760933","1":"product","2":"type-product","3":"status-publish","5":"product_cat-ani-mektup-gunluk","6":"product_cat-edebiyat","7":"pa_cilt-ciltsiz","8":"pa_tur-kitap","9":"pa_yayinevi-literatur-yayinevi","10":"pa_yazar-turgay-olcayto","12":"first","13":"instock","14":"sale","15":"shipping-taxable","16":"purchasable","17":"product-type-simple"},"_links":{"self":[{"href":"https:\/\/roveyayinevi.com.tr\/index.php\/wp-json\/wp\/v2\/product\/760933","targetHints":{"allow":["GET"]}}],"collection":[{"href":"https:\/\/roveyayinevi.com.tr\/index.php\/wp-json\/wp\/v2\/product"}],"about":[{"href":"https:\/\/roveyayinevi.com.tr\/index.php\/wp-json\/wp\/v2\/types\/product"}],"wp:attachment":[{"href":"https:\/\/roveyayinevi.com.tr\/index.php\/wp-json\/wp\/v2\/media?parent=760933"}],"wp:term":[{"taxonomy":"product_brand","embeddable":true,"href":"https:\/\/roveyayinevi.com.tr\/index.php\/wp-json\/wp\/v2\/product_brand?post=760933"},{"taxonomy":"product_cat","embeddable":true,"href":"https:\/\/roveyayinevi.com.tr\/index.php\/wp-json\/wp\/v2\/product_cat?post=760933"},{"taxonomy":"product_tag","embeddable":true,"href":"https:\/\/roveyayinevi.com.tr\/index.php\/wp-json\/wp\/v2\/product_tag?post=760933"}],"curies":[{"name":"wp","href":"https:\/\/api.w.org\/{rel}","templated":true}]}}