{"id":760932,"date":"2025-08-28T09:22:03","date_gmt":"2025-08-28T06:22:03","guid":{"rendered":"https:\/\/roveyayinevi.com.tr\/index.php\/urun\/kotuluk-2\/"},"modified":"2026-04-16T03:13:37","modified_gmt":"2026-04-16T00:13:37","slug":"kotuluk-2","status":"publish","type":"product","link":"https:\/\/roveyayinevi.com.tr\/index.php\/urun\/kotuluk-2\/","title":{"rendered":"K\u00f6t\u00fcl\u00fck"},"content":{"rendered":"<p>K\u00f6t\u00fcl\u00fck nedir? Korkutucu ve anla\u015f\u0131lmaz m\u0131d\u0131r, yoksa s\u0131radan bir edim midir? K\u00f6t\u00fcl\u00fc\u011f\u00fcn psikolojisi nedir, k\u00f6t\u00fcl\u00fck yapanlar hepimizden farkl\u0131 bir psikolojik \u00f6zellik mi ta\u015f\u0131yor? K\u00f6t\u00fcl\u00fc\u011f\u00fcn s\u0131radan yanl\u0131\u015flara s\u0131\u011fmayan, yanl\u0131\u015f\u0131n \u00f6tesine ta\u015fan niteli\u011fi ne? \u201cK\u00f6t\u00fcl\u00fck\u201d s\u00f6zc\u00fc\u011f\u00fcn\u00fc kulland\u0131\u011f\u0131m\u0131zda, iyilik ile k\u00f6t\u00fcl\u00fck \u015feklinde iki kozmik g\u00fcc\u00fcn kar\u015f\u0131 kar\u015f\u0131ya geldi\u011fi bir d\u00fcnya g\u00f6r\u00fc\u015f\u00fcne mi inanm\u0131\u015f oluyoruz? Acaba g\u00fcn\u00fcm\u00fczde k\u00f6t\u00fcl\u00fck, modas\u0131 ge\u00e7mi\u015f bir mit haline mi geldi? \u015eiddet i\u00e7eren say\u0131s\u0131z sald\u0131r\u0131, tecav\u00fcz ve cinayetle medyadaki haberlerin i\u00e7 karart\u0131c\u0131 bir ge\u00e7it t\u00f6renine d\u00f6n\u00fc\u015ft\u00fc\u011f\u00fc bug\u00fcn, k\u00f6t\u00fcl\u00fck d\u00fcnyam\u0131z\u0131n korkutucu \u00f6l\u00e7\u00fcde ger\u00e7ek bir \u00f6zelli\u011fi mi? Filozoflar\u0131n, Hannah Arendt gibi siyaset bilimcilerin bu sorulara verdi\u011fi yan\u0131tlar\u0131 aktaran yazar Luke Russell k\u00f6t\u00fcl\u00fc\u011f\u00fcn sistematik bir analizine giri\u015ferek, kavram\u0131 toplumsal i\u00e7erimleriyle beraber felsefi ve psikolojik a\u00e7\u0131dan \u00e7\u00f6z\u00fcml\u00fcyor. Seri katiller, ter\u00f6ristler, sava\u015f su\u00e7lular\u0131 gibi \u00fcnl\u00fc \u201ck\u00f6t\u00fcl\u00fck\u201d \u00f6rneklerini irdeleyerek a\u015f\u0131r\u0131 k\u00f6t\u00fcl\u00fc\u011f\u00fc s\u0131radan k\u00f6t\u00fcl\u00fckten ay\u0131ran s\u0131n\u0131rlar\u0131n ke\u015ffine \u00e7\u0131k\u0131yor. Oxford \u00dcniversitesi Yay\u0131nlar\u0131\u2019n\u0131n bu k\u0131sa giri\u015f kitab\u0131 bizi k\u00f6t\u00fcl\u00fc\u011f\u00fc daha derinlikli \u015fekilde anlamaya y\u00f6nlendiriyor.<\/p>\n","protected":false},"excerpt":{"rendered":"<p>K\u00f6t\u00fcl\u00fck nedir? Korkutucu ve anla\u015f\u0131lmaz m\u0131d\u0131r, yoksa s\u0131radan bir edim midir? K\u00f6t\u00fcl\u00fc\u011f\u00fcn psikolojisi nedir, k\u00f6t\u00fcl\u00fck yapanlar hepimizden farkl\u0131 bir psikolojik \u00f6zellik mi ta\u015f\u0131yor? K\u00f6t\u00fcl\u00fc\u011f\u00fcn s\u0131radan yanl\u0131\u015flara<span class=\"excerpt-hellip\"> [\u2026]<\/span><\/p>\n","protected":false},"featured_media":0,"template":"","meta":{"_monsterinsights_skip_tracking":false,"_monsterinsights_sitenote_active":false,"_monsterinsights_sitenote_note":"","_monsterinsights_sitenote_category":0},"product_brand":[],"product_cat":[12357],"product_tag":[],"class_list":{"0":"post-760932","1":"product","2":"type-product","3":"status-publish","5":"product_cat-psikoloji","6":"pa_cilt-ciltsiz","7":"pa_tur-kitap","8":"pa_yayinevi-is-bankasi-kultur-yayinlari","9":"pa_yazar-luke-russell","11":"first","12":"instock","13":"sale","14":"shipping-taxable","15":"purchasable","16":"product-type-simple"},"_links":{"self":[{"href":"https:\/\/roveyayinevi.com.tr\/index.php\/wp-json\/wp\/v2\/product\/760932","targetHints":{"allow":["GET"]}}],"collection":[{"href":"https:\/\/roveyayinevi.com.tr\/index.php\/wp-json\/wp\/v2\/product"}],"about":[{"href":"https:\/\/roveyayinevi.com.tr\/index.php\/wp-json\/wp\/v2\/types\/product"}],"wp:attachment":[{"href":"https:\/\/roveyayinevi.com.tr\/index.php\/wp-json\/wp\/v2\/media?parent=760932"}],"wp:term":[{"taxonomy":"product_brand","embeddable":true,"href":"https:\/\/roveyayinevi.com.tr\/index.php\/wp-json\/wp\/v2\/product_brand?post=760932"},{"taxonomy":"product_cat","embeddable":true,"href":"https:\/\/roveyayinevi.com.tr\/index.php\/wp-json\/wp\/v2\/product_cat?post=760932"},{"taxonomy":"product_tag","embeddable":true,"href":"https:\/\/roveyayinevi.com.tr\/index.php\/wp-json\/wp\/v2\/product_tag?post=760932"}],"curies":[{"name":"wp","href":"https:\/\/api.w.org\/{rel}","templated":true}]}}