{"id":760930,"date":"2025-08-28T09:22:00","date_gmt":"2025-08-28T06:22:00","guid":{"rendered":"https:\/\/roveyayinevi.com.tr\/index.php\/urun\/otizm\/"},"modified":"2026-04-16T03:13:37","modified_gmt":"2026-04-16T00:13:37","slug":"otizm","status":"publish","type":"product","link":"https:\/\/roveyayinevi.com.tr\/index.php\/urun\/otizm\/","title":{"rendered":"Otizm"},"content":{"rendered":"<p>Otizm t\u00fcrlerinin hepsi do\u011fum \u00f6ncesinde ba\u015flar, bununla birlikte geli\u015fmekte olan zihin \u00fczerindeki etkileri \u00e7ok farkl\u0131 olabilir. Herkes otizmi duymu\u015ftur, ancak otizm hakk\u0131nda ger\u00e7ekte pek az \u015fey biliyoruz. Otizmin sebebi nedir? Otizm bir genetik bozukluk mu, yoksa bilinmeyen bir \u00e7evresel etmenden mi kaynaklan\u0131yor? Bir otizm salg\u0131n\u0131yla m\u0131 kar\u015f\u0131 kar\u015f\u0131yay\u0131z? Otizmin ba\u015fl\u0131ca belirtileri nelerdir ve Asperger sendromuyla ili\u015fkisi nedir? Alan\u0131n kurucu ara\u015ft\u0131rmac\u0131lar\u0131ndan yazar Uta Frith, Oxford \u00dcniversitesi Yay\u0131nlar\u0131\u2019n\u0131n bu k\u0131sa giri\u015f kitab\u0131nda ki\u015filere ve ailelere \u00e7ok a\u011f\u0131r bir y\u00fck getiren bu bozuklu\u011fun sinirbilim, psikoloji, genetik ve beyin geli\u015fimiyle ili\u015fkisini kurarak konuyu t\u00fcm kapsam\u0131yla ele al\u0131yor.<\/p>\n","protected":false},"excerpt":{"rendered":"<p>Otizm t\u00fcrlerinin hepsi do\u011fum \u00f6ncesinde ba\u015flar, bununla birlikte geli\u015fmekte olan zihin \u00fczerindeki etkileri \u00e7ok farkl\u0131 olabilir. Herkes otizmi duymu\u015ftur, ancak otizm hakk\u0131nda ger\u00e7ekte pek az \u015fey<span class=\"excerpt-hellip\"> [\u2026]<\/span><\/p>\n","protected":false},"featured_media":0,"template":"","meta":{"_monsterinsights_skip_tracking":false,"_monsterinsights_sitenote_active":false,"_monsterinsights_sitenote_note":"","_monsterinsights_sitenote_category":0},"product_brand":[],"product_cat":[20313,13365],"product_tag":[],"class_list":{"0":"post-760930","1":"product","2":"type-product","3":"status-publish","5":"product_cat-basvuru-kitaplari-saglik","6":"product_cat-saglik","7":"pa_cilt-ciltsiz","8":"pa_tur-kitap","9":"pa_yayinevi-is-bankasi-kultur-yayinlari","10":"pa_yazar-uta-frith","12":"first","13":"instock","14":"sale","15":"shipping-taxable","16":"purchasable","17":"product-type-simple"},"_links":{"self":[{"href":"https:\/\/roveyayinevi.com.tr\/index.php\/wp-json\/wp\/v2\/product\/760930","targetHints":{"allow":["GET"]}}],"collection":[{"href":"https:\/\/roveyayinevi.com.tr\/index.php\/wp-json\/wp\/v2\/product"}],"about":[{"href":"https:\/\/roveyayinevi.com.tr\/index.php\/wp-json\/wp\/v2\/types\/product"}],"wp:attachment":[{"href":"https:\/\/roveyayinevi.com.tr\/index.php\/wp-json\/wp\/v2\/media?parent=760930"}],"wp:term":[{"taxonomy":"product_brand","embeddable":true,"href":"https:\/\/roveyayinevi.com.tr\/index.php\/wp-json\/wp\/v2\/product_brand?post=760930"},{"taxonomy":"product_cat","embeddable":true,"href":"https:\/\/roveyayinevi.com.tr\/index.php\/wp-json\/wp\/v2\/product_cat?post=760930"},{"taxonomy":"product_tag","embeddable":true,"href":"https:\/\/roveyayinevi.com.tr\/index.php\/wp-json\/wp\/v2\/product_tag?post=760930"}],"curies":[{"name":"wp","href":"https:\/\/api.w.org\/{rel}","templated":true}]}}