{"id":760925,"date":"2025-08-28T09:21:52","date_gmt":"2025-08-28T06:21:52","guid":{"rendered":"https:\/\/roveyayinevi.com.tr\/index.php\/urun\/hayli-duyarli-cocuk\/"},"modified":"2026-04-16T03:13:37","modified_gmt":"2026-04-16T00:13:37","slug":"hayli-duyarli-cocuk","status":"publish","type":"product","link":"https:\/\/roveyayinevi.com.tr\/index.php\/urun\/hayli-duyarli-cocuk\/","title":{"rendered":"Hayli Duyarl\u0131 \u00c7ocuk"},"content":{"rendered":"<p>\u201c\u00d6zel bir \u00e7ocuk yeti\u015ftirmek istiyorsan\u0131z \u00f6zel bir \u00e7ocu\u011fa sahip olmaya istekli olmal\u0131s\u0131n\u0131z\u2026 Ve sizin de \u00e7ocu\u011funuz \u00f6yle. Bu kitap size onu nas\u0131l sadece istisnai de\u011fil, ayn\u0131 zamanda sa\u011fl\u0131kl\u0131, sevgi dolu, uyumlu ve mutlu biri olarak yeti\u015ftirece\u011finizi \u00f6\u011fretecek.\u201d Aron&#8217;un psikoterapist olarak deneyimlerine ve \u00e7ocuk mizac\u0131 \u00fczerine yapt\u0131\u011f\u0131 \u00f6zg\u00fcn ara\u015ft\u0131rmalara dayanan Hayli Duyarl\u0131 \u00c7ocuk, duyarl\u0131 \u00e7ocuklar\u0131n nas\u0131l derin d\u00fc\u015f\u00fcnen ve kolayca bunalabilen \u00e7ocuklar oldu\u011funu g\u00f6steriyor. Asl\u0131nda bu \u00f6zellikler; zeki, vicdanl\u0131, yarat\u0131c\u0131 \u00e7ocuklar\u0131n ortaya \u00e7\u0131kmas\u0131n\u0131 sa\u011flayabilir ancak yanl\u0131\u015f ebeveynlik ve e\u011fitimle onlar\u0131 utanga\u00e7, \u00e7ekingen ya da rol yapmaya meyilli yapabilir. \u00c7ok az ebeveyn ve \u00f6\u011fretmen bu davran\u0131\u015f\u0131n nereden kaynakland\u0131\u011f\u0131n\u0131 anlar ve sonu\u00e7 olarak hayli duyarl\u0131 \u00e7ocuklar (HD\u00c7) genellikle a\u015f\u0131r\u0131 \u00e7ekingen, korkak veya tela\u015fl\u0131 olarak yanl\u0131\u015f etiketlenir, sorunlu \u00e7ocuklar olarak s\u0131n\u0131fland\u0131r\u0131l\u0131r, hatta baz\u0131 durumlarda DEB\/DEHB gibi yanl\u0131\u015f te\u015fhis bile konabilir. Ancak do\u011fru anlay\u0131\u015f ve \u00f6zenle yeti\u015ftirilen HD\u00c7\u2019ler ise mutlu, sa\u011fl\u0131kl\u0131 ve potansiyelini g\u00f6sterebilen bireyler olarak b\u00fcy\u00fcyebilir. Bu kitapta ebeveynler, HD\u00c7\u2019lerini anlamalar\u0131na yard\u0131mc\u0131 olacak testler ve vaka \u00e7al\u0131\u015fmalar\u0131yla birlikte \u015fu konularda kapsaml\u0131 tavsiyeler bulacaklard\u0131r: \u2022 Bir HD\u00c7 yeti\u015ftirmenin zorluklar\u0131 \u2022 Bir HD\u00c7&#8217;ye ba\u015far\u0131l\u0131 bir \u015fekilde ebeveynlik yapman\u0131n d\u00f6rt anahtar\u0131 \u2022 Hayli duyarl\u0131 bebekler nas\u0131l yat\u0131\u015ft\u0131r\u0131l\u0131r \u2022 Duyarl\u0131 \u00e7ocuklar\u0131n pek de duyarl\u0131 olmayan bir d\u00fcnyada hayatta kalmalar\u0131na yard\u0131mc\u0131 olmak \u2022 Okulu ve arkada\u015fl\u0131klar\u0131 e\u011flenceli h\u00e2le getirmek<\/p>\n","protected":false},"excerpt":{"rendered":"<p>\u201c\u00d6zel bir \u00e7ocuk yeti\u015ftirmek istiyorsan\u0131z \u00f6zel bir \u00e7ocu\u011fa sahip olmaya istekli olmal\u0131s\u0131n\u0131z\u2026 Ve sizin de \u00e7ocu\u011funuz \u00f6yle. Bu kitap size onu nas\u0131l sadece istisnai de\u011fil, ayn\u0131<span class=\"excerpt-hellip\"> [\u2026]<\/span><\/p>\n","protected":false},"featured_media":0,"template":"","meta":{"_monsterinsights_skip_tracking":false,"_monsterinsights_sitenote_active":false,"_monsterinsights_sitenote_note":"","_monsterinsights_sitenote_category":0},"product_brand":[],"product_cat":[12357],"product_tag":[],"class_list":{"0":"post-760925","1":"product","2":"type-product","3":"status-publish","5":"product_cat-psikoloji","6":"pa_cilt-ciltsiz","7":"pa_tur-kitap","8":"pa_yayinevi-epsilon-yayinlari","9":"pa_yazar-elaine-n-aron","11":"first","12":"instock","13":"sale","14":"shipping-taxable","15":"purchasable","16":"product-type-simple"},"_links":{"self":[{"href":"https:\/\/roveyayinevi.com.tr\/index.php\/wp-json\/wp\/v2\/product\/760925","targetHints":{"allow":["GET"]}}],"collection":[{"href":"https:\/\/roveyayinevi.com.tr\/index.php\/wp-json\/wp\/v2\/product"}],"about":[{"href":"https:\/\/roveyayinevi.com.tr\/index.php\/wp-json\/wp\/v2\/types\/product"}],"wp:attachment":[{"href":"https:\/\/roveyayinevi.com.tr\/index.php\/wp-json\/wp\/v2\/media?parent=760925"}],"wp:term":[{"taxonomy":"product_brand","embeddable":true,"href":"https:\/\/roveyayinevi.com.tr\/index.php\/wp-json\/wp\/v2\/product_brand?post=760925"},{"taxonomy":"product_cat","embeddable":true,"href":"https:\/\/roveyayinevi.com.tr\/index.php\/wp-json\/wp\/v2\/product_cat?post=760925"},{"taxonomy":"product_tag","embeddable":true,"href":"https:\/\/roveyayinevi.com.tr\/index.php\/wp-json\/wp\/v2\/product_tag?post=760925"}],"curies":[{"name":"wp","href":"https:\/\/api.w.org\/{rel}","templated":true}]}}