{"id":760924,"date":"2025-08-28T09:21:49","date_gmt":"2025-08-28T06:21:49","guid":{"rendered":"https:\/\/roveyayinevi.com.tr\/index.php\/urun\/aranizdan-biri\/"},"modified":"2026-04-16T03:13:37","modified_gmt":"2026-04-16T00:13:37","slug":"aranizdan-biri","status":"publish","type":"product","link":"https:\/\/roveyayinevi.com.tr\/index.php\/urun\/aranizdan-biri\/","title":{"rendered":"Aran\u0131zdan Biri"},"content":{"rendered":"<p>Sekiz saatAlt\u0131 arkada\u015fBir keskin ni\u015fanc\u0131Ve hayatta kalan 5 ki\u015fi. . .  On sekiz ya\u015f\u0131ndaki Red ve arkada\u015flar\u0131 bir karavanla Bahar Tatili i\u00e7in yola \u00e7\u0131karlar. Fakat karavan \u0131ss\u0131z bir yerde bozulur. Tekerlekler birer birer patlarken gruptakiler bunun bir kaza olmad\u0131\u011f\u0131n\u0131 anlarlar. Karanl\u0131kta onlar\u0131 izleyen bir keskin ni\u015fanc\u0131 vard\u0131r; Red ve arkada\u015flar\u0131n\u0131n kim olduklar\u0131n\u0131 \u00e7ok iyi bilmektedir. Ne var ki gruptan birinin bir s\u0131rr\u0131 vard\u0131r ve keskin ni\u015fanc\u0131 bu s\u0131r i\u00e7in onu \u00f6ld\u00fcrmeye haz\u0131rd\u0131r. Grup; umutsuzca yard\u0131m almaya ve hedefin kim oldu\u011funu bulmaya \u00e7al\u0131\u015f\u0131rken aralar\u0131ndaki gerilim de \u00f6l\u00fcmc\u00fcl seviyelere ula\u015f\u0131r. Bu gece herkes hayatta kalamayacakt\u0131r\u2026   \u201cGerilimi iliklerinize kadar hissedece\u011finiz, heyecan\u0131nhi\u00e7 d\u00fc\u015fmedi\u011fi soluk solu\u011fa bir hik\u00e2ye sizleri bekliyor.\u201d \u2014KIRKUS REVIEWS    \u201cGerilimin yer yer mizahla bulu\u015ftu\u011fu, zekibir hik\u00e2yeye sahip nefes kesici bir roman.\u201d \u2014CRIMEREADS<\/p>\n","protected":false},"excerpt":{"rendered":"<p>Sekiz saatAlt\u0131 arkada\u015fBir keskin ni\u015fanc\u0131Ve hayatta kalan 5 ki\u015fi. . . On sekiz ya\u015f\u0131ndaki Red ve arkada\u015flar\u0131 bir karavanla Bahar Tatili i\u00e7in yola \u00e7\u0131karlar. Fakat karavan<span class=\"excerpt-hellip\"> [\u2026]<\/span><\/p>\n","protected":false},"featured_media":0,"template":"","meta":{"_monsterinsights_skip_tracking":false,"_monsterinsights_sitenote_active":false,"_monsterinsights_sitenote_note":"","_monsterinsights_sitenote_category":0},"product_brand":[],"product_cat":[12291,17033],"product_tag":[],"class_list":{"0":"post-760924","1":"product","2":"type-product","3":"status-publish","5":"product_cat-edebiyat","6":"product_cat-korku-gerilim","7":"pa_cilt-ciltsiz","8":"pa_tur-kitap","9":"pa_yayinevi-epsilon-yayinlari","10":"pa_yazar-holly-jackson","12":"first","13":"instock","14":"sale","15":"shipping-taxable","16":"purchasable","17":"product-type-simple"},"_links":{"self":[{"href":"https:\/\/roveyayinevi.com.tr\/index.php\/wp-json\/wp\/v2\/product\/760924","targetHints":{"allow":["GET"]}}],"collection":[{"href":"https:\/\/roveyayinevi.com.tr\/index.php\/wp-json\/wp\/v2\/product"}],"about":[{"href":"https:\/\/roveyayinevi.com.tr\/index.php\/wp-json\/wp\/v2\/types\/product"}],"wp:attachment":[{"href":"https:\/\/roveyayinevi.com.tr\/index.php\/wp-json\/wp\/v2\/media?parent=760924"}],"wp:term":[{"taxonomy":"product_brand","embeddable":true,"href":"https:\/\/roveyayinevi.com.tr\/index.php\/wp-json\/wp\/v2\/product_brand?post=760924"},{"taxonomy":"product_cat","embeddable":true,"href":"https:\/\/roveyayinevi.com.tr\/index.php\/wp-json\/wp\/v2\/product_cat?post=760924"},{"taxonomy":"product_tag","embeddable":true,"href":"https:\/\/roveyayinevi.com.tr\/index.php\/wp-json\/wp\/v2\/product_tag?post=760924"}],"curies":[{"name":"wp","href":"https:\/\/api.w.org\/{rel}","templated":true}]}}