{"id":760923,"date":"2025-08-28T09:21:47","date_gmt":"2025-08-28T06:21:47","guid":{"rendered":"https:\/\/roveyayinevi.com.tr\/index.php\/urun\/yasama-dair-3\/"},"modified":"2026-04-16T03:13:37","modified_gmt":"2026-04-16T00:13:37","slug":"yasama-dair-3","status":"publish","type":"product","link":"https:\/\/roveyayinevi.com.tr\/index.php\/urun\/yasama-dair-3\/","title":{"rendered":"Ya\u015fama Dair"},"content":{"rendered":"<p>Bu kitaptaki \u015fiirlerim 1982-1983 y\u0131llar\u0131nda, yani on alt\u0131 ve on yedi ya\u015f\u0131mda yazd\u0131\u011f\u0131m \u015fiirlerimdir. Daha do\u011frusu duygular\u0131m\u0131n dizelerle anlat\u0131m\u0131d\u0131r. Edebi hi\u00e7bir iddiam yoktur. \u00c7ocuk\u00e7a, masumane karalanm\u0131\u015f sat\u0131rlard\u0131r. On alt\u0131 ya\u015f\u0131nda bir \u00e7ocuk ne kadar masum, temiz, saf sevebilirse o kadar sevdim ve o duygular\u0131m\u0131 kaleme ald\u0131m. Benden bir hat\u0131ra kals\u0131n istedim ve \u015fiirlerimi kitapla\u015ft\u0131rd\u0131m. <\/p>\n","protected":false},"excerpt":{"rendered":"<p>Bu kitaptaki \u015fiirlerim 1982-1983 y\u0131llar\u0131nda, yani on alt\u0131 ve on yedi ya\u015f\u0131mda yazd\u0131\u011f\u0131m \u015fiirlerimdir. Daha do\u011frusu duygular\u0131m\u0131n dizelerle anlat\u0131m\u0131d\u0131r. Edebi hi\u00e7bir iddiam yoktur. \u00c7ocuk\u00e7a, masumane karalanm\u0131\u015f<span class=\"excerpt-hellip\"> [\u2026]<\/span><\/p>\n","protected":false},"featured_media":0,"template":"","meta":{"_monsterinsights_skip_tracking":false,"_monsterinsights_sitenote_active":false,"_monsterinsights_sitenote_note":"","_monsterinsights_sitenote_category":0},"product_brand":[],"product_cat":[12291,12509],"product_tag":[],"class_list":{"0":"post-760923","1":"product","2":"type-product","3":"status-publish","5":"product_cat-edebiyat","6":"product_cat-siir","7":"pa_cilt-ciltsiz","8":"pa_tur-kitap","9":"pa_yayinevi-somut-yayinlari","10":"pa_yazar-yunus-emre-albayrak","12":"first","13":"instock","14":"sale","15":"shipping-taxable","16":"purchasable","17":"product-type-simple"},"_links":{"self":[{"href":"https:\/\/roveyayinevi.com.tr\/index.php\/wp-json\/wp\/v2\/product\/760923","targetHints":{"allow":["GET"]}}],"collection":[{"href":"https:\/\/roveyayinevi.com.tr\/index.php\/wp-json\/wp\/v2\/product"}],"about":[{"href":"https:\/\/roveyayinevi.com.tr\/index.php\/wp-json\/wp\/v2\/types\/product"}],"wp:attachment":[{"href":"https:\/\/roveyayinevi.com.tr\/index.php\/wp-json\/wp\/v2\/media?parent=760923"}],"wp:term":[{"taxonomy":"product_brand","embeddable":true,"href":"https:\/\/roveyayinevi.com.tr\/index.php\/wp-json\/wp\/v2\/product_brand?post=760923"},{"taxonomy":"product_cat","embeddable":true,"href":"https:\/\/roveyayinevi.com.tr\/index.php\/wp-json\/wp\/v2\/product_cat?post=760923"},{"taxonomy":"product_tag","embeddable":true,"href":"https:\/\/roveyayinevi.com.tr\/index.php\/wp-json\/wp\/v2\/product_tag?post=760923"}],"curies":[{"name":"wp","href":"https:\/\/api.w.org\/{rel}","templated":true}]}}