{"id":760922,"date":"2025-08-28T09:21:45","date_gmt":"2025-08-28T06:21:45","guid":{"rendered":"https:\/\/roveyayinevi.com.tr\/index.php\/urun\/emerald-ve-deniz-perileri-fleksi-kapak\/"},"modified":"2026-04-16T03:13:37","modified_gmt":"2026-04-16T00:13:37","slug":"emerald-ve-deniz-perileri-fleksi-kapak","status":"publish","type":"product","link":"https:\/\/roveyayinevi.com.tr\/index.php\/urun\/emerald-ve-deniz-perileri-fleksi-kapak\/","title":{"rendered":"Emerald ve Deniz Perileri (Fleksi Kapak)"},"content":{"rendered":"<p>Emerald \u00e7ok \u00f6zel\u00e7\u00fcnk\u00fc herkesten farkl\u0131! Emerald ve \u00fcvey k\u0131z karde\u015fi Delphina, deniz perilerini aramak i\u00e7in saraydan gizlice ka\u00e7t\u0131klar\u0131nda bunun &#8220;m\u00fckemmel denizk\u0131z\u0131 prensesi&#8221; davran\u0131\u015f\u0131 olmad\u0131\u011f\u0131n\u0131 bilseler de bu yoldan vazge\u00e7mezler! \u0130stiridye kasabas\u0131ndan \u00e7ok uzakta, \u0131\u015f\u0131l \u0131\u015f\u0131l parlayan bir mercan kayal\u0131\u011f\u0131 ke\u015ffettiklerinde, resifin i\u00e7inde \u00fc\u00e7 k\u00fc\u00e7\u00fck p\u0131r\u0131lt\u0131l\u0131 deniz perisi onlar\u0131 beklemektedir. Emerald ve Delphina, denizk\u0131z\u0131 prensesi olman\u0131n sadece kurallara uymaktan ibaret olmad\u0131\u011f\u0131n\u0131, ayn\u0131 zamanda kalbinin sesini dinlemek oldu\u011funu \u00f6\u011frenmek \u00fczereler!<\/p>\n","protected":false},"excerpt":{"rendered":"<p>Emerald \u00e7ok \u00f6zel\u00e7\u00fcnk\u00fc herkesten farkl\u0131! Emerald ve \u00fcvey k\u0131z karde\u015fi Delphina, deniz perilerini aramak i\u00e7in saraydan gizlice ka\u00e7t\u0131klar\u0131nda bunun &#8220;m\u00fckemmel denizk\u0131z\u0131 prensesi&#8221; davran\u0131\u015f\u0131 olmad\u0131\u011f\u0131n\u0131 bilseler de<span class=\"excerpt-hellip\"> [\u2026]<\/span><\/p>\n","protected":false},"featured_media":0,"template":"","meta":{"_monsterinsights_skip_tracking":false,"_monsterinsights_sitenote_active":false,"_monsterinsights_sitenote_note":"","_monsterinsights_sitenote_category":0},"product_brand":[],"product_cat":[12275,12274],"product_tag":[],"class_list":{"0":"post-760922","1":"product","2":"type-product","3":"status-publish","5":"product_cat-6-12-yas-kitaplari","6":"product_cat-cocuk-ve-genclik-kitaplari","7":"pa_cilt-ciltsiz","8":"pa_tur-kitap","9":"pa_yayinevi-epsilon-yayinlari","10":"pa_yazar-harriet-muncaster","12":"first","13":"instock","14":"sale","15":"shipping-taxable","16":"purchasable","17":"product-type-simple"},"_links":{"self":[{"href":"https:\/\/roveyayinevi.com.tr\/index.php\/wp-json\/wp\/v2\/product\/760922","targetHints":{"allow":["GET"]}}],"collection":[{"href":"https:\/\/roveyayinevi.com.tr\/index.php\/wp-json\/wp\/v2\/product"}],"about":[{"href":"https:\/\/roveyayinevi.com.tr\/index.php\/wp-json\/wp\/v2\/types\/product"}],"wp:attachment":[{"href":"https:\/\/roveyayinevi.com.tr\/index.php\/wp-json\/wp\/v2\/media?parent=760922"}],"wp:term":[{"taxonomy":"product_brand","embeddable":true,"href":"https:\/\/roveyayinevi.com.tr\/index.php\/wp-json\/wp\/v2\/product_brand?post=760922"},{"taxonomy":"product_cat","embeddable":true,"href":"https:\/\/roveyayinevi.com.tr\/index.php\/wp-json\/wp\/v2\/product_cat?post=760922"},{"taxonomy":"product_tag","embeddable":true,"href":"https:\/\/roveyayinevi.com.tr\/index.php\/wp-json\/wp\/v2\/product_tag?post=760922"}],"curies":[{"name":"wp","href":"https:\/\/api.w.org\/{rel}","templated":true}]}}