{"id":760911,"date":"2025-08-28T09:21:25","date_gmt":"2025-08-28T06:21:25","guid":{"rendered":"https:\/\/roveyayinevi.com.tr\/index.php\/urun\/kerkukun-milli-yazari-ata-terzibasi\/"},"modified":"2026-04-16T03:13:37","modified_gmt":"2026-04-16T00:13:37","slug":"kerkukun-milli-yazari-ata-terzibasi","status":"publish","type":"product","link":"https:\/\/roveyayinevi.com.tr\/index.php\/urun\/kerkukun-milli-yazari-ata-terzibasi\/","title":{"rendered":"Kerk\u00fck\u2019\u00fcn Milli Yazar\u0131 Ata Terziba\u015f\u0131"},"content":{"rendered":"<p>\u015eemsettin K\u00fczeci ilk kez Ata Terziba\u015f\u0131&#8217;n\u0131n hayat\u0131n\u0131 ve faaliyetlerini tam anlam\u0131yla ara\u015ft\u0131rmak ve incelemek gibi sorumlu ve onurlu bir g\u00f6revi yerine getirmi\u015ftir. Geni\u015f bir okur kitlesine ve bilim camias\u0131na sundu\u011fu &#8220;Kerk\u00fck\u2019\u00fcn Milli Yazar\u0131 Ata Terziba\u015f\u0131&#8221; adl\u0131 kitap T\u00fcrk d\u00fcnyas\u0131nda bu alandaki bo\u015flu\u011fu doldurur. Bu kitap, Ata Terziba\u015f\u0131&#8217;n\u0131n \u00e7ok y\u00f6nl\u00fc bilimsel \u00e7al\u0131\u015fmalar\u0131 hakk\u0131nda yaz\u0131lan ilk ansiklopedik eserdir.   Ata Terziba\u015f\u0131\u2019n\u0131n bilimsel biyografisinin tam bir resmini \u00e7izen K\u00fczeci; Ata Terziba\u015f\u0131&#8217;n\u0131n hayat\u0131, \u00e7evresi, e\u011fitimi, hukuk, gazetecilik ve yazarl\u0131k faaliyetleri ile folklor alan\u0131ndaki \u00e7al\u0131\u015fmalar\u0131na, hakk\u0131nda yaz\u0131lan makalelere, kitaplara ve tezlere, tan\u0131klar\u0131n g\u00f6z\u00fcyle de \u0131\u015f\u0131k tutmu\u015ftur. Asl\u0131nda bu eser Terziba\u015f\u0131&#8217;n\u0131n hayat ser\u00fcvenini anlatan bir belgesel roman niteli\u011findedir.   K\u00fczeci\u2019nin sundu\u011fu bu ara\u015ft\u0131rma, Ata Terziba\u015f\u0131&#8217;n\u0131n Irak-T\u00fcrkmen edebiyat ara\u015ft\u0131rmalar\u0131 d\u00fcnyas\u0131n\u0131n zirvesini fetheden se\u00e7kin bir bilim adam\u0131 oldu\u011funu kan\u0131tlar. Nitekim Ata Terziba\u015f\u0131, 20. y\u00fczy\u0131lda Arap d\u00fcnyas\u0131nda Kerk\u00fck&#8217;\u00fcn zengin s\u00f6zl\u00fc ve yaz\u0131l\u0131 edebiyat\u0131n\u0131 ara\u015ft\u0131ran ve tan\u0131tan \u00f6nde gelen T\u00fcrkmen bilginidir.   \u201cKerk\u00fck\u2019\u00fcn Milli Yazar\u0131 Ata Terziba\u015f\u0131\u201d kitab\u0131n\u0131n yazar\u0131 Dr. \u015eemsettin K\u00fczeci 2023 y\u0131l\u0131nda Azerbaycan Milli \u0130limler Akademisi Nizami Gencevi Edebiyat Enstit\u00fcs\u00fcn\u00fcn de \u201cFahri Doktoru\u201d unvan\u0131na lay\u0131k g\u00f6r\u00fclm\u00fc\u015f, bu de\u011ferli eseriyle de Azerbaycan ve T\u00fcrk d\u00fcnyas\u0131 bilimine m\u00fckemmel bir ilmi eser kazand\u0131rm\u0131\u015ft\u0131r.   Akademik \u0130sa Habibbeyli <\/p>\n","protected":false},"excerpt":{"rendered":"<p>\u015eemsettin K\u00fczeci ilk kez Ata Terziba\u015f\u0131&#8217;n\u0131n hayat\u0131n\u0131 ve faaliyetlerini tam anlam\u0131yla ara\u015ft\u0131rmak ve incelemek gibi sorumlu ve onurlu bir g\u00f6revi yerine getirmi\u015ftir. Geni\u015f bir okur kitlesine<span class=\"excerpt-hellip\"> [\u2026]<\/span><\/p>\n","protected":false},"featured_media":0,"template":"","meta":{"_monsterinsights_skip_tracking":false,"_monsterinsights_sitenote_active":false,"_monsterinsights_sitenote_note":"","_monsterinsights_sitenote_category":0},"product_brand":[],"product_cat":[14009,12291],"product_tag":[],"class_list":{"0":"post-760911","1":"product","2":"type-product","3":"status-publish","5":"product_cat-biyografi-otobiyografi-edebiyat","6":"product_cat-edebiyat","7":"pa_cilt-ciltsiz","8":"pa_tur-kitap","9":"pa_yayinevi-gulnar-yayinlari","10":"pa_yazar-semsettin-kuzeci","12":"first","13":"instock","14":"sale","15":"shipping-taxable","16":"purchasable","17":"product-type-simple"},"_links":{"self":[{"href":"https:\/\/roveyayinevi.com.tr\/index.php\/wp-json\/wp\/v2\/product\/760911","targetHints":{"allow":["GET"]}}],"collection":[{"href":"https:\/\/roveyayinevi.com.tr\/index.php\/wp-json\/wp\/v2\/product"}],"about":[{"href":"https:\/\/roveyayinevi.com.tr\/index.php\/wp-json\/wp\/v2\/types\/product"}],"wp:attachment":[{"href":"https:\/\/roveyayinevi.com.tr\/index.php\/wp-json\/wp\/v2\/media?parent=760911"}],"wp:term":[{"taxonomy":"product_brand","embeddable":true,"href":"https:\/\/roveyayinevi.com.tr\/index.php\/wp-json\/wp\/v2\/product_brand?post=760911"},{"taxonomy":"product_cat","embeddable":true,"href":"https:\/\/roveyayinevi.com.tr\/index.php\/wp-json\/wp\/v2\/product_cat?post=760911"},{"taxonomy":"product_tag","embeddable":true,"href":"https:\/\/roveyayinevi.com.tr\/index.php\/wp-json\/wp\/v2\/product_tag?post=760911"}],"curies":[{"name":"wp","href":"https:\/\/api.w.org\/{rel}","templated":true}]}}