{"id":760910,"date":"2025-08-28T09:21:23","date_gmt":"2025-08-28T06:21:23","guid":{"rendered":"https:\/\/roveyayinevi.com.tr\/index.php\/urun\/ayse-gelin\/"},"modified":"2026-04-16T03:13:37","modified_gmt":"2026-04-16T00:13:37","slug":"ayse-gelin","status":"publish","type":"product","link":"https:\/\/roveyayinevi.com.tr\/index.php\/urun\/ayse-gelin\/","title":{"rendered":"Ay\u015fe Gelin"},"content":{"rendered":"<p>Ben te\u015frin-i sani- de Ay\u0131n on d\u00f6rd\u00fcnde do\u011fmu\u015fum Babam Bin dokuz y\u00fcz otuz yedide \u201cHer hususda zemet olarak bulundu\u201d yazm\u0131\u015f. N\u00fcfus c\u00fczdan\u0131ma Bin dokuz y\u00fcz k\u0131rk be\u015fte ilkokula giderken \u0130kinci d\u00fcnya harbi patlad\u0131 Dam\u0131m\u0131z\u0131n sa\u00e7a\u011f\u0131ndan Bir Alman u\u00e7a\u011f\u0131 silip ge\u00e7ti Hayvanlar\u0131m\u0131z iplerini kopar\u0131p ka\u00e7t\u0131 Zindan alan\u0131na u\u00e7ak d\u00fc\u015ft\u00fc \u00d6nce seyredildi Sonra kur\u015funlar\u0131 Ard\u0131ndan da nesi varsa yok edildi Bin dokuz y\u00fcz elli ikide Kore harbi ba\u015flad\u0131 Ayn\u0131 y\u0131l NATO\u2019ya girdik Altm\u0131\u015fta yirmi yedi may\u0131s devrimi Ben elli ikinci d\u00f6nem yedek te\u011fmeni Altm\u0131\u015f be\u015flerde y\u00f6n dergisi Altm\u0131\u015f yedilerde solcu Yetmi\u015flerde ilerici Yetmi\u015f \u00fc\u00e7te partici Yetmi\u015f d\u00f6rtte siyaset\u00e7i Ve il genel meclisi \u00fcyeli\u011fi \u0130lk toplant\u0131da; m\u00fclaz\u0131m\u2019\u0131 \u2013sani Bin dokuz y\u00fcz yetmi\u015f be\u015fte \u0130dare-i-umumiye-i-vilayet kanunu muvakkatinin Y\u00fcz on sekizinci maddesi uyar\u0131nca \u0130l-daimi enc\u00fcmeni \u00fcyesi Seksenli y\u0131llarda yaz\u0131p \u00e7izmek \u0130ki bin d\u00f6rt kas\u0131m\u0131nda yedi metrelik Zeytin a\u011fac\u0131ndan d\u00fc\u015fmek Sa\u011f ve sa\u011flam kalmak \u0130ki bin alt\u0131da a\u011f\u0131r bir ameliyat ge\u00e7irmek \u0130ki bin yedide yetmi\u015f ya\u015f\u0131na girmek Tek de\u011fi\u015fmeyen i\u015fim \u00d6yk\u00fc yazmak Roman okumak An\u0131 yazmak \u015eiir okumak Bir de iyice bunal\u0131nca sesimi y\u00fckseltmek Uzun-k\u0131sa yolculuk yap\u0131p payla\u015fmak Ve de\u011fi\u015fimi ya\u015famak&#8230; <\/p>\n","protected":false},"excerpt":{"rendered":"<p>Ben te\u015frin-i sani- de Ay\u0131n on d\u00f6rd\u00fcnde do\u011fmu\u015fum Babam Bin dokuz y\u00fcz otuz yedide \u201cHer hususda zemet olarak bulundu\u201d yazm\u0131\u015f. N\u00fcfus c\u00fczdan\u0131ma Bin dokuz y\u00fcz k\u0131rk<span class=\"excerpt-hellip\"> [\u2026]<\/span><\/p>\n","protected":false},"featured_media":0,"template":"","meta":{"_monsterinsights_skip_tracking":false,"_monsterinsights_sitenote_active":false,"_monsterinsights_sitenote_note":"","_monsterinsights_sitenote_category":0},"product_brand":[],"product_cat":[12291,12711],"product_tag":[],"class_list":{"0":"post-760910","1":"product","2":"type-product","3":"status-publish","5":"product_cat-edebiyat","6":"product_cat-roman-oyku","7":"pa_cilt-ciltsiz","8":"pa_tur-kitap","9":"pa_yayinevi-gulnar-yayinlari","10":"pa_yazar-nihat-erkan","12":"first","13":"instock","14":"sale","15":"shipping-taxable","16":"purchasable","17":"product-type-simple"},"_links":{"self":[{"href":"https:\/\/roveyayinevi.com.tr\/index.php\/wp-json\/wp\/v2\/product\/760910","targetHints":{"allow":["GET"]}}],"collection":[{"href":"https:\/\/roveyayinevi.com.tr\/index.php\/wp-json\/wp\/v2\/product"}],"about":[{"href":"https:\/\/roveyayinevi.com.tr\/index.php\/wp-json\/wp\/v2\/types\/product"}],"wp:attachment":[{"href":"https:\/\/roveyayinevi.com.tr\/index.php\/wp-json\/wp\/v2\/media?parent=760910"}],"wp:term":[{"taxonomy":"product_brand","embeddable":true,"href":"https:\/\/roveyayinevi.com.tr\/index.php\/wp-json\/wp\/v2\/product_brand?post=760910"},{"taxonomy":"product_cat","embeddable":true,"href":"https:\/\/roveyayinevi.com.tr\/index.php\/wp-json\/wp\/v2\/product_cat?post=760910"},{"taxonomy":"product_tag","embeddable":true,"href":"https:\/\/roveyayinevi.com.tr\/index.php\/wp-json\/wp\/v2\/product_tag?post=760910"}],"curies":[{"name":"wp","href":"https:\/\/api.w.org\/{rel}","templated":true}]}}