{"id":760903,"date":"2025-08-28T09:21:09","date_gmt":"2025-08-28T06:21:09","guid":{"rendered":"https:\/\/roveyayinevi.com.tr\/index.php\/urun\/guzel-kokulu-cicekler-zarafetle-acar-cilt-2\/"},"modified":"2026-04-16T03:13:36","modified_gmt":"2026-04-16T00:13:36","slug":"guzel-kokulu-cicekler-zarafetle-acar-cilt-2","status":"publish","type":"product","link":"https:\/\/roveyayinevi.com.tr\/index.php\/urun\/guzel-kokulu-cicekler-zarafetle-acar-cilt-2\/","title":{"rendered":"G\u00fczel Kokulu \u00c7i\u00e7ekler Zarafetle A\u00e7ar Cilt. 2"},"content":{"rendered":"<p>Alt s\u0131n\u0131f bir erkek lisesi olan \u00c7idori&#8217;den Rintaro, prestijli bir k\u0131z lisesi olan Kikyo&#8217;dan Kaoru ile tan\u0131\u015f\u0131r. G\u00fc\u00e7l\u00fc ve sessiz yap\u0131s\u0131 dolay\u0131s\u0131yla etraf\u0131ndaki insanlara korku salan Rintaro, Kaoru\u2019nun kendisine kar\u015f\u0131 a\u00e7\u0131k s\u00f6zl\u00fc yakla\u015f\u0131m\u0131 kar\u015f\u0131s\u0131nda ilk ba\u015fta \u015fa\u015fk\u0131nl\u0131\u011fa u\u011frasa da yava\u015f yava\u015f ona a\u00e7\u0131lmaya ba\u015flar. Ancak aralar\u0131ndaki ili\u015fki giderek g\u00fc\u00e7lenmesine ra\u011fmen, iki kom\u015fu okul aras\u0131ndaki u\u00e7urum derinli\u011fini korumaktad\u0131r. Derken bir g\u00fcn, Kaoru\u2019nun \u00c7idori&#8217;den hi\u00e7 haz etmeyen arkada\u015f\u0131 Ho\u015fina Subaru, Rintaro&#8217;yu durdurur, ona s\u00f6yleyecekleri vard\u0131r\u2026    &#8220;Birbirine hem yak\u0131n ama bir o kadar uzak&#8221; iki ki\u015fi etraf\u0131nda geli\u015fen bir gen\u00e7lik hik\u00e2yesi!<\/p>\n","protected":false},"excerpt":{"rendered":"<p>Alt s\u0131n\u0131f bir erkek lisesi olan \u00c7idori&#8217;den Rintaro, prestijli bir k\u0131z lisesi olan Kikyo&#8217;dan Kaoru ile tan\u0131\u015f\u0131r. G\u00fc\u00e7l\u00fc ve sessiz yap\u0131s\u0131 dolay\u0131s\u0131yla etraf\u0131ndaki insanlara korku salan<span class=\"excerpt-hellip\"> [\u2026]<\/span><\/p>\n","protected":false},"featured_media":0,"template":"","meta":{"_monsterinsights_skip_tracking":false,"_monsterinsights_sitenote_active":false,"_monsterinsights_sitenote_note":"","_monsterinsights_sitenote_category":0},"product_brand":[],"product_cat":[12416,12291],"product_tag":[],"class_list":{"0":"post-760903","1":"product","2":"type-product","3":"status-publish","5":"product_cat-cizgi-roman","6":"product_cat-edebiyat","7":"pa_cilt-ciltsiz","8":"pa_tur-kitap","9":"pa_yayinevi-akil-celen-kitaplar","10":"pa_yazar-saka-mikami","12":"first","13":"instock","14":"sale","15":"shipping-taxable","16":"purchasable","17":"product-type-simple"},"_links":{"self":[{"href":"https:\/\/roveyayinevi.com.tr\/index.php\/wp-json\/wp\/v2\/product\/760903","targetHints":{"allow":["GET"]}}],"collection":[{"href":"https:\/\/roveyayinevi.com.tr\/index.php\/wp-json\/wp\/v2\/product"}],"about":[{"href":"https:\/\/roveyayinevi.com.tr\/index.php\/wp-json\/wp\/v2\/types\/product"}],"wp:attachment":[{"href":"https:\/\/roveyayinevi.com.tr\/index.php\/wp-json\/wp\/v2\/media?parent=760903"}],"wp:term":[{"taxonomy":"product_brand","embeddable":true,"href":"https:\/\/roveyayinevi.com.tr\/index.php\/wp-json\/wp\/v2\/product_brand?post=760903"},{"taxonomy":"product_cat","embeddable":true,"href":"https:\/\/roveyayinevi.com.tr\/index.php\/wp-json\/wp\/v2\/product_cat?post=760903"},{"taxonomy":"product_tag","embeddable":true,"href":"https:\/\/roveyayinevi.com.tr\/index.php\/wp-json\/wp\/v2\/product_tag?post=760903"}],"curies":[{"name":"wp","href":"https:\/\/api.w.org\/{rel}","templated":true}]}}