{"id":760901,"date":"2025-08-28T09:21:04","date_gmt":"2025-08-28T06:21:04","guid":{"rendered":"https:\/\/roveyayinevi.com.tr\/index.php\/urun\/horimiya-horisan-ile-miyamurakun-11-cilt\/"},"modified":"2026-04-16T03:13:36","modified_gmt":"2026-04-16T00:13:36","slug":"horimiya-horisan-ile-miyamurakun-11-cilt","status":"publish","type":"product","link":"https:\/\/roveyayinevi.com.tr\/index.php\/urun\/horimiya-horisan-ile-miyamurakun-11-cilt\/","title":{"rendered":"Horimiya Horisan ile Miyamurakun 11. Cilt"},"content":{"rendered":"<p>Horisan ile Miyamurakun\u2019un etkileyici hik\u00e2yesi devam ediyor!     Konu a\u015fk oldu\u011funda herkes Hori ve Miyamura kadar h\u0131zl\u0131 yol alam\u0131yor. Her zaman g\u00fcvenilir bir arkada\u015f olan \u0130\u015fikava, \u00e7iftin iyi g\u00fcnlerine de k\u00f6t\u00fc g\u00fcnlerine de \u015fahit oldu, ancak \u015fimdi kendi kalbi a\u015fka do\u011fru daha dolamba\u00e7l\u0131 bir yol izliyor gibi g\u00f6r\u00fcn\u00fcyor. Yo\u015fikava ile &#8220;sadece arkada\u015f&#8221;tan daha fazlas\u0131 olabileceklerini fark eden \u0130\u015fikava, arkada\u015fl\u0131k ve a\u015fk aras\u0131ndaki bulan\u0131k ve dalgal\u0131 sularda gezinmeye \u00e7al\u0131\u015f\u0131rken s\u0131k\u0131\u015f\u0131p kald\u0131. Fakat bildi\u011fi bir \u015fey var ki, Yo\u015fikava ile ge\u00e7irdi\u011fi zaman, \u00e7ok k\u0131ymetli ve \u00f6zel&#8230;     Okul hayat\u0131, arkada\u015fl\u0131klar ve kendini ke\u015ffetme hakk\u0131nda ilham verici hik\u00e2yesiyle Horimiya sizi etkisi alt\u0131na alacak! <\/p>\n","protected":false},"excerpt":{"rendered":"<p>Horisan ile Miyamurakun\u2019un etkileyici hik\u00e2yesi devam ediyor! Konu a\u015fk oldu\u011funda herkes Hori ve Miyamura kadar h\u0131zl\u0131 yol alam\u0131yor. Her zaman g\u00fcvenilir bir arkada\u015f olan \u0130\u015fikava, \u00e7iftin<span class=\"excerpt-hellip\"> [\u2026]<\/span><\/p>\n","protected":false},"featured_media":0,"template":"","meta":{"_monsterinsights_skip_tracking":false,"_monsterinsights_sitenote_active":false,"_monsterinsights_sitenote_note":"","_monsterinsights_sitenote_category":0},"product_brand":[],"product_cat":[12416,12291],"product_tag":[],"class_list":{"0":"post-760901","1":"product","2":"type-product","3":"status-publish","5":"product_cat-cizgi-roman","6":"product_cat-edebiyat","7":"pa_cilt-ciltsiz","8":"pa_tur-kitap","9":"pa_yayinevi-akil-celen-kitaplar","10":"pa_yazar-hero","12":"first","13":"instock","14":"sale","15":"shipping-taxable","16":"purchasable","17":"product-type-simple"},"_links":{"self":[{"href":"https:\/\/roveyayinevi.com.tr\/index.php\/wp-json\/wp\/v2\/product\/760901","targetHints":{"allow":["GET"]}}],"collection":[{"href":"https:\/\/roveyayinevi.com.tr\/index.php\/wp-json\/wp\/v2\/product"}],"about":[{"href":"https:\/\/roveyayinevi.com.tr\/index.php\/wp-json\/wp\/v2\/types\/product"}],"wp:attachment":[{"href":"https:\/\/roveyayinevi.com.tr\/index.php\/wp-json\/wp\/v2\/media?parent=760901"}],"wp:term":[{"taxonomy":"product_brand","embeddable":true,"href":"https:\/\/roveyayinevi.com.tr\/index.php\/wp-json\/wp\/v2\/product_brand?post=760901"},{"taxonomy":"product_cat","embeddable":true,"href":"https:\/\/roveyayinevi.com.tr\/index.php\/wp-json\/wp\/v2\/product_cat?post=760901"},{"taxonomy":"product_tag","embeddable":true,"href":"https:\/\/roveyayinevi.com.tr\/index.php\/wp-json\/wp\/v2\/product_tag?post=760901"}],"curies":[{"name":"wp","href":"https:\/\/api.w.org\/{rel}","templated":true}]}}