{"id":760895,"date":"2025-08-28T09:20:54","date_gmt":"2025-08-28T06:20:54","guid":{"rendered":"https:\/\/roveyayinevi.com.tr\/index.php\/urun\/cok-kolay-boyama-elmali-resim-kitabim\/"},"modified":"2026-04-16T03:13:36","modified_gmt":"2026-04-16T00:13:36","slug":"cok-kolay-boyama-elmali-resim-kitabim","status":"publish","type":"product","link":"https:\/\/roveyayinevi.com.tr\/index.php\/urun\/cok-kolay-boyama-elmali-resim-kitabim\/","title":{"rendered":"\u00c7ok Kolay Boyama &#8211; Elmal\u0131 Resim Kitab\u0131m"},"content":{"rendered":"<p>18 ay, \u00e7ocuklar\u0131n parmak kaslar\u0131n\u0131 ve ellerini koordineli olarak y\u00f6netebilme becerilerinin geli\u015fiminde \u00f6nemli bir a\u015famad\u0131r. Bu d\u00f6nemde \u00e7ocu\u011funuzun kal\u0131n boyama kalemleri ile sizin g\u00f6zetiminizde boyama yapmas\u0131, ince motor becerilerini geli\u015ftirici bir faaliyettir. Kolay Boyama Serisi, i\u015fte bu d\u00f6nemdeki \u00e7ocu\u011funuzun becerilerini desteklemek i\u00e7in harika bir ba\u015flang\u0131\u00e7 noktas\u0131d\u0131r. Serideki b\u00fcy\u00fck ve basit \u00e7izimler, kal\u0131n d\u0131\u015f \u00e7izgiler ve renk kodlar\u0131 \u00e7ocu\u011funuzun renkli d\u00fcnyalara kolayl\u0131kla ad\u0131m atmas\u0131n\u0131 sa\u011flar. Serinin ilk seviyesi; \u00c7ok Kolay Boyama Resim Kitab\u0131m 4 ba\u015fl\u0131\u011fa sahiptir ve boyamaya ilk ba\u015flayan \u00e7ocuklar\u0131n\u0131z i\u00e7in idealdir. Serinin ikinci seviyesindeki 4 adet Kolay Boyama Resim Kitab\u0131m ise kalem tutmada daha geli\u015fkin 18 ay ve \u00fczeri \u00e7ocuklar\u0131n tek ba\u015flar\u0131na boyama yapmalar\u0131 i\u00e7in elveri\u015flidir. Kolay Boyama Resim Kitab\u0131m serisindeki her bir kitap, \u00e7ocu\u011funuzun odaklanma ve el becerilerini desteklerken ayn\u0131 zamanda hayal g\u00fcc\u00fcn\u00fc ve yarat\u0131c\u0131l\u0131\u011f\u0131n\u0131 geli\u015ftirir.  <\/p>\n","protected":false},"excerpt":{"rendered":"<p>18 ay, \u00e7ocuklar\u0131n parmak kaslar\u0131n\u0131 ve ellerini koordineli olarak y\u00f6netebilme becerilerinin geli\u015fiminde \u00f6nemli bir a\u015famad\u0131r. Bu d\u00f6nemde \u00e7ocu\u011funuzun kal\u0131n boyama kalemleri ile sizin g\u00f6zetiminizde boyama yapmas\u0131,<span class=\"excerpt-hellip\"> [\u2026]<\/span><\/p>\n","protected":false},"featured_media":0,"template":"","meta":{"_monsterinsights_skip_tracking":false,"_monsterinsights_sitenote_active":false,"_monsterinsights_sitenote_note":"","_monsterinsights_sitenote_category":0},"product_brand":[],"product_cat":[12644,12274],"product_tag":[],"class_list":{"0":"post-760895","1":"product","2":"type-product","3":"status-publish","5":"product_cat-boyama-kitaplari","6":"product_cat-cocuk-ve-genclik-kitaplari","7":"pa_cilt-ciltsiz","8":"pa_tur-kitap","9":"pa_yayinevi-beta-kids","10":"pa_yazar-kolektif","12":"first","13":"instock","14":"sale","15":"shipping-taxable","16":"purchasable","17":"product-type-simple"},"_links":{"self":[{"href":"https:\/\/roveyayinevi.com.tr\/index.php\/wp-json\/wp\/v2\/product\/760895","targetHints":{"allow":["GET"]}}],"collection":[{"href":"https:\/\/roveyayinevi.com.tr\/index.php\/wp-json\/wp\/v2\/product"}],"about":[{"href":"https:\/\/roveyayinevi.com.tr\/index.php\/wp-json\/wp\/v2\/types\/product"}],"wp:attachment":[{"href":"https:\/\/roveyayinevi.com.tr\/index.php\/wp-json\/wp\/v2\/media?parent=760895"}],"wp:term":[{"taxonomy":"product_brand","embeddable":true,"href":"https:\/\/roveyayinevi.com.tr\/index.php\/wp-json\/wp\/v2\/product_brand?post=760895"},{"taxonomy":"product_cat","embeddable":true,"href":"https:\/\/roveyayinevi.com.tr\/index.php\/wp-json\/wp\/v2\/product_cat?post=760895"},{"taxonomy":"product_tag","embeddable":true,"href":"https:\/\/roveyayinevi.com.tr\/index.php\/wp-json\/wp\/v2\/product_tag?post=760895"}],"curies":[{"name":"wp","href":"https:\/\/api.w.org\/{rel}","templated":true}]}}