{"id":760892,"date":"2025-08-28T09:20:49","date_gmt":"2025-08-28T06:20:49","guid":{"rendered":"https:\/\/roveyayinevi.com.tr\/index.php\/urun\/kanli-mafya-gunlukleri-2-gorev\/"},"modified":"2026-04-16T03:13:36","modified_gmt":"2026-04-16T00:13:36","slug":"kanli-mafya-gunlukleri-2-gorev","status":"publish","type":"product","link":"https:\/\/roveyayinevi.com.tr\/index.php\/urun\/kanli-mafya-gunlukleri-2-gorev\/","title":{"rendered":"Kanl\u0131 Mafya G\u00fcnl\u00fckleri #2: G\u00f6rev"},"content":{"rendered":"<p>Dante Cavallaro, \u00f6len e\u015finin yas\u0131n\u0131 d\u00f6rt y\u0131l boyunca tutmu\u015f,ancak an\u0131larla h\u00e2l\u00e2 vedala\u015famam\u0131\u015ft\u0131r. \u0130talyan mafyas\u0131n\u0131n eng\u00fc\u00e7l\u00fc isimlerinden olan gen\u00e7 adam, Chicago Outfit tarihindekien gen\u00e7 lider olman\u0131n da e\u015fi\u011findedir. Tek eksi\u011fi bir v\u00e2ristir. Bunedenle Dante&#8217;nin yeniden evlenmesi gerekir. Kendine e\u015f olarakyeni dul Valentina\u2019y\u0131 se\u00e7er. Valentina da kaybetti\u011fi e\u015finin yas\u0131n\u0131 tutmaktad\u0131r. Kocas\u0131n\u0131n\u00f6l\u00fcm\u00fcnden sonra bile onun ve kendisinin onurunu korumaki\u00e7in b\u00fcy\u00fck s\u0131rlar\u0131n\u0131n a\u011f\u0131rl\u0131\u011f\u0131n\u0131 yan\u0131nda ta\u015f\u0131r. Dante&#8217;yleevlenmesi, yalanlarla dolu kalesini y\u0131kacak kadar tehlikelidir.Fakat Dante onu g\u00f6rmezden gelince endi\u015felerinin yersizoldu\u011fu ortaya \u00e7\u0131kar. Bir s\u00fcre sonra bu korkusu \u015fa\u015fk\u0131nl\u0131\u011fa ve\u00f6fkeye d\u00f6n\u00fc\u015f\u00fcr. Valentina, hayat\u0131 boyunca g\u00f6rmezden gelinmekten yorulmu\u015ftur.Dante&#8217;nin dikkatini ve arzusunu kazanmaya \u00e7al\u0131\u015f\u0131rken ayn\u0131zamanda buz tutmu\u015f kalbi i\u00e7in de sava\u015facakt\u0131r.<\/p>\n","protected":false},"excerpt":{"rendered":"<p>Dante Cavallaro, \u00f6len e\u015finin yas\u0131n\u0131 d\u00f6rt y\u0131l boyunca tutmu\u015f,ancak an\u0131larla h\u00e2l\u00e2 vedala\u015famam\u0131\u015ft\u0131r. \u0130talyan mafyas\u0131n\u0131n eng\u00fc\u00e7l\u00fc isimlerinden olan gen\u00e7 adam, Chicago Outfit tarihindekien gen\u00e7 lider olman\u0131n da<span class=\"excerpt-hellip\"> [\u2026]<\/span><\/p>\n","protected":false},"featured_media":0,"template":"","meta":{"_monsterinsights_skip_tracking":false,"_monsterinsights_sitenote_active":false,"_monsterinsights_sitenote_note":"","_monsterinsights_sitenote_category":0},"product_brand":[],"product_cat":[12291,12711],"product_tag":[],"class_list":{"0":"post-760892","1":"product","2":"type-product","3":"status-publish","5":"product_cat-edebiyat","6":"product_cat-roman-oyku","7":"pa_cilt-ciltsiz","8":"pa_tur-kitap","9":"pa_yayinevi-nemesis-kitap","10":"pa_yazar-cora-reilly","12":"first","13":"instock","14":"sale","15":"shipping-taxable","16":"purchasable","17":"product-type-simple"},"_links":{"self":[{"href":"https:\/\/roveyayinevi.com.tr\/index.php\/wp-json\/wp\/v2\/product\/760892","targetHints":{"allow":["GET"]}}],"collection":[{"href":"https:\/\/roveyayinevi.com.tr\/index.php\/wp-json\/wp\/v2\/product"}],"about":[{"href":"https:\/\/roveyayinevi.com.tr\/index.php\/wp-json\/wp\/v2\/types\/product"}],"wp:attachment":[{"href":"https:\/\/roveyayinevi.com.tr\/index.php\/wp-json\/wp\/v2\/media?parent=760892"}],"wp:term":[{"taxonomy":"product_brand","embeddable":true,"href":"https:\/\/roveyayinevi.com.tr\/index.php\/wp-json\/wp\/v2\/product_brand?post=760892"},{"taxonomy":"product_cat","embeddable":true,"href":"https:\/\/roveyayinevi.com.tr\/index.php\/wp-json\/wp\/v2\/product_cat?post=760892"},{"taxonomy":"product_tag","embeddable":true,"href":"https:\/\/roveyayinevi.com.tr\/index.php\/wp-json\/wp\/v2\/product_tag?post=760892"}],"curies":[{"name":"wp","href":"https:\/\/api.w.org\/{rel}","templated":true}]}}