{"id":760890,"date":"2025-08-28T09:20:45","date_gmt":"2025-08-28T06:20:45","guid":{"rendered":"https:\/\/roveyayinevi.com.tr\/index.php\/urun\/istanbulun-kayip-adasi-vordonisi\/"},"modified":"2026-04-16T03:13:36","modified_gmt":"2026-04-16T00:13:36","slug":"istanbulun-kayip-adasi-vordonisi","status":"publish","type":"product","link":"https:\/\/roveyayinevi.com.tr\/index.php\/urun\/istanbulun-kayip-adasi-vordonisi\/","title":{"rendered":"\u0130stanbul&#8217;un Kay\u0131p Adas\u0131 Vordonisi"},"content":{"rendered":"<p>Bug\u00fcn\u00fcn Hik\u00e2yesiGe\u00e7mi\u015fte Yaz\u0131l\u0131r&#8230; G\u00fcn\u00fcm\u00fczden yakla\u015f\u0131k bin y\u0131l \u00f6nceKonstantinopolis \u015fehrinde ya\u015fanan enb\u00fcy\u00fck felaketin ortas\u0131nda, ikinci bir\u015fansla yeni hayat\u0131na ba\u015flayan gen\u00e7 birk\u0131z\u0131n ya\u015famda kalmak i\u00e7in zorlug\u00f6revleri a\u015fmas\u0131 gerekecekti&#8230; 1010 y\u0131l\u0131 depremi \u015fehrin yar\u0131s\u0131n\u0131yutarken onu nas\u0131l bir kader bekliyordu? Geldi\u011fi gizemli Ada\u2019n\u0131n \u015fifac\u0131lara, k\u00e2hinlere ve sihirli okullara evsahipli\u011fi yapan s\u0131rlarla dolu bir yer olmas\u0131 ger\u00e7ek\u00fcst\u00fc olaylar\u0131nba\u015flayaca\u011f\u0131n\u0131n g\u00f6stergesiydi&#8230; Orta\u00e7a\u011f karanl\u0131\u011f\u0131ndan Bizans\u2019a yol al\u0131p, Ayasofya\u2019n\u0131n gizli t\u00fcnellerinekadar uzanan bu ser\u00fcvende, \u0131\u015f\u0131kla karanl\u0131\u011f\u0131n daha \u00f6nce benzerig\u00f6r\u00fclmemi\u015f sava\u015f\u0131nda kazanan kim olacakt\u0131? \u0130pek Kobaner, \u0130stanbul tarihinin ger\u00e7eklerini bir kurgu i\u00e7indeharmanlay\u0131p, okurunu ge\u00e7mi\u015fle gelecek aras\u0131nda gizemli bir yolculu\u011fadavet ediyor&#8230;<\/p>\n","protected":false},"excerpt":{"rendered":"<p>Bug\u00fcn\u00fcn Hik\u00e2yesiGe\u00e7mi\u015fte Yaz\u0131l\u0131r&#8230; G\u00fcn\u00fcm\u00fczden yakla\u015f\u0131k bin y\u0131l \u00f6nceKonstantinopolis \u015fehrinde ya\u015fanan enb\u00fcy\u00fck felaketin ortas\u0131nda, ikinci bir\u015fansla yeni hayat\u0131na ba\u015flayan gen\u00e7 birk\u0131z\u0131n ya\u015famda kalmak i\u00e7in zorlug\u00f6revleri a\u015fmas\u0131 gerekecekti&#8230;<span class=\"excerpt-hellip\"> [\u2026]<\/span><\/p>\n","protected":false},"featured_media":0,"template":"","meta":{"_monsterinsights_skip_tracking":false,"_monsterinsights_sitenote_active":false,"_monsterinsights_sitenote_note":"","_monsterinsights_sitenote_category":0},"product_brand":[],"product_cat":[12291,12745],"product_tag":[],"class_list":{"0":"post-760890","1":"product","2":"type-product","3":"status-publish","5":"product_cat-edebiyat","6":"product_cat-tarihi-roman","7":"pa_cilt-ciltsiz","8":"pa_tur-kitap","9":"pa_yayinevi-nemesis-kitap","10":"pa_yazar-ipek-kobaner","12":"first","13":"instock","14":"sale","15":"shipping-taxable","16":"purchasable","17":"product-type-simple"},"_links":{"self":[{"href":"https:\/\/roveyayinevi.com.tr\/index.php\/wp-json\/wp\/v2\/product\/760890","targetHints":{"allow":["GET"]}}],"collection":[{"href":"https:\/\/roveyayinevi.com.tr\/index.php\/wp-json\/wp\/v2\/product"}],"about":[{"href":"https:\/\/roveyayinevi.com.tr\/index.php\/wp-json\/wp\/v2\/types\/product"}],"wp:attachment":[{"href":"https:\/\/roveyayinevi.com.tr\/index.php\/wp-json\/wp\/v2\/media?parent=760890"}],"wp:term":[{"taxonomy":"product_brand","embeddable":true,"href":"https:\/\/roveyayinevi.com.tr\/index.php\/wp-json\/wp\/v2\/product_brand?post=760890"},{"taxonomy":"product_cat","embeddable":true,"href":"https:\/\/roveyayinevi.com.tr\/index.php\/wp-json\/wp\/v2\/product_cat?post=760890"},{"taxonomy":"product_tag","embeddable":true,"href":"https:\/\/roveyayinevi.com.tr\/index.php\/wp-json\/wp\/v2\/product_tag?post=760890"}],"curies":[{"name":"wp","href":"https:\/\/api.w.org\/{rel}","templated":true}]}}