{"id":760870,"date":"2025-08-28T09:20:10","date_gmt":"2025-08-28T06:20:10","guid":{"rendered":"https:\/\/roveyayinevi.com.tr\/index.php\/urun\/bay-balikci-jeremy-masali-8\/"},"modified":"2026-04-16T03:13:36","modified_gmt":"2026-04-16T00:13:36","slug":"bay-balikci-jeremy-masali-8","status":"publish","type":"product","link":"https:\/\/roveyayinevi.com.tr\/index.php\/urun\/bay-balikci-jeremy-masali-8\/","title":{"rendered":"Bay Bal\u0131k\u00e7\u0131 Jeremy Masal\u0131 8"},"content":{"rendered":"<p>Everest \u00c7ocuk, Beatrix Potter t\u00fcm d\u00fcnyan\u0131n kalbini kazanm\u0131\u015f masallar\u0131n\u0131, 24 ayr\u0131 kitaptan olu\u015fan \u00f6zel dizi halinde, titiz bir \u00e7eviriyle ve dilsel-g\u00f6rsel edit\u00f6rl\u00fck s\u00fcrecinden sonra bug\u00fcn\u00fcn \u00e7ocuklar\u0131na yeniden sunuyor. \u00c7ocuk edebiyat\u0131 \u00e7evresine ve e\u011fitim ortamlar\u0131na sundu\u011fumuz bu \u00f6zel dizi, masallar\u0131n sonsuza dek bizimle olmas\u0131 hayaline hizmet ediyor.  Bu masal dizisi, okul\u00f6ncesi \u00e7ocuklar\u0131n ellerine s\u0131\u011facak b\u00fcy\u00fckl\u00fckteki \u00f6zel bask\u0131s\u0131yla, ilkokul d\u00fczeyindeki \u00e7ocuklar\u0131n rahatl\u0131kla okuyup anlayabilece\u011fi bir \u00e7eviriyle okur kar\u015f\u0131s\u0131na \u00e7\u0131kt\u0131. Masallar eskimez ama onlar\u0131 arada bir elden ge\u00e7irmek gerekir; t\u0131pk\u0131 bizim i\u00e7in \u00f6zel ama y\u0131pranm\u0131\u015f bir elbiseyi giymek istedi\u011fimizde yapt\u0131\u011f\u0131m\u0131z gibi\u2026 Masallardan, ge\u00e7mi\u015fte do\u011fal kar\u015f\u0131lanan d\u00fc\u015fmanl\u0131klar\u0131, \u00f6tekile\u015ftirmeleri, \u015fiddeti silmek gerekir. B\u00f6ylece masallar\u0131n benzersiz kahramanlar\u0131 bize p\u0131r\u0131l p\u0131r\u0131l g\u00fcl\u00fcmsemeye devam edebilir. Mesela Beatrix Potter\u2019\u0131n tav\u015fanlar\u0131, sincaplar\u0131, \u00f6rdekleri, tilkileri\u2026. Bay McGregor&#8217;un bah\u00e7esinden sebze \u00e7alan ve ka\u00e7arken paltosunu ve ayakkab\u0131lar\u0131n\u0131 kaybeden yaramaz bir tav\u015fan\u0131 anlatan \u201cTav\u015fan Peter Masal\u0131\u201d (Peter Rabbit) 1900\u2019den bu yana raflarda kalarak 45 milyondan fazla satan bir edebiyat devi haline geldi\u2026 Potter, bu kitaptan ba\u015fka Jemima Puddle-Duck ve Benjamin Bunny gibi karakterler hakk\u0131nda 23 e\u015fsiz kitap daha yazd\u0131. Beatrix Potter\u2019\u0131n t\u00fcm masallar\u0131, \u015fiirleri ve notlar\u0131  Everest \u00c7ocuk\u2019ta \u015fu s\u0131rayla bas\u0131ld\u0131:1-Tav\u015fan Peter Masal\u01312-Sincap Cevizk\u0131ran Masal\u0131 3- Gloucester Terzisi Masal\u01314-Tav\u015fan Benjamin Masal\u01315- \u0130ki \u015ea\u015fk\u0131n Fare Masal\u01316- Bayan Ho\u015fdiken Masal\u01317- Turta ve \u00c7\u00f6rek Kal\u0131b\u0131 Masal\u01318- Bay Bal\u0131k\u00e7\u0131 Masal\u01319- Yaramaz Tav\u015fan Masal\u0131 10- Bayan Moppet Masal\u013111- Kedicik Tom Masal\u013112-Jemima Paytak \u00d6rdek Masal\u013113- Samuel Telb\u0131y\u0131k Masal\u013114- Yavru Pofuduklar Masal\u013115- Zencefil ve Tur\u015fu Masal\u013116- Bayan Minifare Masal\u013117-Timmy K\u00fc\u00e7\u00fckparmak Masal\u013118- Bay Tod Masal\u013119- Domuzcuk Bland Masal\u013120- Hayvan Dostlara \u015eiirler I 21- John \u015eehirfaresi Masal\u0131 22- Hayvan Dostlara \u015eiirler II23- K\u00fc\u00e7\u00fck Domuz Robinson Masal\u013124- Masallar i\u00e7in NotlarBu masallar sakarl\u0131k, yanl\u0131\u015f ad\u0131mlar ve k\u00f6t\u00fc \u015fans\u0131n sonu\u00e7lar\u0131 kadar dostlu\u011fu, payla\u015fmay\u0131, \u00e7al\u0131\u015fkanl\u0131\u011f\u0131 ve aile sevgisini anlat\u0131yor. <\/p>\n","protected":false},"excerpt":{"rendered":"<p>Everest \u00c7ocuk, Beatrix Potter t\u00fcm d\u00fcnyan\u0131n kalbini kazanm\u0131\u015f masallar\u0131n\u0131, 24 ayr\u0131 kitaptan olu\u015fan \u00f6zel dizi halinde, titiz bir \u00e7eviriyle ve dilsel-g\u00f6rsel edit\u00f6rl\u00fck s\u00fcrecinden sonra bug\u00fcn\u00fcn \u00e7ocuklar\u0131na<span class=\"excerpt-hellip\"> [\u2026]<\/span><\/p>\n","protected":false},"featured_media":0,"template":"","meta":{"_monsterinsights_skip_tracking":false,"_monsterinsights_sitenote_active":false,"_monsterinsights_sitenote_note":"","_monsterinsights_sitenote_category":0},"product_brand":[],"product_cat":[12274,12523],"product_tag":[],"class_list":{"0":"post-760870","1":"product","2":"type-product","3":"status-publish","5":"product_cat-cocuk-ve-genclik-kitaplari","6":"product_cat-masallar","7":"pa_cilt-ciltsiz","8":"pa_tur-kitap","9":"pa_yayinevi-everest-yayinlari","10":"pa_yazar-beatrix-potter","12":"first","13":"instock","14":"sale","15":"shipping-taxable","16":"purchasable","17":"product-type-simple"},"_links":{"self":[{"href":"https:\/\/roveyayinevi.com.tr\/index.php\/wp-json\/wp\/v2\/product\/760870","targetHints":{"allow":["GET"]}}],"collection":[{"href":"https:\/\/roveyayinevi.com.tr\/index.php\/wp-json\/wp\/v2\/product"}],"about":[{"href":"https:\/\/roveyayinevi.com.tr\/index.php\/wp-json\/wp\/v2\/types\/product"}],"wp:attachment":[{"href":"https:\/\/roveyayinevi.com.tr\/index.php\/wp-json\/wp\/v2\/media?parent=760870"}],"wp:term":[{"taxonomy":"product_brand","embeddable":true,"href":"https:\/\/roveyayinevi.com.tr\/index.php\/wp-json\/wp\/v2\/product_brand?post=760870"},{"taxonomy":"product_cat","embeddable":true,"href":"https:\/\/roveyayinevi.com.tr\/index.php\/wp-json\/wp\/v2\/product_cat?post=760870"},{"taxonomy":"product_tag","embeddable":true,"href":"https:\/\/roveyayinevi.com.tr\/index.php\/wp-json\/wp\/v2\/product_tag?post=760870"}],"curies":[{"name":"wp","href":"https:\/\/api.w.org\/{rel}","templated":true}]}}